{"id":2212,"date":"2016-02-10T11:59:21","date_gmt":"2016-02-10T09:59:21","guid":{"rendered":"https:\/\/smartpuller.com\/how-to-buy\/"},"modified":"2017-11-29T11:03:46","modified_gmt":"2017-11-29T09:03:46","slug":"como-comprar","status":"publish","type":"page","link":"https:\/\/smartpuller.com\/es\/contacto\/como-comprar\/","title":{"rendered":"Como comprar"},"content":{"rendered":"<h3>Precios<\/h3>\n<p>La informaci\u00f3n sobre los precios les facilita su distribuidor local. Los precios var\u00edan de un pa\u00eds a otro.<\/p>\n<h3>Distribuidores alrededor del mundo<\/h3>\n<p>SmartPuller tiene una red mundial de distribuidores autorizados. En caso de que Usted se encuentre en un pa\u00eds fuera de nuestra red de distribuidores, nosotros Autorobot Finland Oy como fabricante, le podemos despachar directamente. Tenemos un acuerdo con Servicio de Courier Internacional a unos precios atractivos y estamos en capacidad de despachar a todo el mundo.<\/p>\n<p>Para recibir la informaci\u00f3n con E-Mail sobre su distribuidor local, favor llenar el formulario abajo. En caso de que no tenga distribuidor en su \u00e1rea, Autorobot Oy en brevedad tomar\u00e1 contacto con Ustedes.<\/p>\n<form action=\"https:\/\/www.autorobot.com\/contact\/dealers\/response\" method=\"post\" name=\"lomake\"><input name=\"muoto\" type=\"hidden\" value=\"kuinkaostan_lomake\" \/><input name=\"muoto_lisa\" type=\"hidden\" value=\"es\" \/><\/p>\n<div class=\"kyselyloota\"><label>E-Mail <small>*<\/small><\/label><br \/>\n<input id=\"lomake_email\" name=\"email\" required=\"required\" type=\"text\" \/><\/div>\n<div class=\"kyselyloota\"><label>Pa\u00eds <small>*<\/small><\/label><br \/>\n<select id=\"lomake_country\" name=\"country\" required=\"required\"><option disabled=\"disabled\" selected=\"selected\" value=\"\">Select<\/option><option>Afghanistan<\/option><option>Albania<\/option><option>Algeria<\/option><option>American Samoa<\/option><option>Andorra<\/option><option>Angola<\/option><option>Anguilla<\/option><option>Antarctica<\/option><option>Antigua and Barbuda<\/option><option>Argentina<\/option><option>Armenia<\/option><option>Arctic Ocean<\/option><option>Aruba<\/option><option>Ashmore and Cartier Islands<\/option><option>Atlantic Ocean<\/option><option>Australia<\/option><option>Austria<\/option><option>Azerbaijan<\/option><option>Bahamas<\/option><option>Bahrain<\/option><option>Baker Island<\/option><option>Bangladesh<\/option><option>Barbados<\/option><option>Bassas da India<\/option><option>Belarus<\/option><option>Belgium<\/option><option>Belize<\/option><option>Benin<\/option><option>Bermuda<\/option><option>Bhutan<\/option><option>Bolivia<\/option><option>Bosnia and Herzegovina<\/option><option>Botswana<\/option><option>Bouvet Island<\/option><option>Brazil<\/option><option>British Virgin Islands<\/option><option>Brunei<\/option><option>Bulgaria<\/option><option>Burkina Faso<\/option><option>Burundi<\/option><option>Cambodia<\/option><option>Cameroon<\/option><option>Canada<\/option><option>Cape Verde<\/option><option>Cayman Islands<\/option><option>Central African Republic<\/option><option>Chad<\/option><option>Chile<\/option><option>China<\/option><option>Christmas Island<\/option><option>Clipperton Island<\/option><option>Cocos Islands<\/option><option>Colombia<\/option><option>Comoros<\/option><option>Cook Islands<\/option><option>Coral Sea Islands<\/option><option>Costa Rica<\/option><option>Cote d&#8217;Ivoire<\/option><option>Croatia<\/option><option>Cuba<\/option><option>Cyprus<\/option><option>Czech Republic<\/option><option>Denmark<\/option><option>Democratic Republic of the Congo<\/option><option>Djibouti<\/option><option>Dominica<\/option><option>Dominican Republic<\/option><option>East Timor<\/option><option>Ecuador<\/option><option>Egypt<\/option><option>El Salvador<\/option><option>Equatorial Guinea<\/option><option>Eritrea<\/option><option>Estonia<\/option><option>Ethiopia<\/option><option>Europa Island<\/option><option>Falkland Islands (Islas Malvinas)<\/option><option>Faroe Islands<\/option><option>Fiji<\/option><option>Finland<\/option><option>France<\/option><option>French Guiana<\/option><option>French Polynesia<\/option><option>French Southern and Antarctic Lands<\/option><option>Gabon<\/option><option>Gambia<\/option><option>Gaza Strip<\/option><option>Georgia<\/option><option>Germany<\/option><option>Ghana<\/option><option>Gibraltar<\/option><option>Glorioso Islands<\/option><option>Greece<\/option><option>Greenland<\/option><option>Grenada<\/option><option>Guadeloupe<\/option><option>Guam<\/option><option>Guatemala<\/option><option>Guernsey<\/option><option>Guinea<\/option><option>Guinea-Bissau<\/option><option>Guyana<\/option><option>Haiti<\/option><option>Heard Island and McDonald Islands<\/option><option>Honduras<\/option><option>Hong Kong<\/option><option>Howland Island<\/option><option>Hungary<\/option><option>Iceland<\/option><option>India<\/option><option>Indian Ocean<\/option><option>Indonesia<\/option><option>Iran<\/option><option>Iraq<\/option><option>Ireland<\/option><option>Isle of Man<\/option><option>Israel<\/option><option>Italy<\/option><option>Jamaica<\/option><option>Jan Mayen<\/option><option>Japan<\/option><option>Jarvis Island<\/option><option>Jersey<\/option><option>Johnston Atoll<\/option><option>Jordan<\/option><option>Juan de Nova Island<\/option><option>Kazakhstan<\/option><option>Kenya<\/option><option>Kingman Reef<\/option><option>Kiribati<\/option><option>Kerguelen Archipelago<\/option><option>Kuwait<\/option><option>Kyrgyzstan<\/option><option>Laos<\/option><option>Latvia<\/option><option>Lebanon<\/option><option>Lesotho<\/option><option>Liberia<\/option><option>Libya<\/option><option>Liechtenstein<\/option><option>Lithuania<\/option><option>Luxembourg<\/option><option>Macau<\/option><option>Macedonia<\/option><option>Madagascar<\/option><option>Malawi<\/option><option>Malaysia<\/option><option>Maldives<\/option><option>Mali<\/option><option>Malta<\/option><option>Marshall Islands<\/option><option>Martinique<\/option><option>Mauritania<\/option><option>Mauritius<\/option><option>Mayotte<\/option><option>Mexico<\/option><option>Micronesia<\/option><option>Midway Islands<\/option><option>Moldova<\/option><option>Monaco<\/option><option>Mongolia<\/option><option>Montenegro<\/option><option>Montserrat<\/option><option>Morocco<\/option><option>Mozambique<\/option><option>Myanmar<\/option><option>Namibia<\/option><option>Nauru<\/option><option>Navassa Island<\/option><option>Nepal<\/option><option>Netherlands Antilles<\/option><option>New Caledonia<\/option><option>New Zealand<\/option><option>Nicaragua<\/option><option>Niger<\/option><option>Nigeria<\/option><option>Niue<\/option><option>Norfolk Island<\/option><option>North Korea<\/option><option>Northern Mariana Islands<\/option><option>Norway<\/option><option>Oman<\/option><option>Pacific Ocean<\/option><option>Pakistan<\/option><option>Palau<\/option><option>Palmyra Atoll<\/option><option>Panama<\/option><option>Papua New Guinea<\/option><option>Paracel Islands<\/option><option>Paraguay<\/option><option>Peru<\/option><option>Philippines<\/option><option>Pitcairn Islands<\/option><option>Poland<\/option><option>Portugal<\/option><option>Puerto Rico<\/option><option>Qatar<\/option><option>Reunion<\/option><option>Republic of the Congo<\/option><option>Romania<\/option><option>Russia<\/option><option>Rwanda<\/option><option>Saint Helena<\/option><option>Saint Kitts and Nevis<\/option><option>Saint Lucia<\/option><option>Saint Pierre and Miquelon<\/option><option>Saint Vincent and the Grenadines<\/option><option>Samoa<\/option><option>San Marino<\/option><option>Sao Tome and Principe<\/option><option>Saudi Arabia<\/option><option>Senegal<\/option><option>Serbia<\/option><option>Seychelles<\/option><option>Sierra Leone<\/option><option>Singapore<\/option><option>Slovakia<\/option><option>Slovenia<\/option><option>Solomon Islands<\/option><option>Somalia<\/option><option>South Africa<\/option><option>South Georgia and the South Sandwich Islands<\/option><option>South Korea<\/option><option>Spain<\/option><option>Spratly Islands<\/option><option>Sri Lanka<\/option><option>Sudan<\/option><option>Suriname<\/option><option>Svalbard<\/option><option>Swaziland<\/option><option>Sweden<\/option><option>Switzerland<\/option><option>Syria<\/option><option>Taiwan<\/option><option>Tajikistan<\/option><option>Tanzania<\/option><option>Thailand<\/option><option>The Netherlands<\/option><option>Togo<\/option><option>Tokelau<\/option><option>Tonga<\/option><option>Trinidad and Tobago<\/option><option>Tromelin Island<\/option><option>Tunisia<\/option><option>Turkey<\/option><option>Turkmenistan<\/option><option>Turks and Caicos Islands<\/option><option>Tuvalu<\/option><option>Uganda<\/option><option>Ukraine<\/option><option>UAE<\/option><option>United Kingdom<\/option><option>U.S.A.<\/option><option>Uruguay<\/option><option>Uzbekistan<\/option><option>Vanuatu<\/option><option>Venezuela<\/option><option>Viet Nam<\/option><option>Virgin Islands<\/option><option>Wake Island<\/option><option>Wallis and Futuna<\/option><option>West Bank<\/option><option>Western Sahara<\/option><option>Yemen<\/option><option>Yugoslavia<\/option><option>Zambia<\/option><option>Zimbabwe<\/option><\/select><\/div>\n<div class=\"kyselylootan_kauppaloota\">\n<div id=\"shopnote\" class=\"accessories_area\" style=\"display: none;\"><b>We also have webshop available in <span id=\"selectedcntry\">the selected country<\/span>, <a href=\"https:\/\/smartpuller.com\/shop\/\">visit it here.<\/a><\/b>\n<\/div>\n<\/div>\n<div class=\"kyselyloota\"><label>Nombre <small>*<\/small><\/label><br \/>\n<input id=\"lomake_name\" name=\"nimi\" required=\"required\" type=\"text\" \/><\/div>\n<div class=\"kyselyloota\"><label>Compa\u00f1\u00eda<\/label><br \/>\n<input id=\"lomake_company\" name=\"yritys\" type=\"text\" \/><\/div>\n<div class=\"kyselyloota\"><label>Direcci\u00f3n<\/label><br \/>\n<input id=\"lomake_address\" name=\"streetaddress\" type=\"text\" \/><\/div>\n<div class=\"kyselyloota\"><label>Ciudad y Codigo Postal<\/label><br \/>\n<input id=\"lomake_cityzip\" name=\"cityzipcode\" type=\"text\" \/><\/div>\n<div class=\"kyselyloota\"><label>Estado<\/label><br \/>\n<input name=\"state\" type=\"text\" \/><\/div>\n<div class=\"kyselyloota\"><label>Telf.<\/label><br \/>\n<input name=\"puhelin\" type=\"text\" \/><\/div>\n<div class=\"kyselylootan_box\"><label><input name=\"jalleenmyyja\" type=\"checkbox\" value=\"by_email\" \/> Tilde aqu\u00ed en caso de que est\u00e9 interesado en funcionar como distribuidor nuestro.<\/label><\/div>\n<p><input type=\"submit\" value=\"Enviar\" \/><\/p>\n<\/form>\n<p>* Requerido<\/p>\n","protected":false},"excerpt":{"rendered":"<p>Precios La informaci\u00f3n sobre los precios les facilita su distribuidor local. Los precios var\u00edan de un pa\u00eds a otro. Distribuidores alrededor del mundo SmartPuller tiene una red mundial de distribuidores autorizados. En caso de que Usted se encuentre en un pa\u00eds fuera de nuestra red de distribuidores, nosotros Autorobot Finland Oy como fabricante, le podemos [&hellip;]<\/p>\n","protected":false},"author":101,"featured_media":0,"parent":2215,"menu_order":510,"comment_status":"closed","ping_status":"closed","template":"","meta":{"_genesis_hide_title":false,"_genesis_hide_breadcrumbs":false,"_genesis_hide_singular_image":false,"_genesis_hide_footer_widgets":false,"_genesis_custom_body_class":"","_genesis_custom_post_class":"","_genesis_layout":"","footnotes":""},"class_list":{"0":"post-2212","1":"page","2":"type-page","3":"status-publish","5":"entry"},"yoast_head":"<!-- This site is optimized with the Yoast SEO plugin v27.4 - https:\/\/yoast.com\/product\/yoast-seo-wordpress\/ -->\n<title>Como comprar<\/title>\n<meta name=\"description\" content=\"La informaci\u00f3n sobre los precios les facilita su distribuidor local. Los precios var\u00edan de un pa\u00eds a otro.\" \/>\n<meta name=\"robots\" content=\"index, follow, max-snippet:-1, max-image-preview:large, max-video-preview:-1\" \/>\n<link rel=\"canonical\" href=\"https:\/\/smartpuller.com\/es\/contacto\/como-comprar\/\" \/>\n<meta property=\"og:locale\" content=\"es_ES\" \/>\n<meta property=\"og:type\" content=\"article\" \/>\n<meta property=\"og:title\" content=\"Como comprar\" \/>\n<meta property=\"og:description\" content=\"La informaci\u00f3n sobre los precios les facilita su distribuidor local. Los precios var\u00edan de un pa\u00eds a otro.\" \/>\n<meta property=\"og:url\" content=\"https:\/\/smartpuller.com\/es\/contacto\/como-comprar\/\" \/>\n<meta property=\"og:site_name\" content=\"SmartPuller\" \/>\n<meta property=\"article:publisher\" content=\"https:\/\/www.facebook.com\/smartpuller\/\" \/>\n<meta property=\"article:modified_time\" content=\"2017-11-29T09:03:46+00:00\" \/>\n<meta name=\"twitter:card\" content=\"summary_large_image\" \/>\n<meta name=\"twitter:label1\" content=\"Tiempo de lectura\" \/>\n\t<meta name=\"twitter:data1\" content=\"3 minutos\" \/>\n<script type=\"application\/ld+json\" class=\"yoast-schema-graph\">{\"@context\":\"https:\\\/\\\/schema.org\",\"@graph\":[{\"@type\":\"WebPage\",\"@id\":\"https:\\\/\\\/smartpuller.com\\\/es\\\/contacto\\\/como-comprar\\\/\",\"url\":\"https:\\\/\\\/smartpuller.com\\\/es\\\/contacto\\\/como-comprar\\\/\",\"name\":\"Como comprar\",\"isPartOf\":{\"@id\":\"https:\\\/\\\/smartpuller.com\\\/fi\\\/#website\"},\"datePublished\":\"2016-02-10T09:59:21+00:00\",\"dateModified\":\"2017-11-29T09:03:46+00:00\",\"description\":\"La informaci\u00f3n sobre los precios les facilita su distribuidor local. Los precios var\u00edan de un pa\u00eds a otro.\",\"breadcrumb\":{\"@id\":\"https:\\\/\\\/smartpuller.com\\\/es\\\/contacto\\\/como-comprar\\\/#breadcrumb\"},\"inLanguage\":\"es\",\"potentialAction\":[{\"@type\":\"ReadAction\",\"target\":[\"https:\\\/\\\/smartpuller.com\\\/es\\\/contacto\\\/como-comprar\\\/\"]}]},{\"@type\":\"BreadcrumbList\",\"@id\":\"https:\\\/\\\/smartpuller.com\\\/es\\\/contacto\\\/como-comprar\\\/#breadcrumb\",\"itemListElement\":[{\"@type\":\"ListItem\",\"position\":1,\"name\":\"Home\",\"item\":\"https:\\\/\\\/smartpuller.com\\\/es\\\/\"},{\"@type\":\"ListItem\",\"position\":2,\"name\":\"Contacto\",\"item\":\"https:\\\/\\\/smartpuller.com\\\/es\\\/contacto\\\/\"},{\"@type\":\"ListItem\",\"position\":3,\"name\":\"Como comprar\"}]},{\"@type\":\"WebSite\",\"@id\":\"https:\\\/\\\/smartpuller.com\\\/fi\\\/#website\",\"url\":\"https:\\\/\\\/smartpuller.com\\\/fi\\\/\",\"name\":\"SmartPuller\",\"description\":\"SmartPuller\",\"potentialAction\":[{\"@type\":\"SearchAction\",\"target\":{\"@type\":\"EntryPoint\",\"urlTemplate\":\"https:\\\/\\\/smartpuller.com\\\/fi\\\/?s={search_term_string}\"},\"query-input\":{\"@type\":\"PropertyValueSpecification\",\"valueRequired\":true,\"valueName\":\"search_term_string\"}}],\"inLanguage\":\"es\"}]}<\/script>\n<!-- \/ Yoast SEO plugin. -->","yoast_head_json":{"title":"Como comprar","description":"La informaci\u00f3n sobre los precios les facilita su distribuidor local. Los precios var\u00edan de un pa\u00eds a otro.","robots":{"index":"index","follow":"follow","max-snippet":"max-snippet:-1","max-image-preview":"max-image-preview:large","max-video-preview":"max-video-preview:-1"},"canonical":"https:\/\/smartpuller.com\/es\/contacto\/como-comprar\/","og_locale":"es_ES","og_type":"article","og_title":"Como comprar","og_description":"La informaci\u00f3n sobre los precios les facilita su distribuidor local. Los precios var\u00edan de un pa\u00eds a otro.","og_url":"https:\/\/smartpuller.com\/es\/contacto\/como-comprar\/","og_site_name":"SmartPuller","article_publisher":"https:\/\/www.facebook.com\/smartpuller\/","article_modified_time":"2017-11-29T09:03:46+00:00","twitter_card":"summary_large_image","twitter_misc":{"Tiempo de lectura":"3 minutos"},"schema":{"@context":"https:\/\/schema.org","@graph":[{"@type":"WebPage","@id":"https:\/\/smartpuller.com\/es\/contacto\/como-comprar\/","url":"https:\/\/smartpuller.com\/es\/contacto\/como-comprar\/","name":"Como comprar","isPartOf":{"@id":"https:\/\/smartpuller.com\/fi\/#website"},"datePublished":"2016-02-10T09:59:21+00:00","dateModified":"2017-11-29T09:03:46+00:00","description":"La informaci\u00f3n sobre los precios les facilita su distribuidor local. Los precios var\u00edan de un pa\u00eds a otro.","breadcrumb":{"@id":"https:\/\/smartpuller.com\/es\/contacto\/como-comprar\/#breadcrumb"},"inLanguage":"es","potentialAction":[{"@type":"ReadAction","target":["https:\/\/smartpuller.com\/es\/contacto\/como-comprar\/"]}]},{"@type":"BreadcrumbList","@id":"https:\/\/smartpuller.com\/es\/contacto\/como-comprar\/#breadcrumb","itemListElement":[{"@type":"ListItem","position":1,"name":"Home","item":"https:\/\/smartpuller.com\/es\/"},{"@type":"ListItem","position":2,"name":"Contacto","item":"https:\/\/smartpuller.com\/es\/contacto\/"},{"@type":"ListItem","position":3,"name":"Como comprar"}]},{"@type":"WebSite","@id":"https:\/\/smartpuller.com\/fi\/#website","url":"https:\/\/smartpuller.com\/fi\/","name":"SmartPuller","description":"SmartPuller","potentialAction":[{"@type":"SearchAction","target":{"@type":"EntryPoint","urlTemplate":"https:\/\/smartpuller.com\/fi\/?s={search_term_string}"},"query-input":{"@type":"PropertyValueSpecification","valueRequired":true,"valueName":"search_term_string"}}],"inLanguage":"es"}]}},"_links":{"self":[{"href":"https:\/\/smartpuller.com\/es\/wp-json\/wp\/v2\/pages\/2212","targetHints":{"allow":["GET"]}}],"collection":[{"href":"https:\/\/smartpuller.com\/es\/wp-json\/wp\/v2\/pages"}],"about":[{"href":"https:\/\/smartpuller.com\/es\/wp-json\/wp\/v2\/types\/page"}],"author":[{"embeddable":true,"href":"https:\/\/smartpuller.com\/es\/wp-json\/wp\/v2\/users\/101"}],"replies":[{"embeddable":true,"href":"https:\/\/smartpuller.com\/es\/wp-json\/wp\/v2\/comments?post=2212"}],"version-history":[{"count":0,"href":"https:\/\/smartpuller.com\/es\/wp-json\/wp\/v2\/pages\/2212\/revisions"}],"up":[{"embeddable":true,"href":"https:\/\/smartpuller.com\/es\/wp-json\/wp\/v2\/pages\/2215"}],"wp:attachment":[{"href":"https:\/\/smartpuller.com\/es\/wp-json\/wp\/v2\/media?parent=2212"}],"curies":[{"name":"wp","href":"https:\/\/api.w.org\/{rel}","templated":true}]}}