{"id":2197,"date":"2016-01-13T11:20:46","date_gmt":"2016-01-13T09:20:46","guid":{"rendered":"https:\/\/smartpuller.com\/dent-pulling-areas\/dent-pulling\/"},"modified":"2017-11-13T10:36:41","modified_gmt":"2017-11-13T08:36:41","slug":"otros-enderezamientos","status":"publish","type":"page","link":"https:\/\/smartpuller.com\/es\/areas-de-enderezamiento\/otros-enderezamientos\/","title":{"rendered":"Otros enderezamientos"},"content":{"rendered":"<div id=\"pl-2197\"  class=\"panel-layout\" ><div id=\"pg-2197-0\"  class=\"panel-grid panel-no-style\" ><div id=\"pgc-2197-0-0\"  class=\"panel-grid-cell\" ><div id=\"panel-2197-0-0-0\" class=\"so-panel widget widget_sow-editor panel-first-child panel-last-child\" data-index=\"0\" ><div\n\t\t\t\n\t\t\tclass=\"so-widget-sow-editor so-widget-sow-editor-base\"\n\t\t\t\n\t\t>\n<div class=\"siteorigin-widget-tinymce textwidget\">\n\t<p><em>El brazo de los soportes (1) de SmartPuller se coloca en las partes fuertes de la carrocer\u00eda para lograr los mejores resultados de enderezado. La l\u00ednea de enderezado se elige libremente.<\/em><\/p>\n<p><a href=\"https:\/\/smartpuller.com\/\/wp-content\/uploads\/2016\/01\/smartpuller-dent-pulling_picture2.jpg\" rel=\"attachment wp-att-519 lightbox\" data-rel=\"lightbox-image-0\" data-rl_title=\"\" data-rl_caption=\"\" title=\"\"><img loading=\"lazy\" decoding=\"async\" src=\"https:\/\/smartpuller.com\/\/wp-content\/uploads\/2016\/01\/smartpuller-dent-pulling_picture2.jpg\" alt=\"smartpuller-dent-pulling_picture2\" width=\"1000\" height=\"833\" class=\"alignnone size-full wp-image-519\" srcset=\"https:\/\/smartpuller.com\/wp-content\/uploads\/2016\/01\/smartpuller-dent-pulling_picture2.jpg 1000w, https:\/\/smartpuller.com\/wp-content\/uploads\/2016\/01\/smartpuller-dent-pulling_picture2-600x500.jpg 600w, https:\/\/smartpuller.com\/wp-content\/uploads\/2016\/01\/smartpuller-dent-pulling_picture2-300x250.jpg 300w, https:\/\/smartpuller.com\/wp-content\/uploads\/2016\/01\/smartpuller-dent-pulling_picture2-768x640.jpg 768w\" sizes=\"auto, (max-width: 1000px) 100vw, 1000px\" \/><\/a><\/p>\n<\/div>\n<\/div><\/div><\/div><div id=\"pgc-2197-0-1\"  class=\"panel-grid-cell\" ><div id=\"panel-2197-0-1-0\" class=\"so-panel widget widget_sow-editor panel-first-child panel-last-child\" data-index=\"1\" ><div\n\t\t\t\n\t\t\tclass=\"so-widget-sow-editor so-widget-sow-editor-base\"\n\t\t\t\n\t\t>\n<div class=\"siteorigin-widget-tinymce textwidget\">\n\t<p><a href=\"https:\/\/smartpuller.com\/\/wp-content\/uploads\/2016\/01\/smartpuller-dent-pulling_picture1.jpg\" rel=\"attachment wp-att-517 lightbox\" data-rel=\"lightbox-image-1\" data-rl_title=\"\" data-rl_caption=\"\" title=\"\"><img loading=\"lazy\" decoding=\"async\" src=\"https:\/\/smartpuller.com\/\/wp-content\/uploads\/2016\/01\/smartpuller-dent-pulling_picture1.jpg\" alt=\"smartpuller-dent-pulling_picture1\" width=\"1000\" height=\"984\" class=\"alignnone size-full wp-image-517\" srcset=\"https:\/\/smartpuller.com\/wp-content\/uploads\/2016\/01\/smartpuller-dent-pulling_picture1.jpg 1000w, https:\/\/smartpuller.com\/wp-content\/uploads\/2016\/01\/smartpuller-dent-pulling_picture1-600x590.jpg 600w, https:\/\/smartpuller.com\/wp-content\/uploads\/2016\/01\/smartpuller-dent-pulling_picture1-300x295.jpg 300w, https:\/\/smartpuller.com\/wp-content\/uploads\/2016\/01\/smartpuller-dent-pulling_picture1-768x756.jpg 768w\" sizes=\"auto, (max-width: 1000px) 100vw, 1000px\" \/><\/a><\/p>\n<\/div>\n<\/div><\/div><\/div><\/div><div id=\"pg-2197-1\"  class=\"panel-grid panel-no-style\" ><div id=\"pgc-2197-1-0\"  class=\"panel-grid-cell\" ><div id=\"panel-2197-1-0-0\" class=\"so-panel widget widget_sow-editor panel-first-child panel-last-child\" data-index=\"2\" ><div\n\t\t\t\n\t\t\tclass=\"so-widget-sow-editor so-widget-sow-editor-base\"\n\t\t\t\n\t\t>\n<div class=\"siteorigin-widget-tinymce textwidget\">\n\t<p><a href=\"https:\/\/smartpuller.com\/\/wp-content\/uploads\/2016\/01\/smartpuller-dent-pulling_picture3.jpg\" rel=\"attachment wp-att-521 lightbox\" data-rel=\"lightbox-image-2\" data-rl_title=\"\" data-rl_caption=\"\" title=\"\"><img loading=\"lazy\" decoding=\"async\" src=\"https:\/\/smartpuller.com\/\/wp-content\/uploads\/2016\/01\/smartpuller-dent-pulling_picture3.jpg\" alt=\"smartpuller-dent-pulling_picture3\" width=\"1000\" height=\"750\" class=\"alignnone size-full wp-image-521\" srcset=\"https:\/\/smartpuller.com\/wp-content\/uploads\/2016\/01\/smartpuller-dent-pulling_picture3.jpg 1000w, https:\/\/smartpuller.com\/wp-content\/uploads\/2016\/01\/smartpuller-dent-pulling_picture3-600x450.jpg 600w, https:\/\/smartpuller.com\/wp-content\/uploads\/2016\/01\/smartpuller-dent-pulling_picture3-300x225.jpg 300w, https:\/\/smartpuller.com\/wp-content\/uploads\/2016\/01\/smartpuller-dent-pulling_picture3-768x576.jpg 768w\" sizes=\"auto, (max-width: 1000px) 100vw, 1000px\" \/><\/a><\/p>\n<\/div>\n<\/div><\/div><\/div><div id=\"pgc-2197-1-1\"  class=\"panel-grid-cell\" ><div id=\"panel-2197-1-1-0\" class=\"so-panel widget widget_sow-editor panel-first-child panel-last-child\" data-index=\"3\" ><div\n\t\t\t\n\t\t\tclass=\"so-widget-sow-editor so-widget-sow-editor-base\"\n\t\t\t\n\t\t>\n<div class=\"siteorigin-widget-tinymce textwidget\">\n\t<p><a href=\"https:\/\/smartpuller.com\/\/wp-content\/uploads\/2016\/01\/smartpuller-dent-pulling_picture4.jpg\" rel=\"attachment wp-att-523 lightbox\" data-rel=\"lightbox-image-3\" data-rl_title=\"\" data-rl_caption=\"\" title=\"\"><img loading=\"lazy\" decoding=\"async\" class=\"alignnone size-full wp-image-523\" src=\"https:\/\/smartpuller.com\/\/wp-content\/uploads\/2016\/01\/smartpuller-dent-pulling_picture4.jpg\" alt=\"smartpuller-dent-pulling_picture4\" width=\"1000\" height=\"1015\" srcset=\"https:\/\/smartpuller.com\/wp-content\/uploads\/2016\/01\/smartpuller-dent-pulling_picture4.jpg 1000w, https:\/\/smartpuller.com\/wp-content\/uploads\/2016\/01\/smartpuller-dent-pulling_picture4-600x609.jpg 600w, https:\/\/smartpuller.com\/wp-content\/uploads\/2016\/01\/smartpuller-dent-pulling_picture4-296x300.jpg 296w, https:\/\/smartpuller.com\/wp-content\/uploads\/2016\/01\/smartpuller-dent-pulling_picture4-768x780.jpg 768w\" sizes=\"auto, (max-width: 1000px) 100vw, 1000px\" \/><\/a><\/p>\n<\/div>\n<\/div><\/div><\/div><\/div><div id=\"pg-2197-2\"  class=\"panel-grid panel-no-style\" ><div id=\"pgc-2197-2-0\"  class=\"panel-grid-cell\" ><div id=\"panel-2197-2-0-0\" class=\"so-panel widget widget_sow-editor panel-first-child panel-last-child\" data-index=\"4\" ><div\n\t\t\t\n\t\t\tclass=\"so-widget-sow-editor so-widget-sow-editor-base\"\n\t\t\t\n\t\t>\n<div class=\"siteorigin-widget-tinymce textwidget\">\n\t<p><em>El brazo de los soportes se ajusta f\u00e1cilmente en la barra vertical (2) igual como los soportes de goma hacia abajo, lo cual permite escoger la direcci\u00f3n correcta de la tracci\u00f3n . La determinaci\u00f3n de la l\u00ednea del tiro sin escala agiliza a los enderezamientos.<\/em><\/p>\n<p><a href=\"https:\/\/smartpuller.com\/\/wp-content\/uploads\/2016\/01\/smartpuller-dent-pulling_picture5.jpg\" rel=\"attachment wp-att-525 lightbox\" data-rel=\"lightbox-image-4\" data-rl_title=\"\" data-rl_caption=\"\" title=\"\"><img loading=\"lazy\" decoding=\"async\" src=\"https:\/\/smartpuller.com\/\/wp-content\/uploads\/2016\/01\/smartpuller-dent-pulling_picture5.jpg\" alt=\"smartpuller-dent-pulling_picture5\" width=\"1000\" height=\"753\" class=\"alignnone size-full wp-image-525\" srcset=\"https:\/\/smartpuller.com\/wp-content\/uploads\/2016\/01\/smartpuller-dent-pulling_picture5.jpg 1000w, https:\/\/smartpuller.com\/wp-content\/uploads\/2016\/01\/smartpuller-dent-pulling_picture5-600x452.jpg 600w, https:\/\/smartpuller.com\/wp-content\/uploads\/2016\/01\/smartpuller-dent-pulling_picture5-300x226.jpg 300w, https:\/\/smartpuller.com\/wp-content\/uploads\/2016\/01\/smartpuller-dent-pulling_picture5-768x578.jpg 768w\" sizes=\"auto, (max-width: 1000px) 100vw, 1000px\" \/><\/a><br \/>\n<em>A SmartPuller se puede instalar varios ganchos MultiSpot A-11+3 y el enderezado alcanza simult\u00e1neamente una \u00e1rea grande, lo cual agiliza el arreglo de un da\u00f1o extenso (ver la imagen).<\/em><\/p>\n<div id='gallery-1' class='gallery galleryid-2197 gallery-columns-2 gallery-size-medium'><figure class='gallery-item'>\n\t\t\t<div class='gallery-icon landscape'>\n\t\t\t\t<a href='https:\/\/smartpuller.com\/wp-content\/uploads\/2016\/01\/smartpuller-dent-pulling_picture6.jpg' title=\"\" data-rl_title=\"\" class=\"rl-gallery-link\" data-rl_caption=\"\" data-rel=\"lightbox-gallery-1\"><img loading=\"lazy\" decoding=\"async\" width=\"300\" height=\"225\" src=\"https:\/\/smartpuller.com\/wp-content\/uploads\/2016\/01\/smartpuller-dent-pulling_picture6.jpg\" class=\"attachment-medium size-medium\" alt=\"\" srcset=\"https:\/\/smartpuller.com\/wp-content\/uploads\/2016\/01\/smartpuller-dent-pulling_picture6.jpg 1000w, https:\/\/smartpuller.com\/wp-content\/uploads\/2016\/01\/smartpuller-dent-pulling_picture6-600x449.jpg 600w\" sizes=\"auto, (max-width: 300px) 100vw, 300px\" \/><\/a>\n\t\t\t<\/div><\/figure>\n\t\t<\/div>\n\n<p><a href=\"https:\/\/smartpuller.com\/es\/equipos-e-implementos\/\">\u00bb Equipos e implementos<\/a><br \/>\n<a href=\"https:\/\/smartpuller.com\/es\/promocion\/\">\u00bb Promoci\u00f3n<\/a><\/p>\n<div class=\"nappilinkki\"><a href=\"https:\/\/smartpuller.com\/es\/contacto\/\">Contacto<\/a><\/div>\n<\/div>\n<\/div><\/div><\/div><\/div><\/div>","protected":false},"excerpt":{"rendered":"<p>El brazo de los soportes (1) de SmartPuller se coloca en las partes fuertes de la carrocer\u00eda para lograr los mejores resultados de enderezado. La l\u00ednea de enderezado se elige libremente.<\/p>\n","protected":false},"author":101,"featured_media":0,"parent":2141,"menu_order":270,"comment_status":"closed","ping_status":"closed","template":"","meta":{"_genesis_hide_title":false,"_genesis_hide_breadcrumbs":false,"_genesis_hide_singular_image":false,"_genesis_hide_footer_widgets":false,"_genesis_custom_body_class":"","_genesis_custom_post_class":"","_genesis_layout":"","footnotes":""},"class_list":{"0":"post-2197","1":"page","2":"type-page","3":"status-publish","5":"entry","6":"has-post-thumbnail"},"yoast_head":"<!-- This site is optimized with the Yoast SEO plugin v27.4 - https:\/\/yoast.com\/product\/yoast-seo-wordpress\/ -->\n<title>Dent pulling with SmartPuller dent pulling equipment<\/title>\n<meta name=\"description\" content=\"The straightening support of SmartPuller is placed on the strong body area to achieve the best possible dent pulling result. Dent pulling direction can be freely chosen.\" \/>\n<meta name=\"robots\" content=\"noindex, follow\" \/>\n<meta property=\"og:locale\" content=\"es_ES\" \/>\n<meta property=\"og:type\" content=\"article\" \/>\n<meta property=\"og:title\" content=\"Dent pulling with SmartPuller dent pulling equipment\" \/>\n<meta property=\"og:description\" content=\"The straightening support of SmartPuller is placed on the strong body area to achieve the best possible dent pulling result. Dent pulling direction can be freely chosen.\" \/>\n<meta property=\"og:url\" content=\"https:\/\/smartpuller.com\/es\/areas-de-enderezamiento\/otros-enderezamientos\/\" \/>\n<meta property=\"og:site_name\" content=\"SmartPuller\" \/>\n<meta property=\"article:publisher\" content=\"https:\/\/www.facebook.com\/smartpuller\/\" \/>\n<meta property=\"article:modified_time\" content=\"2017-11-13T08:36:41+00:00\" \/>\n<meta property=\"og:image\" content=\"https:\/\/smartpuller.com\/wp-content\/uploads\/2016\/01\/smartpuller-dent-pulling_picture6.jpg\" \/>\n<meta name=\"twitter:card\" content=\"summary_large_image\" \/>\n<meta name=\"twitter:label1\" content=\"Tiempo de lectura\" \/>\n\t<meta name=\"twitter:data1\" content=\"1 minuto\" \/>\n<script type=\"application\/ld+json\" class=\"yoast-schema-graph\">{\"@context\":\"https:\\\/\\\/schema.org\",\"@graph\":[{\"@type\":\"WebPage\",\"@id\":\"https:\\\/\\\/smartpuller.com\\\/es\\\/areas-de-enderezamiento\\\/otros-enderezamientos\\\/\",\"url\":\"https:\\\/\\\/smartpuller.com\\\/es\\\/areas-de-enderezamiento\\\/otros-enderezamientos\\\/\",\"name\":\"Dent pulling with SmartPuller dent pulling equipment\",\"isPartOf\":{\"@id\":\"https:\\\/\\\/smartpuller.com\\\/fi\\\/#website\"},\"primaryImageOfPage\":{\"@id\":\"https:\\\/\\\/smartpuller.com\\\/es\\\/areas-de-enderezamiento\\\/otros-enderezamientos\\\/#primaryimage\"},\"image\":{\"@id\":\"https:\\\/\\\/smartpuller.com\\\/es\\\/areas-de-enderezamiento\\\/otros-enderezamientos\\\/#primaryimage\"},\"thumbnailUrl\":\"https:\\\/\\\/smartpuller.com\\\/\\\/wp-content\\\/uploads\\\/2016\\\/01\\\/smartpuller-dent-pulling_picture2.jpg\",\"datePublished\":\"2016-01-13T09:20:46+00:00\",\"dateModified\":\"2017-11-13T08:36:41+00:00\",\"description\":\"The straightening support of SmartPuller is placed on the strong body area to achieve the best possible dent pulling result. Dent pulling direction can be freely chosen.\",\"breadcrumb\":{\"@id\":\"https:\\\/\\\/smartpuller.com\\\/es\\\/areas-de-enderezamiento\\\/otros-enderezamientos\\\/#breadcrumb\"},\"inLanguage\":\"es\",\"potentialAction\":[{\"@type\":\"ReadAction\",\"target\":[\"https:\\\/\\\/smartpuller.com\\\/es\\\/areas-de-enderezamiento\\\/otros-enderezamientos\\\/\"]}]},{\"@type\":\"ImageObject\",\"inLanguage\":\"es\",\"@id\":\"https:\\\/\\\/smartpuller.com\\\/es\\\/areas-de-enderezamiento\\\/otros-enderezamientos\\\/#primaryimage\",\"url\":\"https:\\\/\\\/smartpuller.com\\\/\\\/wp-content\\\/uploads\\\/2016\\\/01\\\/smartpuller-dent-pulling_picture2.jpg\",\"contentUrl\":\"https:\\\/\\\/smartpuller.com\\\/\\\/wp-content\\\/uploads\\\/2016\\\/01\\\/smartpuller-dent-pulling_picture2.jpg\"},{\"@type\":\"BreadcrumbList\",\"@id\":\"https:\\\/\\\/smartpuller.com\\\/es\\\/areas-de-enderezamiento\\\/otros-enderezamientos\\\/#breadcrumb\",\"itemListElement\":[{\"@type\":\"ListItem\",\"position\":1,\"name\":\"Home\",\"item\":\"https:\\\/\\\/smartpuller.com\\\/es\\\/\"},{\"@type\":\"ListItem\",\"position\":2,\"name\":\"\u00c1reas de Enderezamiento\",\"item\":\"https:\\\/\\\/smartpuller.com\\\/es\\\/areas-de-enderezamiento\\\/\"},{\"@type\":\"ListItem\",\"position\":3,\"name\":\"Otros enderezamientos\"}]},{\"@type\":\"WebSite\",\"@id\":\"https:\\\/\\\/smartpuller.com\\\/fi\\\/#website\",\"url\":\"https:\\\/\\\/smartpuller.com\\\/fi\\\/\",\"name\":\"SmartPuller\",\"description\":\"SmartPuller\",\"potentialAction\":[{\"@type\":\"SearchAction\",\"target\":{\"@type\":\"EntryPoint\",\"urlTemplate\":\"https:\\\/\\\/smartpuller.com\\\/fi\\\/?s={search_term_string}\"},\"query-input\":{\"@type\":\"PropertyValueSpecification\",\"valueRequired\":true,\"valueName\":\"search_term_string\"}}],\"inLanguage\":\"es\"}]}<\/script>\n<!-- \/ Yoast SEO plugin. -->","yoast_head_json":{"title":"Dent pulling with SmartPuller dent pulling equipment","description":"The straightening support of SmartPuller is placed on the strong body area to achieve the best possible dent pulling result. Dent pulling direction can be freely chosen.","robots":{"index":"noindex","follow":"follow"},"og_locale":"es_ES","og_type":"article","og_title":"Dent pulling with SmartPuller dent pulling equipment","og_description":"The straightening support of SmartPuller is placed on the strong body area to achieve the best possible dent pulling result. Dent pulling direction can be freely chosen.","og_url":"https:\/\/smartpuller.com\/es\/areas-de-enderezamiento\/otros-enderezamientos\/","og_site_name":"SmartPuller","article_publisher":"https:\/\/www.facebook.com\/smartpuller\/","article_modified_time":"2017-11-13T08:36:41+00:00","og_image":[{"url":"https:\/\/smartpuller.com\/wp-content\/uploads\/2016\/01\/smartpuller-dent-pulling_picture6.jpg","type":"","width":"","height":""}],"twitter_card":"summary_large_image","twitter_misc":{"Tiempo de lectura":"1 minuto"},"schema":{"@context":"https:\/\/schema.org","@graph":[{"@type":"WebPage","@id":"https:\/\/smartpuller.com\/es\/areas-de-enderezamiento\/otros-enderezamientos\/","url":"https:\/\/smartpuller.com\/es\/areas-de-enderezamiento\/otros-enderezamientos\/","name":"Dent pulling with SmartPuller dent pulling equipment","isPartOf":{"@id":"https:\/\/smartpuller.com\/fi\/#website"},"primaryImageOfPage":{"@id":"https:\/\/smartpuller.com\/es\/areas-de-enderezamiento\/otros-enderezamientos\/#primaryimage"},"image":{"@id":"https:\/\/smartpuller.com\/es\/areas-de-enderezamiento\/otros-enderezamientos\/#primaryimage"},"thumbnailUrl":"https:\/\/smartpuller.com\/\/wp-content\/uploads\/2016\/01\/smartpuller-dent-pulling_picture2.jpg","datePublished":"2016-01-13T09:20:46+00:00","dateModified":"2017-11-13T08:36:41+00:00","description":"The straightening support of SmartPuller is placed on the strong body area to achieve the best possible dent pulling result. Dent pulling direction can be freely chosen.","breadcrumb":{"@id":"https:\/\/smartpuller.com\/es\/areas-de-enderezamiento\/otros-enderezamientos\/#breadcrumb"},"inLanguage":"es","potentialAction":[{"@type":"ReadAction","target":["https:\/\/smartpuller.com\/es\/areas-de-enderezamiento\/otros-enderezamientos\/"]}]},{"@type":"ImageObject","inLanguage":"es","@id":"https:\/\/smartpuller.com\/es\/areas-de-enderezamiento\/otros-enderezamientos\/#primaryimage","url":"https:\/\/smartpuller.com\/\/wp-content\/uploads\/2016\/01\/smartpuller-dent-pulling_picture2.jpg","contentUrl":"https:\/\/smartpuller.com\/\/wp-content\/uploads\/2016\/01\/smartpuller-dent-pulling_picture2.jpg"},{"@type":"BreadcrumbList","@id":"https:\/\/smartpuller.com\/es\/areas-de-enderezamiento\/otros-enderezamientos\/#breadcrumb","itemListElement":[{"@type":"ListItem","position":1,"name":"Home","item":"https:\/\/smartpuller.com\/es\/"},{"@type":"ListItem","position":2,"name":"\u00c1reas de Enderezamiento","item":"https:\/\/smartpuller.com\/es\/areas-de-enderezamiento\/"},{"@type":"ListItem","position":3,"name":"Otros enderezamientos"}]},{"@type":"WebSite","@id":"https:\/\/smartpuller.com\/fi\/#website","url":"https:\/\/smartpuller.com\/fi\/","name":"SmartPuller","description":"SmartPuller","potentialAction":[{"@type":"SearchAction","target":{"@type":"EntryPoint","urlTemplate":"https:\/\/smartpuller.com\/fi\/?s={search_term_string}"},"query-input":{"@type":"PropertyValueSpecification","valueRequired":true,"valueName":"search_term_string"}}],"inLanguage":"es"}]}},"_links":{"self":[{"href":"https:\/\/smartpuller.com\/es\/wp-json\/wp\/v2\/pages\/2197","targetHints":{"allow":["GET"]}}],"collection":[{"href":"https:\/\/smartpuller.com\/es\/wp-json\/wp\/v2\/pages"}],"about":[{"href":"https:\/\/smartpuller.com\/es\/wp-json\/wp\/v2\/types\/page"}],"author":[{"embeddable":true,"href":"https:\/\/smartpuller.com\/es\/wp-json\/wp\/v2\/users\/101"}],"replies":[{"embeddable":true,"href":"https:\/\/smartpuller.com\/es\/wp-json\/wp\/v2\/comments?post=2197"}],"version-history":[{"count":0,"href":"https:\/\/smartpuller.com\/es\/wp-json\/wp\/v2\/pages\/2197\/revisions"}],"up":[{"embeddable":true,"href":"https:\/\/smartpuller.com\/es\/wp-json\/wp\/v2\/pages\/2141"}],"wp:attachment":[{"href":"https:\/\/smartpuller.com\/es\/wp-json\/wp\/v2\/media?parent=2197"}],"curies":[{"name":"wp","href":"https:\/\/api.w.org\/{rel}","templated":true}]}}