{"id":2187,"date":"2016-01-13T11:20:18","date_gmt":"2016-01-13T09:20:18","guid":{"rendered":"https:\/\/smartpuller.com\/dent-pulling-areas\/vehicle-rear-corner\/"},"modified":"2017-11-10T10:04:22","modified_gmt":"2017-11-10T08:04:22","slug":"la-esquina-trasera-y-chapas-laterales-del-vehiculo","status":"publish","type":"page","link":"https:\/\/smartpuller.com\/es\/areas-de-enderezamiento\/la-esquina-trasera-y-chapas-laterales-del-vehiculo\/","title":{"rendered":"Enderezar la esquina trasera y chapas laterales del veh\u00edculo"},"content":{"rendered":"<div id=\"pl-2187\"  class=\"panel-layout\" ><div id=\"pg-2187-0\"  class=\"panel-grid panel-no-style\" ><div id=\"pgc-2187-0-0\"  class=\"panel-grid-cell\" ><div id=\"panel-2187-0-0-0\" class=\"so-panel widget widget_sow-editor panel-first-child panel-last-child\" data-index=\"0\" ><div\n\t\t\t\n\t\t\tclass=\"so-widget-sow-editor so-widget-sow-editor-base\"\n\t\t\t\n\t\t>\n<div class=\"siteorigin-widget-tinymce textwidget\">\n\t<p><a href=\"https:\/\/smartpuller.com\/\/wp-content\/uploads\/2016\/01\/dent-pulling-rear-corner_picture1.jpg\" rel=\"attachment wp-att-510 lightbox\" data-rel=\"lightbox-image-0\" data-rl_title=\"\" data-rl_caption=\"\" title=\"\"><img loading=\"lazy\" decoding=\"async\" class=\"alignnone size-full wp-image-510\" src=\"https:\/\/smartpuller.com\/\/wp-content\/uploads\/2016\/01\/dent-pulling-rear-corner_picture1.jpg\" alt=\"dent-pulling-rear-corner_picture1\" width=\"750\" height=\"1000\" srcset=\"https:\/\/smartpuller.com\/wp-content\/uploads\/2016\/01\/dent-pulling-rear-corner_picture1.jpg 750w, https:\/\/smartpuller.com\/wp-content\/uploads\/2016\/01\/dent-pulling-rear-corner_picture1-300x400.jpg 300w, https:\/\/smartpuller.com\/wp-content\/uploads\/2016\/01\/dent-pulling-rear-corner_picture1-600x800.jpg 600w, https:\/\/smartpuller.com\/wp-content\/uploads\/2016\/01\/dent-pulling-rear-corner_picture1-225x300.jpg 225w\" sizes=\"auto, (max-width: 750px) 100vw, 750px\" \/><\/a><\/p>\n<\/div>\n<\/div><\/div><\/div><div id=\"pgc-2187-0-1\"  class=\"panel-grid-cell\" ><div id=\"panel-2187-0-1-0\" class=\"so-panel widget widget_sow-editor panel-first-child panel-last-child\" data-index=\"1\" ><div\n\t\t\t\n\t\t\tclass=\"so-widget-sow-editor so-widget-sow-editor-base\"\n\t\t\t\n\t\t>\n<div class=\"siteorigin-widget-tinymce textwidget\">\n\t<p><a href=\"https:\/\/smartpuller.com\/\/wp-content\/uploads\/2016\/01\/dent-pulling-rear-corner_drawing1.jpg\" rel=\"attachment wp-att-508 lightbox\" data-rel=\"lightbox-image-1\" data-rl_title=\"\" data-rl_caption=\"\" title=\"\"><img loading=\"lazy\" decoding=\"async\" src=\"https:\/\/smartpuller.com\/\/wp-content\/uploads\/2016\/01\/dent-pulling-rear-corner_drawing1.jpg\" alt=\"dent-pulling-rear-corner_drawing1\" width=\"788\" height=\"1000\" class=\"alignnone size-full wp-image-508\" srcset=\"https:\/\/smartpuller.com\/wp-content\/uploads\/2016\/01\/dent-pulling-rear-corner_drawing1.jpg 788w, https:\/\/smartpuller.com\/wp-content\/uploads\/2016\/01\/dent-pulling-rear-corner_drawing1-600x761.jpg 600w, https:\/\/smartpuller.com\/wp-content\/uploads\/2016\/01\/dent-pulling-rear-corner_drawing1-236x300.jpg 236w, https:\/\/smartpuller.com\/wp-content\/uploads\/2016\/01\/dent-pulling-rear-corner_drawing1-768x975.jpg 768w\" sizes=\"auto, (max-width: 788px) 100vw, 788px\" \/><\/a><\/p>\n<\/div>\n<\/div><\/div><\/div><\/div><div id=\"pg-2187-1\"  class=\"panel-grid panel-no-style\" ><div id=\"pgc-2187-1-0\"  class=\"panel-grid-cell\" ><div id=\"panel-2187-1-0-0\" class=\"so-panel widget widget_sow-editor panel-first-child panel-last-child\" data-index=\"2\" ><div\n\t\t\t\n\t\t\tclass=\"so-widget-sow-editor so-widget-sow-editor-base\"\n\t\t\t\n\t\t>\n<div class=\"siteorigin-widget-tinymce textwidget\">\n\t<p><em>El enderezamiento de los da\u00f1os frecuentes en las esquinas del veh\u00edculo se ejecuta con la barra de soporte superior (B) coloc\u00e1ndole en la punta el \u00e1ngulo de aluminio (C). A ese \u00e1ngulo (C) se fijar\u00e1 la Mordaza H31+ lo cual a su vez se fija en el marco trasero del veh\u00edculo.<\/em><\/p>\n<p>\u00bb <a href=\"https:\/\/youtu.be\/N_PF4c2Eh9o\" target=\"_blank\">Video para enderezar la esquina trasera del veh\u00edculo<\/a><\/p>\n<div class=\"nappilinkki_tiivis\"><a href=\"\/es\/contacto\/como-comprar\/\">\u00bb COMO COMPRAR<\/a><\/div>\n<\/div>\n<\/div><\/div><\/div><\/div><\/div>","protected":false},"excerpt":{"rendered":"<p>El enderezamiento de los da\u00f1os frecuentes en las esquinas del veh\u00edculo se ejecuta con la barra de soporte superior (B) coloc\u00e1ndole en la punta el \u00e1ngulo de aluminio (C). A ese \u00e1ngulo (C) se fijar\u00e1 la Mordaza H31+ lo cual a su vez se fija en el marco trasero del veh\u00edculo. \u00bb Video para enderezar [&hellip;]<\/p>\n","protected":false},"author":101,"featured_media":0,"parent":2141,"menu_order":250,"comment_status":"closed","ping_status":"closed","template":"","meta":{"_genesis_hide_title":false,"_genesis_hide_breadcrumbs":false,"_genesis_hide_singular_image":false,"_genesis_hide_footer_widgets":false,"_genesis_custom_body_class":"","_genesis_custom_post_class":"","_genesis_layout":"","footnotes":""},"class_list":{"0":"post-2187","1":"page","2":"type-page","3":"status-publish","5":"entry","6":"has-post-thumbnail"},"yoast_head":"<!-- This site is optimized with the Yoast SEO plugin v27.4 - https:\/\/yoast.com\/product\/yoast-seo-wordpress\/ -->\n<title>Dent pulling of vehicle rear corner<\/title>\n<meta name=\"description\" content=\"Dent pulling of numerous vehicle corner damages succeeds when using for upper support the beam, on the end of which an aluminium angle piece is to be placed.\" \/>\n<meta name=\"robots\" content=\"noindex, follow\" \/>\n<meta property=\"og:locale\" content=\"es_ES\" \/>\n<meta property=\"og:type\" content=\"article\" \/>\n<meta property=\"og:title\" content=\"Dent pulling of vehicle rear corner\" \/>\n<meta property=\"og:description\" content=\"Dent pulling of numerous vehicle corner damages succeeds when using for upper support the beam, on the end of which an aluminium angle piece is to be placed.\" \/>\n<meta property=\"og:url\" content=\"https:\/\/smartpuller.com\/es\/areas-de-enderezamiento\/la-esquina-trasera-y-chapas-laterales-del-vehiculo\/\" \/>\n<meta property=\"og:site_name\" content=\"SmartPuller\" \/>\n<meta property=\"article:publisher\" content=\"https:\/\/www.facebook.com\/smartpuller\/\" \/>\n<meta property=\"article:modified_time\" content=\"2017-11-10T08:04:22+00:00\" \/>\n<meta property=\"og:image\" content=\"https:\/\/smartpuller.com\/\/wp-content\/uploads\/2016\/01\/dent-pulling-rear-corner_picture1.jpg\" \/>\n<meta name=\"twitter:card\" content=\"summary_large_image\" \/>\n<script type=\"application\/ld+json\" class=\"yoast-schema-graph\">{\"@context\":\"https:\\\/\\\/schema.org\",\"@graph\":[{\"@type\":\"WebPage\",\"@id\":\"https:\\\/\\\/smartpuller.com\\\/es\\\/areas-de-enderezamiento\\\/la-esquina-trasera-y-chapas-laterales-del-vehiculo\\\/\",\"url\":\"https:\\\/\\\/smartpuller.com\\\/es\\\/areas-de-enderezamiento\\\/la-esquina-trasera-y-chapas-laterales-del-vehiculo\\\/\",\"name\":\"Dent pulling of vehicle rear corner\",\"isPartOf\":{\"@id\":\"https:\\\/\\\/smartpuller.com\\\/fi\\\/#website\"},\"primaryImageOfPage\":{\"@id\":\"https:\\\/\\\/smartpuller.com\\\/es\\\/areas-de-enderezamiento\\\/la-esquina-trasera-y-chapas-laterales-del-vehiculo\\\/#primaryimage\"},\"image\":{\"@id\":\"https:\\\/\\\/smartpuller.com\\\/es\\\/areas-de-enderezamiento\\\/la-esquina-trasera-y-chapas-laterales-del-vehiculo\\\/#primaryimage\"},\"thumbnailUrl\":\"https:\\\/\\\/smartpuller.com\\\/\\\/wp-content\\\/uploads\\\/2016\\\/01\\\/dent-pulling-rear-corner_picture1.jpg\",\"datePublished\":\"2016-01-13T09:20:18+00:00\",\"dateModified\":\"2017-11-10T08:04:22+00:00\",\"description\":\"Dent pulling of numerous vehicle corner damages succeeds when using for upper support the beam, on the end of which an aluminium angle piece is to be placed.\",\"breadcrumb\":{\"@id\":\"https:\\\/\\\/smartpuller.com\\\/es\\\/areas-de-enderezamiento\\\/la-esquina-trasera-y-chapas-laterales-del-vehiculo\\\/#breadcrumb\"},\"inLanguage\":\"es\",\"potentialAction\":[{\"@type\":\"ReadAction\",\"target\":[\"https:\\\/\\\/smartpuller.com\\\/es\\\/areas-de-enderezamiento\\\/la-esquina-trasera-y-chapas-laterales-del-vehiculo\\\/\"]}]},{\"@type\":\"ImageObject\",\"inLanguage\":\"es\",\"@id\":\"https:\\\/\\\/smartpuller.com\\\/es\\\/areas-de-enderezamiento\\\/la-esquina-trasera-y-chapas-laterales-del-vehiculo\\\/#primaryimage\",\"url\":\"https:\\\/\\\/smartpuller.com\\\/\\\/wp-content\\\/uploads\\\/2016\\\/01\\\/dent-pulling-rear-corner_picture1.jpg\",\"contentUrl\":\"https:\\\/\\\/smartpuller.com\\\/\\\/wp-content\\\/uploads\\\/2016\\\/01\\\/dent-pulling-rear-corner_picture1.jpg\"},{\"@type\":\"BreadcrumbList\",\"@id\":\"https:\\\/\\\/smartpuller.com\\\/es\\\/areas-de-enderezamiento\\\/la-esquina-trasera-y-chapas-laterales-del-vehiculo\\\/#breadcrumb\",\"itemListElement\":[{\"@type\":\"ListItem\",\"position\":1,\"name\":\"Home\",\"item\":\"https:\\\/\\\/smartpuller.com\\\/es\\\/\"},{\"@type\":\"ListItem\",\"position\":2,\"name\":\"\u00c1reas de Enderezamiento\",\"item\":\"https:\\\/\\\/smartpuller.com\\\/es\\\/areas-de-enderezamiento\\\/\"},{\"@type\":\"ListItem\",\"position\":3,\"name\":\"Enderezar la esquina trasera y chapas laterales del veh\u00edculo\"}]},{\"@type\":\"WebSite\",\"@id\":\"https:\\\/\\\/smartpuller.com\\\/fi\\\/#website\",\"url\":\"https:\\\/\\\/smartpuller.com\\\/fi\\\/\",\"name\":\"SmartPuller\",\"description\":\"SmartPuller\",\"potentialAction\":[{\"@type\":\"SearchAction\",\"target\":{\"@type\":\"EntryPoint\",\"urlTemplate\":\"https:\\\/\\\/smartpuller.com\\\/fi\\\/?s={search_term_string}\"},\"query-input\":{\"@type\":\"PropertyValueSpecification\",\"valueRequired\":true,\"valueName\":\"search_term_string\"}}],\"inLanguage\":\"es\"}]}<\/script>\n<!-- \/ Yoast SEO plugin. -->","yoast_head_json":{"title":"Dent pulling of vehicle rear corner","description":"Dent pulling of numerous vehicle corner damages succeeds when using for upper support the beam, on the end of which an aluminium angle piece is to be placed.","robots":{"index":"noindex","follow":"follow"},"og_locale":"es_ES","og_type":"article","og_title":"Dent pulling of vehicle rear corner","og_description":"Dent pulling of numerous vehicle corner damages succeeds when using for upper support the beam, on the end of which an aluminium angle piece is to be placed.","og_url":"https:\/\/smartpuller.com\/es\/areas-de-enderezamiento\/la-esquina-trasera-y-chapas-laterales-del-vehiculo\/","og_site_name":"SmartPuller","article_publisher":"https:\/\/www.facebook.com\/smartpuller\/","article_modified_time":"2017-11-10T08:04:22+00:00","og_image":[{"url":"https:\/\/smartpuller.com\/\/wp-content\/uploads\/2016\/01\/dent-pulling-rear-corner_picture1.jpg","type":"","width":"","height":""}],"twitter_card":"summary_large_image","schema":{"@context":"https:\/\/schema.org","@graph":[{"@type":"WebPage","@id":"https:\/\/smartpuller.com\/es\/areas-de-enderezamiento\/la-esquina-trasera-y-chapas-laterales-del-vehiculo\/","url":"https:\/\/smartpuller.com\/es\/areas-de-enderezamiento\/la-esquina-trasera-y-chapas-laterales-del-vehiculo\/","name":"Dent pulling of vehicle rear corner","isPartOf":{"@id":"https:\/\/smartpuller.com\/fi\/#website"},"primaryImageOfPage":{"@id":"https:\/\/smartpuller.com\/es\/areas-de-enderezamiento\/la-esquina-trasera-y-chapas-laterales-del-vehiculo\/#primaryimage"},"image":{"@id":"https:\/\/smartpuller.com\/es\/areas-de-enderezamiento\/la-esquina-trasera-y-chapas-laterales-del-vehiculo\/#primaryimage"},"thumbnailUrl":"https:\/\/smartpuller.com\/\/wp-content\/uploads\/2016\/01\/dent-pulling-rear-corner_picture1.jpg","datePublished":"2016-01-13T09:20:18+00:00","dateModified":"2017-11-10T08:04:22+00:00","description":"Dent pulling of numerous vehicle corner damages succeeds when using for upper support the beam, on the end of which an aluminium angle piece is to be placed.","breadcrumb":{"@id":"https:\/\/smartpuller.com\/es\/areas-de-enderezamiento\/la-esquina-trasera-y-chapas-laterales-del-vehiculo\/#breadcrumb"},"inLanguage":"es","potentialAction":[{"@type":"ReadAction","target":["https:\/\/smartpuller.com\/es\/areas-de-enderezamiento\/la-esquina-trasera-y-chapas-laterales-del-vehiculo\/"]}]},{"@type":"ImageObject","inLanguage":"es","@id":"https:\/\/smartpuller.com\/es\/areas-de-enderezamiento\/la-esquina-trasera-y-chapas-laterales-del-vehiculo\/#primaryimage","url":"https:\/\/smartpuller.com\/\/wp-content\/uploads\/2016\/01\/dent-pulling-rear-corner_picture1.jpg","contentUrl":"https:\/\/smartpuller.com\/\/wp-content\/uploads\/2016\/01\/dent-pulling-rear-corner_picture1.jpg"},{"@type":"BreadcrumbList","@id":"https:\/\/smartpuller.com\/es\/areas-de-enderezamiento\/la-esquina-trasera-y-chapas-laterales-del-vehiculo\/#breadcrumb","itemListElement":[{"@type":"ListItem","position":1,"name":"Home","item":"https:\/\/smartpuller.com\/es\/"},{"@type":"ListItem","position":2,"name":"\u00c1reas de Enderezamiento","item":"https:\/\/smartpuller.com\/es\/areas-de-enderezamiento\/"},{"@type":"ListItem","position":3,"name":"Enderezar la esquina trasera y chapas laterales del veh\u00edculo"}]},{"@type":"WebSite","@id":"https:\/\/smartpuller.com\/fi\/#website","url":"https:\/\/smartpuller.com\/fi\/","name":"SmartPuller","description":"SmartPuller","potentialAction":[{"@type":"SearchAction","target":{"@type":"EntryPoint","urlTemplate":"https:\/\/smartpuller.com\/fi\/?s={search_term_string}"},"query-input":{"@type":"PropertyValueSpecification","valueRequired":true,"valueName":"search_term_string"}}],"inLanguage":"es"}]}},"_links":{"self":[{"href":"https:\/\/smartpuller.com\/es\/wp-json\/wp\/v2\/pages\/2187","targetHints":{"allow":["GET"]}}],"collection":[{"href":"https:\/\/smartpuller.com\/es\/wp-json\/wp\/v2\/pages"}],"about":[{"href":"https:\/\/smartpuller.com\/es\/wp-json\/wp\/v2\/types\/page"}],"author":[{"embeddable":true,"href":"https:\/\/smartpuller.com\/es\/wp-json\/wp\/v2\/users\/101"}],"replies":[{"embeddable":true,"href":"https:\/\/smartpuller.com\/es\/wp-json\/wp\/v2\/comments?post=2187"}],"version-history":[{"count":0,"href":"https:\/\/smartpuller.com\/es\/wp-json\/wp\/v2\/pages\/2187\/revisions"}],"up":[{"embeddable":true,"href":"https:\/\/smartpuller.com\/es\/wp-json\/wp\/v2\/pages\/2141"}],"wp:attachment":[{"href":"https:\/\/smartpuller.com\/es\/wp-json\/wp\/v2\/media?parent=2187"}],"curies":[{"name":"wp","href":"https:\/\/api.w.org\/{rel}","templated":true}]}}