{"id":2180,"date":"2016-01-13T11:20:06","date_gmt":"2016-01-13T09:20:06","guid":{"rendered":"https:\/\/smartpuller.com\/dent-pulling-areas\/vehicle-rear-end\/"},"modified":"2017-11-10T11:38:42","modified_gmt":"2017-11-10T09:38:42","slug":"la-parte-trasera-del-vehiculo","status":"publish","type":"page","link":"https:\/\/smartpuller.com\/es\/areas-de-enderezamiento\/la-parte-trasera-del-vehiculo\/","title":{"rendered":"Enderezar la parte trasera del veh\u00edculo"},"content":{"rendered":"<div id=\"pl-2180\"  class=\"panel-layout\" ><div id=\"pg-2180-0\"  class=\"panel-grid panel-no-style\" ><div id=\"pgc-2180-0-0\"  class=\"panel-grid-cell\" ><div id=\"panel-2180-0-0-0\" class=\"so-panel widget widget_sow-editor panel-first-child panel-last-child\" data-index=\"0\" ><div\n\t\t\t\n\t\t\tclass=\"so-widget-sow-editor so-widget-sow-editor-base\"\n\t\t\t\n\t\t>\n<div class=\"siteorigin-widget-tinymce textwidget\">\n\t<p><a href=\"https:\/\/smartpuller.com\/\/wp-content\/uploads\/2016\/01\/dent-pulling-rear-end_picture1.jpg\" rel=\"attachment wp-att-499 lightbox\" data-rel=\"lightbox-image-0\" data-rl_title=\"\" data-rl_caption=\"\" title=\"\"><img loading=\"lazy\" decoding=\"async\" class=\"alignnone size-full wp-image-499\" src=\"https:\/\/smartpuller.com\/\/wp-content\/uploads\/2016\/01\/dent-pulling-rear-end_picture1.jpg\" alt=\"dent-pulling-rear-end_picture1\" width=\"1033\" height=\"1000\" srcset=\"https:\/\/smartpuller.com\/wp-content\/uploads\/2016\/01\/dent-pulling-rear-end_picture1.jpg 1033w, https:\/\/smartpuller.com\/wp-content\/uploads\/2016\/01\/dent-pulling-rear-end_picture1-600x581.jpg 600w, https:\/\/smartpuller.com\/wp-content\/uploads\/2016\/01\/dent-pulling-rear-end_picture1-300x290.jpg 300w, https:\/\/smartpuller.com\/wp-content\/uploads\/2016\/01\/dent-pulling-rear-end_picture1-768x743.jpg 768w, https:\/\/smartpuller.com\/wp-content\/uploads\/2016\/01\/dent-pulling-rear-end_picture1-1024x991.jpg 1024w\" sizes=\"auto, (max-width: 1033px) 100vw, 1033px\" \/><\/a><\/p>\n<\/div>\n<\/div><\/div><\/div><\/div><div id=\"pg-2180-1\"  class=\"panel-grid panel-no-style\" ><div id=\"pgc-2180-1-0\"  class=\"panel-grid-cell\" ><div id=\"panel-2180-1-0-0\" class=\"so-panel widget widget_sow-editor panel-first-child panel-last-child\" data-index=\"1\" ><div\n\t\t\t\n\t\t\tclass=\"so-widget-sow-editor so-widget-sow-editor-base\"\n\t\t\t\n\t\t>\n<div class=\"siteorigin-widget-tinymce textwidget\">\n\t<p><em>La torre telesc\u00f3pica (1) para enderezar la parte trasera del veh\u00edculo, le permite colocar el soporte (2) en una zona fuerte. Esto a su vez posibilita para escoger la mejor l\u00ednea de enderezado en cuanto a la altura y anchura. El enderezado se ejecuta con una \u00f3 dos brazos de tracci\u00f3n.<\/em><\/p>\n<div id='gallery-1' class='gallery galleryid-2180 gallery-columns-2 gallery-size-medium'><figure class='gallery-item'>\n\t\t\t<div class='gallery-icon landscape'>\n\t\t\t\t<a href='https:\/\/smartpuller.com\/wp-content\/uploads\/2016\/01\/dent-pulling-rear-end_picture2.jpg' title=\"\" data-rl_title=\"\" class=\"rl-gallery-link\" data-rl_caption=\"\" data-rel=\"lightbox-gallery-1\"><img loading=\"lazy\" decoding=\"async\" width=\"300\" height=\"225\" src=\"https:\/\/smartpuller.com\/wp-content\/uploads\/2016\/01\/dent-pulling-rear-end_picture2.jpg\" class=\"attachment-medium size-medium\" alt=\"\" srcset=\"https:\/\/smartpuller.com\/wp-content\/uploads\/2016\/01\/dent-pulling-rear-end_picture2.jpg 1000w, https:\/\/smartpuller.com\/wp-content\/uploads\/2016\/01\/dent-pulling-rear-end_picture2-600x450.jpg 600w\" sizes=\"auto, (max-width: 300px) 100vw, 300px\" \/><\/a>\n\t\t\t<\/div><\/figure><figure class='gallery-item'>\n\t\t\t<div class='gallery-icon landscape'>\n\t\t\t\t<a href='https:\/\/smartpuller.com\/wp-content\/uploads\/2016\/01\/dent-pulling-rear-end_picture3.jpg' title=\"\" data-rl_title=\"\" class=\"rl-gallery-link\" data-rl_caption=\"\" data-rel=\"lightbox-gallery-1\"><img loading=\"lazy\" decoding=\"async\" width=\"300\" height=\"225\" src=\"https:\/\/smartpuller.com\/wp-content\/uploads\/2016\/01\/dent-pulling-rear-end_picture3.jpg\" class=\"attachment-medium size-medium\" alt=\"\" srcset=\"https:\/\/smartpuller.com\/wp-content\/uploads\/2016\/01\/dent-pulling-rear-end_picture3.jpg 1000w, https:\/\/smartpuller.com\/wp-content\/uploads\/2016\/01\/dent-pulling-rear-end_picture3-600x450.jpg 600w\" sizes=\"auto, (max-width: 300px) 100vw, 300px\" \/><\/a>\n\t\t\t<\/div><\/figure>\n\t\t<\/div>\n\n<p>\u00bb <a href=\"https:\/\/youtu.be\/AVoyT0MQShA\" target=\"_blank\" rel=\"noopener\">Video para enderezar la parte trasera del veh\u00edculo<\/a><\/p>\n<div class=\"nappilinkki\"><a href=\"\/es\/contacto\/como-comprar\/\">\u00bb COMO COMPRAR<\/a><\/div>\n<\/div>\n<\/div><\/div><\/div><\/div><\/div>","protected":false},"excerpt":{"rendered":"<p>La torre telesc\u00f3pica (1) para enderezar la parte trasera del veh\u00edculo, le permite colocar el soporte (2) en una zona fuerte. Esto a su vez posibilita para escoger la mejor l\u00ednea de enderezado en cuanto a la altura y anchura. El enderezado se ejecuta con una \u00f3 dos brazos de tracci\u00f3n. \u00bb Video para enderezar [&hellip;]<\/p>\n","protected":false},"author":101,"featured_media":0,"parent":2141,"menu_order":240,"comment_status":"closed","ping_status":"closed","template":"","meta":{"_genesis_hide_title":false,"_genesis_hide_breadcrumbs":false,"_genesis_hide_singular_image":false,"_genesis_hide_footer_widgets":false,"_genesis_custom_body_class":"","_genesis_custom_post_class":"","_genesis_layout":"","footnotes":""},"class_list":{"0":"post-2180","1":"page","2":"type-page","3":"status-publish","5":"entry","6":"has-post-thumbnail"},"yoast_head":"<!-- This site is optimized with the Yoast SEO plugin v27.4 - https:\/\/yoast.com\/product\/yoast-seo-wordpress\/ -->\n<title>Dent pulling of vehicle rear end<\/title>\n<meta name=\"description\" content=\"By using a telescope tower for dent pulling of vehicle rear end, you can get upper support to a strong area. This enables choosing the best possible straightening line in height and width directions.\" \/>\n<meta name=\"robots\" content=\"noindex, follow\" \/>\n<meta property=\"og:locale\" content=\"es_ES\" \/>\n<meta property=\"og:type\" content=\"article\" \/>\n<meta property=\"og:title\" content=\"Dent pulling of vehicle rear end\" \/>\n<meta property=\"og:description\" content=\"By using a telescope tower for dent pulling of vehicle rear end, you can get upper support to a strong area. This enables choosing the best possible straightening line in height and width directions.\" \/>\n<meta property=\"og:url\" content=\"https:\/\/smartpuller.com\/es\/areas-de-enderezamiento\/la-parte-trasera-del-vehiculo\/\" \/>\n<meta property=\"og:site_name\" content=\"SmartPuller\" \/>\n<meta property=\"article:publisher\" content=\"https:\/\/www.facebook.com\/smartpuller\/\" \/>\n<meta property=\"article:modified_time\" content=\"2017-11-10T09:38:42+00:00\" \/>\n<meta property=\"og:image\" content=\"https:\/\/smartpuller.com\/wp-content\/uploads\/2016\/01\/dent-pulling-rear-end_picture2.jpg\" \/>\n<meta name=\"twitter:card\" content=\"summary_large_image\" \/>\n<script type=\"application\/ld+json\" class=\"yoast-schema-graph\">{\"@context\":\"https:\\\/\\\/schema.org\",\"@graph\":[{\"@type\":\"WebPage\",\"@id\":\"https:\\\/\\\/smartpuller.com\\\/es\\\/areas-de-enderezamiento\\\/la-parte-trasera-del-vehiculo\\\/\",\"url\":\"https:\\\/\\\/smartpuller.com\\\/es\\\/areas-de-enderezamiento\\\/la-parte-trasera-del-vehiculo\\\/\",\"name\":\"Dent pulling of vehicle rear end\",\"isPartOf\":{\"@id\":\"https:\\\/\\\/smartpuller.com\\\/fi\\\/#website\"},\"primaryImageOfPage\":{\"@id\":\"https:\\\/\\\/smartpuller.com\\\/es\\\/areas-de-enderezamiento\\\/la-parte-trasera-del-vehiculo\\\/#primaryimage\"},\"image\":{\"@id\":\"https:\\\/\\\/smartpuller.com\\\/es\\\/areas-de-enderezamiento\\\/la-parte-trasera-del-vehiculo\\\/#primaryimage\"},\"thumbnailUrl\":\"https:\\\/\\\/smartpuller.com\\\/\\\/wp-content\\\/uploads\\\/2016\\\/01\\\/dent-pulling-rear-end_picture1.jpg\",\"datePublished\":\"2016-01-13T09:20:06+00:00\",\"dateModified\":\"2017-11-10T09:38:42+00:00\",\"description\":\"By using a telescope tower for dent pulling of vehicle rear end, you can get upper support to a strong area. This enables choosing the best possible straightening line in height and width directions.\",\"breadcrumb\":{\"@id\":\"https:\\\/\\\/smartpuller.com\\\/es\\\/areas-de-enderezamiento\\\/la-parte-trasera-del-vehiculo\\\/#breadcrumb\"},\"inLanguage\":\"es\",\"potentialAction\":[{\"@type\":\"ReadAction\",\"target\":[\"https:\\\/\\\/smartpuller.com\\\/es\\\/areas-de-enderezamiento\\\/la-parte-trasera-del-vehiculo\\\/\"]}]},{\"@type\":\"ImageObject\",\"inLanguage\":\"es\",\"@id\":\"https:\\\/\\\/smartpuller.com\\\/es\\\/areas-de-enderezamiento\\\/la-parte-trasera-del-vehiculo\\\/#primaryimage\",\"url\":\"https:\\\/\\\/smartpuller.com\\\/\\\/wp-content\\\/uploads\\\/2016\\\/01\\\/dent-pulling-rear-end_picture1.jpg\",\"contentUrl\":\"https:\\\/\\\/smartpuller.com\\\/\\\/wp-content\\\/uploads\\\/2016\\\/01\\\/dent-pulling-rear-end_picture1.jpg\"},{\"@type\":\"BreadcrumbList\",\"@id\":\"https:\\\/\\\/smartpuller.com\\\/es\\\/areas-de-enderezamiento\\\/la-parte-trasera-del-vehiculo\\\/#breadcrumb\",\"itemListElement\":[{\"@type\":\"ListItem\",\"position\":1,\"name\":\"Home\",\"item\":\"https:\\\/\\\/smartpuller.com\\\/es\\\/\"},{\"@type\":\"ListItem\",\"position\":2,\"name\":\"\u00c1reas de Enderezamiento\",\"item\":\"https:\\\/\\\/smartpuller.com\\\/es\\\/areas-de-enderezamiento\\\/\"},{\"@type\":\"ListItem\",\"position\":3,\"name\":\"Enderezar la parte trasera del veh\u00edculo\"}]},{\"@type\":\"WebSite\",\"@id\":\"https:\\\/\\\/smartpuller.com\\\/fi\\\/#website\",\"url\":\"https:\\\/\\\/smartpuller.com\\\/fi\\\/\",\"name\":\"SmartPuller\",\"description\":\"SmartPuller\",\"potentialAction\":[{\"@type\":\"SearchAction\",\"target\":{\"@type\":\"EntryPoint\",\"urlTemplate\":\"https:\\\/\\\/smartpuller.com\\\/fi\\\/?s={search_term_string}\"},\"query-input\":{\"@type\":\"PropertyValueSpecification\",\"valueRequired\":true,\"valueName\":\"search_term_string\"}}],\"inLanguage\":\"es\"}]}<\/script>\n<!-- \/ Yoast SEO plugin. -->","yoast_head_json":{"title":"Dent pulling of vehicle rear end","description":"By using a telescope tower for dent pulling of vehicle rear end, you can get upper support to a strong area. This enables choosing the best possible straightening line in height and width directions.","robots":{"index":"noindex","follow":"follow"},"og_locale":"es_ES","og_type":"article","og_title":"Dent pulling of vehicle rear end","og_description":"By using a telescope tower for dent pulling of vehicle rear end, you can get upper support to a strong area. This enables choosing the best possible straightening line in height and width directions.","og_url":"https:\/\/smartpuller.com\/es\/areas-de-enderezamiento\/la-parte-trasera-del-vehiculo\/","og_site_name":"SmartPuller","article_publisher":"https:\/\/www.facebook.com\/smartpuller\/","article_modified_time":"2017-11-10T09:38:42+00:00","og_image":[{"url":"https:\/\/smartpuller.com\/wp-content\/uploads\/2016\/01\/dent-pulling-rear-end_picture2.jpg","type":"","width":"","height":""}],"twitter_card":"summary_large_image","schema":{"@context":"https:\/\/schema.org","@graph":[{"@type":"WebPage","@id":"https:\/\/smartpuller.com\/es\/areas-de-enderezamiento\/la-parte-trasera-del-vehiculo\/","url":"https:\/\/smartpuller.com\/es\/areas-de-enderezamiento\/la-parte-trasera-del-vehiculo\/","name":"Dent pulling of vehicle rear end","isPartOf":{"@id":"https:\/\/smartpuller.com\/fi\/#website"},"primaryImageOfPage":{"@id":"https:\/\/smartpuller.com\/es\/areas-de-enderezamiento\/la-parte-trasera-del-vehiculo\/#primaryimage"},"image":{"@id":"https:\/\/smartpuller.com\/es\/areas-de-enderezamiento\/la-parte-trasera-del-vehiculo\/#primaryimage"},"thumbnailUrl":"https:\/\/smartpuller.com\/\/wp-content\/uploads\/2016\/01\/dent-pulling-rear-end_picture1.jpg","datePublished":"2016-01-13T09:20:06+00:00","dateModified":"2017-11-10T09:38:42+00:00","description":"By using a telescope tower for dent pulling of vehicle rear end, you can get upper support to a strong area. This enables choosing the best possible straightening line in height and width directions.","breadcrumb":{"@id":"https:\/\/smartpuller.com\/es\/areas-de-enderezamiento\/la-parte-trasera-del-vehiculo\/#breadcrumb"},"inLanguage":"es","potentialAction":[{"@type":"ReadAction","target":["https:\/\/smartpuller.com\/es\/areas-de-enderezamiento\/la-parte-trasera-del-vehiculo\/"]}]},{"@type":"ImageObject","inLanguage":"es","@id":"https:\/\/smartpuller.com\/es\/areas-de-enderezamiento\/la-parte-trasera-del-vehiculo\/#primaryimage","url":"https:\/\/smartpuller.com\/\/wp-content\/uploads\/2016\/01\/dent-pulling-rear-end_picture1.jpg","contentUrl":"https:\/\/smartpuller.com\/\/wp-content\/uploads\/2016\/01\/dent-pulling-rear-end_picture1.jpg"},{"@type":"BreadcrumbList","@id":"https:\/\/smartpuller.com\/es\/areas-de-enderezamiento\/la-parte-trasera-del-vehiculo\/#breadcrumb","itemListElement":[{"@type":"ListItem","position":1,"name":"Home","item":"https:\/\/smartpuller.com\/es\/"},{"@type":"ListItem","position":2,"name":"\u00c1reas de Enderezamiento","item":"https:\/\/smartpuller.com\/es\/areas-de-enderezamiento\/"},{"@type":"ListItem","position":3,"name":"Enderezar la parte trasera del veh\u00edculo"}]},{"@type":"WebSite","@id":"https:\/\/smartpuller.com\/fi\/#website","url":"https:\/\/smartpuller.com\/fi\/","name":"SmartPuller","description":"SmartPuller","potentialAction":[{"@type":"SearchAction","target":{"@type":"EntryPoint","urlTemplate":"https:\/\/smartpuller.com\/fi\/?s={search_term_string}"},"query-input":{"@type":"PropertyValueSpecification","valueRequired":true,"valueName":"search_term_string"}}],"inLanguage":"es"}]}},"_links":{"self":[{"href":"https:\/\/smartpuller.com\/es\/wp-json\/wp\/v2\/pages\/2180","targetHints":{"allow":["GET"]}}],"collection":[{"href":"https:\/\/smartpuller.com\/es\/wp-json\/wp\/v2\/pages"}],"about":[{"href":"https:\/\/smartpuller.com\/es\/wp-json\/wp\/v2\/types\/page"}],"author":[{"embeddable":true,"href":"https:\/\/smartpuller.com\/es\/wp-json\/wp\/v2\/users\/101"}],"replies":[{"embeddable":true,"href":"https:\/\/smartpuller.com\/es\/wp-json\/wp\/v2\/comments?post=2180"}],"version-history":[{"count":0,"href":"https:\/\/smartpuller.com\/es\/wp-json\/wp\/v2\/pages\/2180\/revisions"}],"up":[{"embeddable":true,"href":"https:\/\/smartpuller.com\/es\/wp-json\/wp\/v2\/pages\/2141"}],"wp:attachment":[{"href":"https:\/\/smartpuller.com\/es\/wp-json\/wp\/v2\/media?parent=2180"}],"curies":[{"name":"wp","href":"https:\/\/api.w.org\/{rel}","templated":true}]}}