{"id":2160,"date":"2016-01-13T11:19:36","date_gmt":"2016-01-13T09:19:36","guid":{"rendered":"https:\/\/smartpuller.com\/?page_id=2160"},"modified":"2017-11-10T10:00:27","modified_gmt":"2017-11-10T08:00:27","slug":"estructuras-tipo-cajon","status":"publish","type":"page","link":"https:\/\/smartpuller.com\/es\/areas-de-enderezamiento\/estructuras-tipo-cajon\/","title":{"rendered":"Enderezar estructuras tipo caj\u00f3n"},"content":{"rendered":"<div id=\"pl-2160\"  class=\"panel-layout\" ><div id=\"pg-2160-0\"  class=\"panel-grid panel-no-style\" ><div id=\"pgc-2160-0-0\"  class=\"panel-grid-cell\" ><div id=\"panel-2160-0-0-0\" class=\"so-panel widget widget_sow-editor panel-first-child panel-last-child\" data-index=\"0\" ><div\n\t\t\t\n\t\t\tclass=\"so-widget-sow-editor so-widget-sow-editor-base\"\n\t\t\t\n\t\t>\n<div class=\"siteorigin-widget-tinymce textwidget\">\n\t<p><img loading=\"lazy\" decoding=\"async\" class=\"alignnone size-full wp-image-473\" src=\"https:\/\/smartpuller.com\/\/wp-content\/uploads\/2016\/01\/Dent-pulling-box-structures-drawing1_hires.jpg\" alt=\"Dent-pulling-box-structures-drawing1_hires\" width=\"1000\" height=\"801\" srcset=\"https:\/\/smartpuller.com\/wp-content\/uploads\/2016\/01\/Dent-pulling-box-structures-drawing1_hires.jpg 1000w, https:\/\/smartpuller.com\/wp-content\/uploads\/2016\/01\/Dent-pulling-box-structures-drawing1_hires-600x481.jpg 600w, https:\/\/smartpuller.com\/wp-content\/uploads\/2016\/01\/Dent-pulling-box-structures-drawing1_hires-300x240.jpg 300w, https:\/\/smartpuller.com\/wp-content\/uploads\/2016\/01\/Dent-pulling-box-structures-drawing1_hires-768x615.jpg 768w, https:\/\/smartpuller.com\/wp-content\/uploads\/2016\/01\/Dent-pulling-box-structures-drawing1_hires-750x600.jpg 750w\" sizes=\"auto, (max-width: 1000px) 100vw, 1000px\" \/><\/p>\n<\/div>\n<\/div><\/div><\/div><div id=\"pgc-2160-0-1\"  class=\"panel-grid-cell\" ><div id=\"panel-2160-0-1-0\" class=\"so-panel widget widget_sow-editor panel-first-child panel-last-child\" data-index=\"1\" ><div\n\t\t\t\n\t\t\tclass=\"so-widget-sow-editor so-widget-sow-editor-base\"\n\t\t\t\n\t\t>\n<div class=\"siteorigin-widget-tinymce textwidget\">\n\t<h5>Inmejorable variedad de \u00e1ngulos de tracci\u00f3n sin precedentes<\/h5>\n<p><em>La tecnolog\u00eda de SmartPuller permite enderezar en todas las direcciones necesarias. La forma ajustable de las gomas de los soportes les permite tomar una forma que no da\u00f1ar\u00e1 el \u00e1rea donde se colocan. Para los enderezamientos m\u00e1s exigentes es posible usar dos brazos de tracci\u00f3n.  Para los casos con poco espacio de maniobra se emplea un tornillo de tiro corto (A) (Ver las im\u00e1genes 2 y 4).<\/em><\/p>\n<div class=\"nappilinkki\"><a href=\"\/es\/contacto\/como-comprar\/\">\u00bb COMO COMPRAR<\/a><\/div>\n<\/div>\n<\/div><\/div><\/div><\/div><div id=\"pg-2160-1\"  class=\"panel-grid panel-no-style\" ><div id=\"pgc-2160-1-0\"  class=\"panel-grid-cell\" ><div id=\"panel-2160-1-0-0\" class=\"so-panel widget widget_sow-editor panel-first-child panel-last-child\" data-index=\"2\" ><div\n\t\t\t\n\t\t\tclass=\"so-widget-sow-editor so-widget-sow-editor-base\"\n\t\t\t\n\t\t>\n<div class=\"siteorigin-widget-tinymce textwidget\">\n\t<p><a href=\"https:\/\/smartpuller.com\/\/wp-content\/uploads\/2016\/02\/Dent-pulling-box-structures-picture1_hires.jpg\" rel=\"attachment wp-att-581\" data-rel=\"lightbox-image-0\" data-rl_title=\"\" data-rl_caption=\"\" title=\"\"><img loading=\"lazy\" decoding=\"async\" src=\"https:\/\/smartpuller.com\/\/wp-content\/uploads\/2016\/02\/Dent-pulling-box-structures-picture1_hires.jpg\" alt=\"Dent-pulling-box-structures-picture1_hires\" width=\"750\" height=\"1000\" class=\"alignnone size-full wp-image-581\" srcset=\"https:\/\/smartpuller.com\/wp-content\/uploads\/2016\/02\/Dent-pulling-box-structures-picture1_hires.jpg 750w, https:\/\/smartpuller.com\/wp-content\/uploads\/2016\/02\/Dent-pulling-box-structures-picture1_hires-300x400.jpg 300w, https:\/\/smartpuller.com\/wp-content\/uploads\/2016\/02\/Dent-pulling-box-structures-picture1_hires-600x800.jpg 600w, https:\/\/smartpuller.com\/wp-content\/uploads\/2016\/02\/Dent-pulling-box-structures-picture1_hires-225x300.jpg 225w\" sizes=\"auto, (max-width: 750px) 100vw, 750px\" \/><\/a><\/p>\n<\/div>\n<\/div><\/div><\/div><div id=\"pgc-2160-1-1\"  class=\"panel-grid-cell\" ><div id=\"panel-2160-1-1-0\" class=\"so-panel widget widget_sow-editor panel-first-child panel-last-child\" data-index=\"3\" ><div\n\t\t\t\n\t\t\tclass=\"so-widget-sow-editor so-widget-sow-editor-base\"\n\t\t\t\n\t\t>\n<div class=\"siteorigin-widget-tinymce textwidget\">\n\t<p><a href=\"https:\/\/smartpuller.com\/\/wp-content\/uploads\/2016\/02\/Dent-pulling-box-structures-picture2_hires.jpg\" rel=\"attachment wp-att-583\" data-rel=\"lightbox-image-1\" data-rl_title=\"\" data-rl_caption=\"\" title=\"\"><img loading=\"lazy\" decoding=\"async\" src=\"https:\/\/smartpuller.com\/\/wp-content\/uploads\/2016\/02\/Dent-pulling-box-structures-picture2_hires.jpg\" alt=\"Dent-pulling-box-structures-picture2_hires\" width=\"750\" height=\"1000\" class=\"alignnone size-full wp-image-583\" srcset=\"https:\/\/smartpuller.com\/wp-content\/uploads\/2016\/02\/Dent-pulling-box-structures-picture2_hires.jpg 750w, https:\/\/smartpuller.com\/wp-content\/uploads\/2016\/02\/Dent-pulling-box-structures-picture2_hires-300x400.jpg 300w, https:\/\/smartpuller.com\/wp-content\/uploads\/2016\/02\/Dent-pulling-box-structures-picture2_hires-600x800.jpg 600w, https:\/\/smartpuller.com\/wp-content\/uploads\/2016\/02\/Dent-pulling-box-structures-picture2_hires-225x300.jpg 225w\" sizes=\"auto, (max-width: 750px) 100vw, 750px\" \/><\/a><\/p>\n<\/div>\n<\/div><\/div><\/div><\/div><div id=\"pg-2160-2\"  class=\"panel-grid panel-no-style\" ><div id=\"pgc-2160-2-0\"  class=\"panel-grid-cell\" ><div id=\"panel-2160-2-0-0\" class=\"so-panel widget widget_sow-editor panel-first-child panel-last-child\" data-index=\"4\" ><div\n\t\t\t\n\t\t\tclass=\"so-widget-sow-editor so-widget-sow-editor-base\"\n\t\t\t\n\t\t>\n<div class=\"siteorigin-widget-tinymce textwidget\">\n\t<div id='gallery-1' class='gallery galleryid-2160 gallery-columns-3 gallery-size-medium'><figure class='gallery-item'>\n\t\t\t<div class='gallery-icon landscape'>\n\t\t\t\t<a href='https:\/\/smartpuller.com\/wp-content\/uploads\/2016\/02\/Dent-pulling-box-structures-picture3_hires.jpg' title=\"\" data-rl_title=\"\" class=\"rl-gallery-link\" data-rl_caption=\"\" data-rel=\"lightbox-gallery-1\"><img loading=\"lazy\" decoding=\"async\" width=\"300\" height=\"220\" src=\"https:\/\/smartpuller.com\/wp-content\/uploads\/2016\/02\/Dent-pulling-box-structures-picture3_hires.jpg\" class=\"attachment-medium size-medium\" alt=\"\" srcset=\"https:\/\/smartpuller.com\/wp-content\/uploads\/2016\/02\/Dent-pulling-box-structures-picture3_hires.jpg 1000w, https:\/\/smartpuller.com\/wp-content\/uploads\/2016\/02\/Dent-pulling-box-structures-picture3_hires-600x439.jpg 600w\" sizes=\"auto, (max-width: 300px) 100vw, 300px\" \/><\/a>\n\t\t\t<\/div><\/figure><figure class='gallery-item'>\n\t\t\t<div class='gallery-icon landscape'>\n\t\t\t\t<a href='https:\/\/smartpuller.com\/wp-content\/uploads\/2016\/02\/Dent-pulling-box-structures-picture4_hires.jpg' title=\"\" data-rl_title=\"\" class=\"rl-gallery-link\" data-rl_caption=\"\" data-rel=\"lightbox-gallery-1\"><img loading=\"lazy\" decoding=\"async\" width=\"300\" height=\"221\" src=\"https:\/\/smartpuller.com\/wp-content\/uploads\/2016\/02\/Dent-pulling-box-structures-picture4_hires.jpg\" class=\"attachment-medium size-medium\" alt=\"\" srcset=\"https:\/\/smartpuller.com\/wp-content\/uploads\/2016\/02\/Dent-pulling-box-structures-picture4_hires.jpg 2835w, https:\/\/smartpuller.com\/wp-content\/uploads\/2016\/02\/Dent-pulling-box-structures-picture4_hires-600x443.jpg 600w\" sizes=\"auto, (max-width: 300px) 100vw, 300px\" \/><\/a>\n\t\t\t<\/div><\/figure><figure class='gallery-item'>\n\t\t\t<div class='gallery-icon landscape'>\n\t\t\t\t<a href='https:\/\/smartpuller.com\/wp-content\/uploads\/2016\/02\/Dent-pulling-box-structures-picture5_hires.jpg' title=\"\" data-rl_title=\"\" class=\"rl-gallery-link\" data-rl_caption=\"\" data-rel=\"lightbox-gallery-1\"><img loading=\"lazy\" decoding=\"async\" width=\"300\" height=\"220\" src=\"https:\/\/smartpuller.com\/wp-content\/uploads\/2016\/02\/Dent-pulling-box-structures-picture5_hires.jpg\" class=\"attachment-medium size-medium\" alt=\"\" srcset=\"https:\/\/smartpuller.com\/wp-content\/uploads\/2016\/02\/Dent-pulling-box-structures-picture5_hires.jpg 1000w, https:\/\/smartpuller.com\/wp-content\/uploads\/2016\/02\/Dent-pulling-box-structures-picture5_hires-600x439.jpg 600w\" sizes=\"auto, (max-width: 300px) 100vw, 300px\" \/><\/a>\n\t\t\t<\/div><\/figure>\n\t\t<\/div>\n\n<p>\u00bb <a href=\"https:\/\/www.youtube.com\/watch?v=wq8sFr_xoHE\" target=\"_blank\">Video para enderezar de estructuras tipo caj\u00f3n<\/a><\/p>\n<\/div>\n<\/div><\/div><\/div><\/div><\/div>","protected":false},"excerpt":{"rendered":"<p>Inmejorable variedad de \u00e1ngulos de tracci\u00f3n sin precedentes La tecnolog\u00eda de SmartPuller permite enderezar en todas las direcciones necesarias. La forma ajustable de las gomas de los soportes les permite tomar una forma que no da\u00f1ar\u00e1 el \u00e1rea donde se colocan. Para los enderezamientos m\u00e1s exigentes es posible usar dos brazos de tracci\u00f3n. Para los [&hellip;]<\/p>\n","protected":false},"author":101,"featured_media":0,"parent":2141,"menu_order":220,"comment_status":"closed","ping_status":"closed","template":"","meta":{"_genesis_hide_title":false,"_genesis_hide_breadcrumbs":false,"_genesis_hide_singular_image":false,"_genesis_hide_footer_widgets":false,"_genesis_custom_body_class":"","_genesis_custom_post_class":"","_genesis_layout":"","footnotes":""},"class_list":{"0":"post-2160","1":"page","2":"type-page","3":"status-publish","5":"entry","6":"has-post-thumbnail"},"yoast_head":"<!-- This site is optimized with the Yoast SEO plugin v27.4 - https:\/\/yoast.com\/product\/yoast-seo-wordpress\/ -->\n<title>Dent pulling of box structures<\/title>\n<meta name=\"description\" content=\"SmartPuller technology enables e.g. dent pulling of box structures to all needed directions. The structure of adjustable rubber pads allow them to take a shape that will not damage the supporting area.\" \/>\n<meta name=\"robots\" content=\"noindex, follow\" \/>\n<meta property=\"og:locale\" content=\"es_ES\" \/>\n<meta property=\"og:type\" content=\"article\" \/>\n<meta property=\"og:title\" content=\"Dent pulling of box structures\" \/>\n<meta property=\"og:description\" content=\"SmartPuller technology enables e.g. dent pulling of box structures to all needed directions. The structure of adjustable rubber pads allow them to take a shape that will not damage the supporting area.\" \/>\n<meta property=\"og:url\" content=\"https:\/\/smartpuller.com\/es\/areas-de-enderezamiento\/estructuras-tipo-cajon\/\" \/>\n<meta property=\"og:site_name\" content=\"SmartPuller\" \/>\n<meta property=\"article:publisher\" content=\"https:\/\/www.facebook.com\/smartpuller\/\" \/>\n<meta property=\"article:modified_time\" content=\"2017-11-10T08:00:27+00:00\" \/>\n<meta property=\"og:image\" content=\"https:\/\/smartpuller.com\/wp-content\/uploads\/2016\/02\/Dent-pulling-box-structures-picture3_hires.jpg\" \/>\n<meta name=\"twitter:card\" content=\"summary_large_image\" \/>\n<script type=\"application\/ld+json\" class=\"yoast-schema-graph\">{\"@context\":\"https:\\\/\\\/schema.org\",\"@graph\":[{\"@type\":\"WebPage\",\"@id\":\"https:\\\/\\\/smartpuller.com\\\/es\\\/areas-de-enderezamiento\\\/estructuras-tipo-cajon\\\/\",\"url\":\"https:\\\/\\\/smartpuller.com\\\/es\\\/areas-de-enderezamiento\\\/estructuras-tipo-cajon\\\/\",\"name\":\"Dent pulling of box structures\",\"isPartOf\":{\"@id\":\"https:\\\/\\\/smartpuller.com\\\/fi\\\/#website\"},\"primaryImageOfPage\":{\"@id\":\"https:\\\/\\\/smartpuller.com\\\/es\\\/areas-de-enderezamiento\\\/estructuras-tipo-cajon\\\/#primaryimage\"},\"image\":{\"@id\":\"https:\\\/\\\/smartpuller.com\\\/es\\\/areas-de-enderezamiento\\\/estructuras-tipo-cajon\\\/#primaryimage\"},\"thumbnailUrl\":\"https:\\\/\\\/smartpuller.com\\\/\\\/wp-content\\\/uploads\\\/2016\\\/01\\\/Dent-pulling-box-structures-drawing1_hires.jpg\",\"datePublished\":\"2016-01-13T09:19:36+00:00\",\"dateModified\":\"2017-11-10T08:00:27+00:00\",\"description\":\"SmartPuller technology enables e.g. dent pulling of box structures to all needed directions. The structure of adjustable rubber pads allow them to take a shape that will not damage the supporting area.\",\"breadcrumb\":{\"@id\":\"https:\\\/\\\/smartpuller.com\\\/es\\\/areas-de-enderezamiento\\\/estructuras-tipo-cajon\\\/#breadcrumb\"},\"inLanguage\":\"es\",\"potentialAction\":[{\"@type\":\"ReadAction\",\"target\":[\"https:\\\/\\\/smartpuller.com\\\/es\\\/areas-de-enderezamiento\\\/estructuras-tipo-cajon\\\/\"]}]},{\"@type\":\"ImageObject\",\"inLanguage\":\"es\",\"@id\":\"https:\\\/\\\/smartpuller.com\\\/es\\\/areas-de-enderezamiento\\\/estructuras-tipo-cajon\\\/#primaryimage\",\"url\":\"https:\\\/\\\/smartpuller.com\\\/\\\/wp-content\\\/uploads\\\/2016\\\/01\\\/Dent-pulling-box-structures-drawing1_hires.jpg\",\"contentUrl\":\"https:\\\/\\\/smartpuller.com\\\/\\\/wp-content\\\/uploads\\\/2016\\\/01\\\/Dent-pulling-box-structures-drawing1_hires.jpg\"},{\"@type\":\"BreadcrumbList\",\"@id\":\"https:\\\/\\\/smartpuller.com\\\/es\\\/areas-de-enderezamiento\\\/estructuras-tipo-cajon\\\/#breadcrumb\",\"itemListElement\":[{\"@type\":\"ListItem\",\"position\":1,\"name\":\"Home\",\"item\":\"https:\\\/\\\/smartpuller.com\\\/es\\\/\"},{\"@type\":\"ListItem\",\"position\":2,\"name\":\"\u00c1reas de Enderezamiento\",\"item\":\"https:\\\/\\\/smartpuller.com\\\/es\\\/areas-de-enderezamiento\\\/\"},{\"@type\":\"ListItem\",\"position\":3,\"name\":\"Enderezar estructuras tipo caj\u00f3n\"}]},{\"@type\":\"WebSite\",\"@id\":\"https:\\\/\\\/smartpuller.com\\\/fi\\\/#website\",\"url\":\"https:\\\/\\\/smartpuller.com\\\/fi\\\/\",\"name\":\"SmartPuller\",\"description\":\"SmartPuller\",\"potentialAction\":[{\"@type\":\"SearchAction\",\"target\":{\"@type\":\"EntryPoint\",\"urlTemplate\":\"https:\\\/\\\/smartpuller.com\\\/fi\\\/?s={search_term_string}\"},\"query-input\":{\"@type\":\"PropertyValueSpecification\",\"valueRequired\":true,\"valueName\":\"search_term_string\"}}],\"inLanguage\":\"es\"}]}<\/script>\n<!-- \/ Yoast SEO plugin. -->","yoast_head_json":{"title":"Dent pulling of box structures","description":"SmartPuller technology enables e.g. dent pulling of box structures to all needed directions. The structure of adjustable rubber pads allow them to take a shape that will not damage the supporting area.","robots":{"index":"noindex","follow":"follow"},"og_locale":"es_ES","og_type":"article","og_title":"Dent pulling of box structures","og_description":"SmartPuller technology enables e.g. dent pulling of box structures to all needed directions. The structure of adjustable rubber pads allow them to take a shape that will not damage the supporting area.","og_url":"https:\/\/smartpuller.com\/es\/areas-de-enderezamiento\/estructuras-tipo-cajon\/","og_site_name":"SmartPuller","article_publisher":"https:\/\/www.facebook.com\/smartpuller\/","article_modified_time":"2017-11-10T08:00:27+00:00","og_image":[{"url":"https:\/\/smartpuller.com\/wp-content\/uploads\/2016\/02\/Dent-pulling-box-structures-picture3_hires.jpg","type":"","width":"","height":""}],"twitter_card":"summary_large_image","schema":{"@context":"https:\/\/schema.org","@graph":[{"@type":"WebPage","@id":"https:\/\/smartpuller.com\/es\/areas-de-enderezamiento\/estructuras-tipo-cajon\/","url":"https:\/\/smartpuller.com\/es\/areas-de-enderezamiento\/estructuras-tipo-cajon\/","name":"Dent pulling of box structures","isPartOf":{"@id":"https:\/\/smartpuller.com\/fi\/#website"},"primaryImageOfPage":{"@id":"https:\/\/smartpuller.com\/es\/areas-de-enderezamiento\/estructuras-tipo-cajon\/#primaryimage"},"image":{"@id":"https:\/\/smartpuller.com\/es\/areas-de-enderezamiento\/estructuras-tipo-cajon\/#primaryimage"},"thumbnailUrl":"https:\/\/smartpuller.com\/\/wp-content\/uploads\/2016\/01\/Dent-pulling-box-structures-drawing1_hires.jpg","datePublished":"2016-01-13T09:19:36+00:00","dateModified":"2017-11-10T08:00:27+00:00","description":"SmartPuller technology enables e.g. dent pulling of box structures to all needed directions. The structure of adjustable rubber pads allow them to take a shape that will not damage the supporting area.","breadcrumb":{"@id":"https:\/\/smartpuller.com\/es\/areas-de-enderezamiento\/estructuras-tipo-cajon\/#breadcrumb"},"inLanguage":"es","potentialAction":[{"@type":"ReadAction","target":["https:\/\/smartpuller.com\/es\/areas-de-enderezamiento\/estructuras-tipo-cajon\/"]}]},{"@type":"ImageObject","inLanguage":"es","@id":"https:\/\/smartpuller.com\/es\/areas-de-enderezamiento\/estructuras-tipo-cajon\/#primaryimage","url":"https:\/\/smartpuller.com\/\/wp-content\/uploads\/2016\/01\/Dent-pulling-box-structures-drawing1_hires.jpg","contentUrl":"https:\/\/smartpuller.com\/\/wp-content\/uploads\/2016\/01\/Dent-pulling-box-structures-drawing1_hires.jpg"},{"@type":"BreadcrumbList","@id":"https:\/\/smartpuller.com\/es\/areas-de-enderezamiento\/estructuras-tipo-cajon\/#breadcrumb","itemListElement":[{"@type":"ListItem","position":1,"name":"Home","item":"https:\/\/smartpuller.com\/es\/"},{"@type":"ListItem","position":2,"name":"\u00c1reas de Enderezamiento","item":"https:\/\/smartpuller.com\/es\/areas-de-enderezamiento\/"},{"@type":"ListItem","position":3,"name":"Enderezar estructuras tipo caj\u00f3n"}]},{"@type":"WebSite","@id":"https:\/\/smartpuller.com\/fi\/#website","url":"https:\/\/smartpuller.com\/fi\/","name":"SmartPuller","description":"SmartPuller","potentialAction":[{"@type":"SearchAction","target":{"@type":"EntryPoint","urlTemplate":"https:\/\/smartpuller.com\/fi\/?s={search_term_string}"},"query-input":{"@type":"PropertyValueSpecification","valueRequired":true,"valueName":"search_term_string"}}],"inLanguage":"es"}]}},"_links":{"self":[{"href":"https:\/\/smartpuller.com\/es\/wp-json\/wp\/v2\/pages\/2160","targetHints":{"allow":["GET"]}}],"collection":[{"href":"https:\/\/smartpuller.com\/es\/wp-json\/wp\/v2\/pages"}],"about":[{"href":"https:\/\/smartpuller.com\/es\/wp-json\/wp\/v2\/types\/page"}],"author":[{"embeddable":true,"href":"https:\/\/smartpuller.com\/es\/wp-json\/wp\/v2\/users\/101"}],"replies":[{"embeddable":true,"href":"https:\/\/smartpuller.com\/es\/wp-json\/wp\/v2\/comments?post=2160"}],"version-history":[{"count":0,"href":"https:\/\/smartpuller.com\/es\/wp-json\/wp\/v2\/pages\/2160\/revisions"}],"up":[{"embeddable":true,"href":"https:\/\/smartpuller.com\/es\/wp-json\/wp\/v2\/pages\/2141"}],"wp:attachment":[{"href":"https:\/\/smartpuller.com\/es\/wp-json\/wp\/v2\/media?parent=2160"}],"curies":[{"name":"wp","href":"https:\/\/api.w.org\/{rel}","templated":true}]}}