{"id":2147,"date":"2017-09-25T08:38:48","date_gmt":"2017-09-25T05:38:48","guid":{"rendered":"https:\/\/smartpuller.com\/?page_id=2147"},"modified":"2017-12-21T10:00:48","modified_gmt":"2017-12-21T08:00:48","slug":"parte-delantera-del-vehiculo","status":"publish","type":"page","link":"https:\/\/smartpuller.com\/es\/areas-de-enderezamiento\/parte-delantera-del-vehiculo\/","title":{"rendered":"Enderezar parte delantera del veh\u00edculo"},"content":{"rendered":"<div id=\"pl-2147\"  class=\"panel-layout\" ><div id=\"pg-2147-0\"  class=\"panel-grid panel-no-style\" ><div id=\"pgc-2147-0-0\"  class=\"panel-grid-cell\" ><div id=\"panel-2147-0-0-0\" class=\"so-panel widget widget_sow-editor panel-first-child panel-last-child\" data-index=\"0\" ><div\n\t\t\t\n\t\t\tclass=\"so-widget-sow-editor so-widget-sow-editor-base\"\n\t\t\t\n\t\t>\n<div class=\"siteorigin-widget-tinymce textwidget\">\n\t<p><a href=\"https:\/\/smartpuller.com\/\/wp-content\/uploads\/2016\/02\/dent-pulling-vehicle-front_picture3_hires.jpg\" rel=\"attachment wp-att-450 lightbox\" data-rel=\"lightbox-image-0\" data-rl_title=\"\" data-rl_caption=\"\" title=\"\"><img loading=\"lazy\" decoding=\"async\" class=\"alignnone size-full wp-image-450\" src=\"https:\/\/smartpuller.com\/\/wp-content\/uploads\/2016\/02\/dent-pulling-vehicle-front_picture3_hires.jpg\" alt=\"dent-pulling-vehicle-front_picture3_hires\" width=\"1000\" height=\"806\" srcset=\"https:\/\/smartpuller.com\/wp-content\/uploads\/2016\/02\/dent-pulling-vehicle-front_picture3_hires.jpg 1000w, https:\/\/smartpuller.com\/wp-content\/uploads\/2016\/02\/dent-pulling-vehicle-front_picture3_hires-600x484.jpg 600w, https:\/\/smartpuller.com\/wp-content\/uploads\/2016\/02\/dent-pulling-vehicle-front_picture3_hires-300x242.jpg 300w, https:\/\/smartpuller.com\/wp-content\/uploads\/2016\/02\/dent-pulling-vehicle-front_picture3_hires-768x619.jpg 768w\" sizes=\"auto, (max-width: 1000px) 100vw, 1000px\" \/><\/a><br \/>\n<em>Enderezar el frente del veh\u00edculo se hace instalando el soporte superior al panel frontal \u00f3 en la base de McPherson e instalando el soporte inferior como se muestra en las im\u00e1genes.<\/em><\/p>\n<div id='gallery-1' class='gallery galleryid-2147 gallery-columns-2 gallery-size-medium'><figure class='gallery-item'>\n\t\t\t<div class='gallery-icon landscape'>\n\t\t\t\t<a href='https:\/\/smartpuller.com\/wp-content\/uploads\/2016\/02\/dent-pulling-vehicle-front-drawing2-hires.jpg' title=\"\" data-rl_title=\"\" class=\"rl-gallery-link\" data-rl_caption=\"\" data-rel=\"lightbox-gallery-1\"><img loading=\"lazy\" decoding=\"async\" width=\"300\" height=\"297\" src=\"https:\/\/smartpuller.com\/wp-content\/uploads\/2016\/02\/dent-pulling-vehicle-front-drawing2-hires.jpg\" class=\"attachment-medium size-medium\" alt=\"\" srcset=\"https:\/\/smartpuller.com\/wp-content\/uploads\/2016\/02\/dent-pulling-vehicle-front-drawing2-hires.jpg 500w, https:\/\/smartpuller.com\/wp-content\/uploads\/2016\/02\/dent-pulling-vehicle-front-drawing2-hires-100x100.jpg 100w\" sizes=\"auto, (max-width: 300px) 100vw, 300px\" \/><\/a>\n\t\t\t<\/div><\/figure><figure class='gallery-item'>\n\t\t\t<div class='gallery-icon portrait'>\n\t\t\t\t<a href='https:\/\/smartpuller.com\/wp-content\/uploads\/2016\/02\/dent-pulling-vehicle-front-drawing3-hires.jpg' title=\"\" data-rl_title=\"\" class=\"rl-gallery-link\" data-rl_caption=\"\" data-rel=\"lightbox-gallery-1\"><img loading=\"lazy\" decoding=\"async\" width=\"300\" height=\"300\" src=\"https:\/\/smartpuller.com\/wp-content\/uploads\/2016\/02\/dent-pulling-vehicle-front-drawing3-hires.jpg\" class=\"attachment-medium size-medium\" alt=\"\" srcset=\"https:\/\/smartpuller.com\/wp-content\/uploads\/2016\/02\/dent-pulling-vehicle-front-drawing3-hires.jpg 500w, https:\/\/smartpuller.com\/wp-content\/uploads\/2016\/02\/dent-pulling-vehicle-front-drawing3-hires-100x100.jpg 100w\" sizes=\"auto, (max-width: 300px) 100vw, 300px\" \/><\/a>\n\t\t\t<\/div><\/figure>\n\t\t<\/div>\n\n<\/div>\n<\/div><\/div><\/div><\/div><div id=\"pg-2147-1\"  class=\"panel-grid panel-no-style\" ><div id=\"pgc-2147-1-0\"  class=\"panel-grid-cell\" ><div id=\"panel-2147-1-0-0\" class=\"so-panel widget widget_sow-editor panel-first-child panel-last-child\" data-index=\"1\" ><div\n\t\t\t\n\t\t\tclass=\"so-widget-sow-editor so-widget-sow-editor-base\"\n\t\t\t\n\t\t>\n<div class=\"siteorigin-widget-tinymce textwidget\">\n\t<p><a href=\"https:\/\/smartpuller.com\/\/wp-content\/uploads\/2016\/02\/dent-pulling-vehicle-front_picture2_hires.jpg\" rel=\"attachment wp-att-448 lightbox\" data-rel=\"lightbox-image-3\" data-rl_title=\"\" data-rl_caption=\"\" title=\"\"><img loading=\"lazy\" decoding=\"async\" class=\"alignnone size-full wp-image-448\" src=\"https:\/\/smartpuller.com\/\/wp-content\/uploads\/2016\/02\/dent-pulling-vehicle-front_picture2_hires.jpg\" alt=\"dent-pulling-vehicle-front_picture2_hires\" width=\"1000\" height=\"750\" srcset=\"https:\/\/smartpuller.com\/wp-content\/uploads\/2016\/02\/dent-pulling-vehicle-front_picture2_hires.jpg 1000w, https:\/\/smartpuller.com\/wp-content\/uploads\/2016\/02\/dent-pulling-vehicle-front_picture2_hires-600x450.jpg 600w, https:\/\/smartpuller.com\/wp-content\/uploads\/2016\/02\/dent-pulling-vehicle-front_picture2_hires-300x225.jpg 300w, https:\/\/smartpuller.com\/wp-content\/uploads\/2016\/02\/dent-pulling-vehicle-front_picture2_hires-768x576.jpg 768w\" sizes=\"auto, (max-width: 1000px) 100vw, 1000px\" \/><\/a><\/p>\n<\/div>\n<\/div><\/div><\/div><div id=\"pgc-2147-1-1\"  class=\"panel-grid-cell\" ><div id=\"panel-2147-1-1-0\" class=\"so-panel widget widget_sow-editor panel-first-child panel-last-child\" data-index=\"2\" ><div\n\t\t\t\n\t\t\tclass=\"so-widget-sow-editor so-widget-sow-editor-base\"\n\t\t\t\n\t\t>\n<div class=\"siteorigin-widget-tinymce textwidget\">\n\t<p><em>La posibilidad de Doble Tiro aumenta la utilizaci\u00f3n de SmartPuller hasta los m\u00e1s exigentes trabajos de enderezado. En la imagen pueden observar el empleo de dos tornillos de enderezado con sus mordazas respectivas.<\/em><\/p>\n<p><img loading=\"lazy\" decoding=\"async\" class=\"alignnone size-medium wp-image-452\" src=\"https:\/\/smartpuller.com\/\/wp-content\/uploads\/2016\/02\/dent-pulling-vehicle-front-drawing1-hires-300x207.jpg\" alt=\"dent-pulling-vehicle-front-drawing1-hires\" width=\"300\" height=\"207\" srcset=\"https:\/\/smartpuller.com\/wp-content\/uploads\/2016\/02\/dent-pulling-vehicle-front-drawing1-hires-300x207.jpg 300w, https:\/\/smartpuller.com\/wp-content\/uploads\/2016\/02\/dent-pulling-vehicle-front-drawing1-hires.jpg 500w\" sizes=\"auto, (max-width: 300px) 100vw, 300px\" \/><\/p>\n<\/div>\n<\/div><\/div><\/div><\/div><div id=\"pg-2147-2\"  class=\"panel-grid panel-no-style\" ><div id=\"pgc-2147-2-0\"  class=\"panel-grid-cell\" ><div id=\"panel-2147-2-0-0\" class=\"so-panel widget widget_sow-editor panel-first-child panel-last-child\" data-index=\"3\" ><div\n\t\t\t\n\t\t\tclass=\"so-widget-sow-editor so-widget-sow-editor-base\"\n\t\t\t\n\t\t>\n<div class=\"siteorigin-widget-tinymce textwidget\">\n\t<p>\u00bb <a href=\"https:\/\/youtu.be\/aBvPlHaCdJo\" target=\"_blank\" rel=\"noopener\">Video para enderezar parte delantera del veh\u00edculo<\/a><\/p>\n<div class=\"nappilinkki\"><a href=\"\/es\/contacto\/como-comprar\/\">\u00bb COMO COMPRAR<\/a><\/div>\n<\/div>\n<\/div><\/div><\/div><\/div><\/div>","protected":false},"excerpt":{"rendered":"<p>Enderezar el frente del veh\u00edculo se hace instalando el soporte superior al panel frontal \u00f3 en la base de McPherson e instalando el soporte inferior como se muestra en las im\u00e1genes. La posibilidad de Doble Tiro aumenta la utilizaci\u00f3n de SmartPuller hasta los m\u00e1s exigentes trabajos de enderezado. En la imagen pueden observar el empleo [&hellip;]<\/p>\n","protected":false},"author":101,"featured_media":0,"parent":2141,"menu_order":210,"comment_status":"closed","ping_status":"closed","template":"","meta":{"_genesis_hide_title":false,"_genesis_hide_breadcrumbs":false,"_genesis_hide_singular_image":false,"_genesis_hide_footer_widgets":false,"_genesis_custom_body_class":"","_genesis_custom_post_class":"","_genesis_layout":"","footnotes":""},"class_list":{"0":"post-2147","1":"page","2":"type-page","3":"status-publish","5":"entry","6":"has-post-thumbnail"},"yoast_head":"<!-- This site is optimized with the Yoast SEO plugin v27.4 - https:\/\/yoast.com\/product\/yoast-seo-wordpress\/ -->\n<title>Enderezar parte delantera del veh\u00edculo<\/title>\n<meta name=\"description\" content=\"Enderezar el frente del veh\u00edculo se hace instalando el soporte superior al panel frontal \u00f3 en la base de McPherson e instalando el soporte inferior como\" \/>\n<meta name=\"robots\" content=\"noindex, follow\" \/>\n<meta property=\"og:locale\" content=\"es_ES\" \/>\n<meta property=\"og:type\" content=\"article\" \/>\n<meta property=\"og:title\" content=\"Enderezar parte delantera del veh\u00edculo\" \/>\n<meta property=\"og:description\" content=\"Enderezar el frente del veh\u00edculo se hace instalando el soporte superior al panel frontal \u00f3 en la base de McPherson e instalando el soporte inferior como\" \/>\n<meta property=\"og:url\" content=\"https:\/\/smartpuller.com\/es\/areas-de-enderezamiento\/parte-delantera-del-vehiculo\/\" \/>\n<meta property=\"og:site_name\" content=\"SmartPuller\" \/>\n<meta property=\"article:publisher\" content=\"https:\/\/www.facebook.com\/smartpuller\/\" \/>\n<meta property=\"article:modified_time\" content=\"2017-12-21T08:00:48+00:00\" \/>\n<meta property=\"og:image\" content=\"https:\/\/smartpuller.com\/wp-content\/uploads\/2016\/02\/dent-pulling-vehicle-front-drawing2-hires.jpg\" \/>\n<meta name=\"twitter:card\" content=\"summary_large_image\" \/>\n<script type=\"application\/ld+json\" class=\"yoast-schema-graph\">{\"@context\":\"https:\\\/\\\/schema.org\",\"@graph\":[{\"@type\":\"WebPage\",\"@id\":\"https:\\\/\\\/smartpuller.com\\\/es\\\/areas-de-enderezamiento\\\/parte-delantera-del-vehiculo\\\/\",\"url\":\"https:\\\/\\\/smartpuller.com\\\/es\\\/areas-de-enderezamiento\\\/parte-delantera-del-vehiculo\\\/\",\"name\":\"Enderezar parte delantera del veh\u00edculo\",\"isPartOf\":{\"@id\":\"https:\\\/\\\/smartpuller.com\\\/fi\\\/#website\"},\"primaryImageOfPage\":{\"@id\":\"https:\\\/\\\/smartpuller.com\\\/es\\\/areas-de-enderezamiento\\\/parte-delantera-del-vehiculo\\\/#primaryimage\"},\"image\":{\"@id\":\"https:\\\/\\\/smartpuller.com\\\/es\\\/areas-de-enderezamiento\\\/parte-delantera-del-vehiculo\\\/#primaryimage\"},\"thumbnailUrl\":\"https:\\\/\\\/smartpuller.com\\\/\\\/wp-content\\\/uploads\\\/2016\\\/02\\\/dent-pulling-vehicle-front_picture3_hires.jpg\",\"datePublished\":\"2017-09-25T05:38:48+00:00\",\"dateModified\":\"2017-12-21T08:00:48+00:00\",\"description\":\"Enderezar el frente del veh\u00edculo se hace instalando el soporte superior al panel frontal \u00f3 en la base de McPherson e instalando el soporte inferior como\",\"breadcrumb\":{\"@id\":\"https:\\\/\\\/smartpuller.com\\\/es\\\/areas-de-enderezamiento\\\/parte-delantera-del-vehiculo\\\/#breadcrumb\"},\"inLanguage\":\"es\",\"potentialAction\":[{\"@type\":\"ReadAction\",\"target\":[\"https:\\\/\\\/smartpuller.com\\\/es\\\/areas-de-enderezamiento\\\/parte-delantera-del-vehiculo\\\/\"]}]},{\"@type\":\"ImageObject\",\"inLanguage\":\"es\",\"@id\":\"https:\\\/\\\/smartpuller.com\\\/es\\\/areas-de-enderezamiento\\\/parte-delantera-del-vehiculo\\\/#primaryimage\",\"url\":\"https:\\\/\\\/smartpuller.com\\\/\\\/wp-content\\\/uploads\\\/2016\\\/02\\\/dent-pulling-vehicle-front_picture3_hires.jpg\",\"contentUrl\":\"https:\\\/\\\/smartpuller.com\\\/\\\/wp-content\\\/uploads\\\/2016\\\/02\\\/dent-pulling-vehicle-front_picture3_hires.jpg\"},{\"@type\":\"BreadcrumbList\",\"@id\":\"https:\\\/\\\/smartpuller.com\\\/es\\\/areas-de-enderezamiento\\\/parte-delantera-del-vehiculo\\\/#breadcrumb\",\"itemListElement\":[{\"@type\":\"ListItem\",\"position\":1,\"name\":\"Home\",\"item\":\"https:\\\/\\\/smartpuller.com\\\/es\\\/\"},{\"@type\":\"ListItem\",\"position\":2,\"name\":\"\u00c1reas de Enderezamiento\",\"item\":\"https:\\\/\\\/smartpuller.com\\\/es\\\/areas-de-enderezamiento\\\/\"},{\"@type\":\"ListItem\",\"position\":3,\"name\":\"Enderezar parte delantera del veh\u00edculo\"}]},{\"@type\":\"WebSite\",\"@id\":\"https:\\\/\\\/smartpuller.com\\\/fi\\\/#website\",\"url\":\"https:\\\/\\\/smartpuller.com\\\/fi\\\/\",\"name\":\"SmartPuller\",\"description\":\"SmartPuller\",\"potentialAction\":[{\"@type\":\"SearchAction\",\"target\":{\"@type\":\"EntryPoint\",\"urlTemplate\":\"https:\\\/\\\/smartpuller.com\\\/fi\\\/?s={search_term_string}\"},\"query-input\":{\"@type\":\"PropertyValueSpecification\",\"valueRequired\":true,\"valueName\":\"search_term_string\"}}],\"inLanguage\":\"es\"}]}<\/script>\n<!-- \/ Yoast SEO plugin. -->","yoast_head_json":{"title":"Enderezar parte delantera del veh\u00edculo","description":"Enderezar el frente del veh\u00edculo se hace instalando el soporte superior al panel frontal \u00f3 en la base de McPherson e instalando el soporte inferior como","robots":{"index":"noindex","follow":"follow"},"og_locale":"es_ES","og_type":"article","og_title":"Enderezar parte delantera del veh\u00edculo","og_description":"Enderezar el frente del veh\u00edculo se hace instalando el soporte superior al panel frontal \u00f3 en la base de McPherson e instalando el soporte inferior como","og_url":"https:\/\/smartpuller.com\/es\/areas-de-enderezamiento\/parte-delantera-del-vehiculo\/","og_site_name":"SmartPuller","article_publisher":"https:\/\/www.facebook.com\/smartpuller\/","article_modified_time":"2017-12-21T08:00:48+00:00","og_image":[{"url":"https:\/\/smartpuller.com\/wp-content\/uploads\/2016\/02\/dent-pulling-vehicle-front-drawing2-hires.jpg","type":"","width":"","height":""}],"twitter_card":"summary_large_image","schema":{"@context":"https:\/\/schema.org","@graph":[{"@type":"WebPage","@id":"https:\/\/smartpuller.com\/es\/areas-de-enderezamiento\/parte-delantera-del-vehiculo\/","url":"https:\/\/smartpuller.com\/es\/areas-de-enderezamiento\/parte-delantera-del-vehiculo\/","name":"Enderezar parte delantera del veh\u00edculo","isPartOf":{"@id":"https:\/\/smartpuller.com\/fi\/#website"},"primaryImageOfPage":{"@id":"https:\/\/smartpuller.com\/es\/areas-de-enderezamiento\/parte-delantera-del-vehiculo\/#primaryimage"},"image":{"@id":"https:\/\/smartpuller.com\/es\/areas-de-enderezamiento\/parte-delantera-del-vehiculo\/#primaryimage"},"thumbnailUrl":"https:\/\/smartpuller.com\/\/wp-content\/uploads\/2016\/02\/dent-pulling-vehicle-front_picture3_hires.jpg","datePublished":"2017-09-25T05:38:48+00:00","dateModified":"2017-12-21T08:00:48+00:00","description":"Enderezar el frente del veh\u00edculo se hace instalando el soporte superior al panel frontal \u00f3 en la base de McPherson e instalando el soporte inferior como","breadcrumb":{"@id":"https:\/\/smartpuller.com\/es\/areas-de-enderezamiento\/parte-delantera-del-vehiculo\/#breadcrumb"},"inLanguage":"es","potentialAction":[{"@type":"ReadAction","target":["https:\/\/smartpuller.com\/es\/areas-de-enderezamiento\/parte-delantera-del-vehiculo\/"]}]},{"@type":"ImageObject","inLanguage":"es","@id":"https:\/\/smartpuller.com\/es\/areas-de-enderezamiento\/parte-delantera-del-vehiculo\/#primaryimage","url":"https:\/\/smartpuller.com\/\/wp-content\/uploads\/2016\/02\/dent-pulling-vehicle-front_picture3_hires.jpg","contentUrl":"https:\/\/smartpuller.com\/\/wp-content\/uploads\/2016\/02\/dent-pulling-vehicle-front_picture3_hires.jpg"},{"@type":"BreadcrumbList","@id":"https:\/\/smartpuller.com\/es\/areas-de-enderezamiento\/parte-delantera-del-vehiculo\/#breadcrumb","itemListElement":[{"@type":"ListItem","position":1,"name":"Home","item":"https:\/\/smartpuller.com\/es\/"},{"@type":"ListItem","position":2,"name":"\u00c1reas de Enderezamiento","item":"https:\/\/smartpuller.com\/es\/areas-de-enderezamiento\/"},{"@type":"ListItem","position":3,"name":"Enderezar parte delantera del veh\u00edculo"}]},{"@type":"WebSite","@id":"https:\/\/smartpuller.com\/fi\/#website","url":"https:\/\/smartpuller.com\/fi\/","name":"SmartPuller","description":"SmartPuller","potentialAction":[{"@type":"SearchAction","target":{"@type":"EntryPoint","urlTemplate":"https:\/\/smartpuller.com\/fi\/?s={search_term_string}"},"query-input":{"@type":"PropertyValueSpecification","valueRequired":true,"valueName":"search_term_string"}}],"inLanguage":"es"}]}},"_links":{"self":[{"href":"https:\/\/smartpuller.com\/es\/wp-json\/wp\/v2\/pages\/2147","targetHints":{"allow":["GET"]}}],"collection":[{"href":"https:\/\/smartpuller.com\/es\/wp-json\/wp\/v2\/pages"}],"about":[{"href":"https:\/\/smartpuller.com\/es\/wp-json\/wp\/v2\/types\/page"}],"author":[{"embeddable":true,"href":"https:\/\/smartpuller.com\/es\/wp-json\/wp\/v2\/users\/101"}],"replies":[{"embeddable":true,"href":"https:\/\/smartpuller.com\/es\/wp-json\/wp\/v2\/comments?post=2147"}],"version-history":[{"count":0,"href":"https:\/\/smartpuller.com\/es\/wp-json\/wp\/v2\/pages\/2147\/revisions"}],"up":[{"embeddable":true,"href":"https:\/\/smartpuller.com\/es\/wp-json\/wp\/v2\/pages\/2141"}],"wp:attachment":[{"href":"https:\/\/smartpuller.com\/es\/wp-json\/wp\/v2\/media?parent=2147"}],"curies":[{"name":"wp","href":"https:\/\/api.w.org\/{rel}","templated":true}]}}