{"id":2144,"date":"2017-09-18T09:05:14","date_gmt":"2017-09-18T06:05:14","guid":{"rendered":"https:\/\/smartpuller.com\/dent-pulling-areas\/vehicle-front\/"},"modified":"2017-12-21T10:00:59","modified_gmt":"2017-12-21T08:00:59","slug":"capo-del-vehiculo","status":"publish","type":"page","link":"https:\/\/smartpuller.com\/es\/areas-de-enderezamiento\/capo-del-vehiculo\/","title":{"rendered":"Enderezar el cap\u00f3 del veh\u00edculo"},"content":{"rendered":"<div id=\"pl-2144\"  class=\"panel-layout\" ><div id=\"pg-2144-0\"  class=\"panel-grid panel-no-style\" ><div id=\"pgc-2144-0-0\"  class=\"panel-grid-cell\" ><div id=\"panel-2144-0-0-0\" class=\"so-panel widget widget_sow-editor panel-first-child panel-last-child\" data-index=\"0\" ><div\n\t\t\t\n\t\t\tclass=\"so-widget-sow-editor so-widget-sow-editor-base\"\n\t\t\t\n\t\t>\n<div class=\"siteorigin-widget-tinymce textwidget\">\n\t<p><a href=\"https:\/\/smartpuller.com\/\/wp-content\/uploads\/2016\/02\/dent-pulling-vehicle-front_picture1_hires.jpg\" rel=\"attachment wp-att-446 lightbox\" data-rel=\"lightbox-image-0\" data-rl_title=\"\" data-rl_caption=\"\" title=\"\"><img loading=\"lazy\" decoding=\"async\" class=\"alignnone size-full wp-image-446\" src=\"https:\/\/smartpuller.com\/\/wp-content\/uploads\/2016\/02\/dent-pulling-vehicle-front_picture1_hires.jpg\" alt=\"dent-pulling-vehicle-front_picture1_hires\" width=\"1000\" height=\"736\" srcset=\"https:\/\/smartpuller.com\/wp-content\/uploads\/2016\/02\/dent-pulling-vehicle-front_picture1_hires.jpg 1000w, https:\/\/smartpuller.com\/wp-content\/uploads\/2016\/02\/dent-pulling-vehicle-front_picture1_hires-600x442.jpg 600w, https:\/\/smartpuller.com\/wp-content\/uploads\/2016\/02\/dent-pulling-vehicle-front_picture1_hires-300x221.jpg 300w, https:\/\/smartpuller.com\/wp-content\/uploads\/2016\/02\/dent-pulling-vehicle-front_picture1_hires-768x565.jpg 768w\" sizes=\"auto, (max-width: 1000px) 100vw, 1000px\" \/><\/a><br \/>\n<em>Los soportes de goma ajustables (C) instalados en la barra (B) facilitan la b\u00fasqueda r\u00e1pida de las posiciones para enderezar. Esto permite ejecutar una variedad de trabajos sin la necesidad de usar el Banco de Enderezado.<\/em><\/p>\n<\/div>\n<\/div><\/div><\/div><\/div><div id=\"pg-2144-1\"  class=\"panel-grid panel-no-style\" ><div id=\"pgc-2144-1-0\"  class=\"panel-grid-cell\" ><div id=\"panel-2144-1-0-0\" class=\"so-panel widget widget_sow-editor panel-first-child panel-last-child\" data-index=\"1\" ><div\n\t\t\t\n\t\t\tclass=\"so-widget-sow-editor so-widget-sow-editor-base\"\n\t\t\t\n\t\t><h3 class=\"widget-title\">Enderezamiento del cap\u00f3 del veh\u00edculo<\/h3>\n<div class=\"siteorigin-widget-tinymce textwidget\">\n\t<div id='gallery-1' class='gallery galleryid-2144 gallery-columns-2 gallery-size-medium'><figure class='gallery-item'>\n\t\t\t<div class='gallery-icon landscape'>\n\t\t\t\t<a href='https:\/\/smartpuller.com\/wp-content\/uploads\/2016\/01\/vehicle-front-with-accessories_picture1.jpg' title=\"\" data-rl_title=\"\" class=\"rl-gallery-link\" data-rl_caption=\"\" data-rel=\"lightbox-gallery-1\"><img loading=\"lazy\" decoding=\"async\" width=\"300\" height=\"243\" src=\"https:\/\/smartpuller.com\/wp-content\/uploads\/2016\/01\/vehicle-front-with-accessories_picture1.jpg\" class=\"attachment-medium size-medium\" alt=\"\" srcset=\"https:\/\/smartpuller.com\/wp-content\/uploads\/2016\/01\/vehicle-front-with-accessories_picture1.jpg 1000w, https:\/\/smartpuller.com\/wp-content\/uploads\/2016\/01\/vehicle-front-with-accessories_picture1-600x486.jpg 600w\" sizes=\"auto, (max-width: 300px) 100vw, 300px\" \/><\/a>\n\t\t\t<\/div><\/figure><figure class='gallery-item'>\n\t\t\t<div class='gallery-icon landscape'>\n\t\t\t\t<a href='https:\/\/smartpuller.com\/wp-content\/uploads\/2017\/09\/vehicle-front-with-accessories_drawing1.jpg' title=\"\" data-rl_title=\"\" class=\"rl-gallery-link\" data-rl_caption=\"\" data-rel=\"lightbox-gallery-1\"><img loading=\"lazy\" decoding=\"async\" width=\"300\" height=\"243\" src=\"https:\/\/smartpuller.com\/wp-content\/uploads\/2017\/09\/vehicle-front-with-accessories_drawing1.jpg\" class=\"attachment-medium size-medium\" alt=\"\" srcset=\"https:\/\/smartpuller.com\/wp-content\/uploads\/2017\/09\/vehicle-front-with-accessories_drawing1.jpg 1000w, https:\/\/smartpuller.com\/wp-content\/uploads\/2017\/09\/vehicle-front-with-accessories_drawing1-600x486.jpg 600w\" sizes=\"auto, (max-width: 300px) 100vw, 300px\" \/><\/a>\n\t\t\t<\/div><\/figure>\n\t\t<\/div>\n\n<p><em>Para enderezar la base de la cerradura del cap\u00f3 y otras partes delanteras del veh\u00edculo el soporte superior se hace con la pieza A-14+11-1 en el tornillo de fijaci\u00f3n de McPhersson.<\/em><\/p>\n<div id='gallery-2' class='gallery galleryid-2144 gallery-columns-2 gallery-size-medium'><figure class='gallery-item'>\n\t\t\t<div class='gallery-icon landscape'>\n\t\t\t\t<a href='https:\/\/smartpuller.com\/wp-content\/uploads\/2016\/01\/vehicle-front-with-accessories_picture2.jpg' title=\"\" data-rl_title=\"\" class=\"rl-gallery-link\" data-rl_caption=\"\" data-rel=\"lightbox-gallery-2\"><img loading=\"lazy\" decoding=\"async\" width=\"300\" height=\"226\" src=\"https:\/\/smartpuller.com\/wp-content\/uploads\/2016\/01\/vehicle-front-with-accessories_picture2.jpg\" class=\"attachment-medium size-medium\" alt=\"\" srcset=\"https:\/\/smartpuller.com\/wp-content\/uploads\/2016\/01\/vehicle-front-with-accessories_picture2.jpg 1000w, https:\/\/smartpuller.com\/wp-content\/uploads\/2016\/01\/vehicle-front-with-accessories_picture2-600x452.jpg 600w\" sizes=\"auto, (max-width: 300px) 100vw, 300px\" \/><\/a>\n\t\t\t<\/div><\/figure><figure class='gallery-item'>\n\t\t\t<div class='gallery-icon landscape'>\n\t\t\t\t<a href='https:\/\/smartpuller.com\/wp-content\/uploads\/2017\/09\/vehicle-front-with-accessories_drawing2.jpg' title=\"\" data-rl_title=\"\" class=\"rl-gallery-link\" data-rl_caption=\"\" data-rel=\"lightbox-gallery-2\"><img loading=\"lazy\" decoding=\"async\" width=\"300\" height=\"243\" src=\"https:\/\/smartpuller.com\/wp-content\/uploads\/2017\/09\/vehicle-front-with-accessories_drawing2.jpg\" class=\"attachment-medium size-medium\" alt=\"\" srcset=\"https:\/\/smartpuller.com\/wp-content\/uploads\/2017\/09\/vehicle-front-with-accessories_drawing2.jpg 1000w, https:\/\/smartpuller.com\/wp-content\/uploads\/2017\/09\/vehicle-front-with-accessories_drawing2-600x486.jpg 600w\" sizes=\"auto, (max-width: 300px) 100vw, 300px\" \/><\/a>\n\t\t\t<\/div><\/figure>\n\t\t<\/div>\n\n<p><em>SmartPuller funciona tambi\u00e9n para enderezar los cap\u00f3s y tapas de las maletas. Para reparar longitudinalmente se usa la mordaza H31+.<\/em><\/p>\n<\/div>\n<\/div><\/div><\/div><\/div><div id=\"pg-2144-2\"  class=\"panel-grid panel-no-style\" ><div id=\"pgc-2144-2-0\"  class=\"panel-grid-cell\" ><div id=\"panel-2144-2-0-0\" class=\"so-panel widget widget_sow-editor panel-first-child panel-last-child\" data-index=\"2\" ><div\n\t\t\t\n\t\t\tclass=\"so-widget-sow-editor so-widget-sow-editor-base\"\n\t\t\t\n\t\t>\n<div class=\"siteorigin-widget-tinymce textwidget\">\n\t<p>\u00bb <a href=\"https:\/\/youtu.be\/fPhkKpE-5iQ\" target=\"_blank\" rel=\"noopener\">Video para enderezar el cap\u00f3 del veh\u00edculo<\/a><\/p>\n<div class=\"nappilinkki\"><a href=\"\/es\/contacto\/como-comprar\/\">\u00bb COMO COMPRAR<\/a><\/div>\n<\/div>\n<\/div><\/div><\/div><\/div><\/div>","protected":false},"excerpt":{"rendered":"<p>Los soportes de goma ajustables (C) instalados en la barra (B) facilitan la b\u00fasqueda r\u00e1pida de las posiciones para enderezar. Esto permite ejecutar una variedad de trabajos sin la necesidad de usar el Banco de Enderezado. Para enderezar la base de la cerradura del cap\u00f3 y otras partes delanteras del veh\u00edculo el soporte superior se [&hellip;]<\/p>\n","protected":false},"author":101,"featured_media":0,"parent":2141,"menu_order":0,"comment_status":"closed","ping_status":"closed","template":"","meta":{"_genesis_hide_title":false,"_genesis_hide_breadcrumbs":false,"_genesis_hide_singular_image":false,"_genesis_hide_footer_widgets":false,"_genesis_custom_body_class":"","_genesis_custom_post_class":"","_genesis_layout":"","footnotes":""},"class_list":{"0":"post-2144","1":"page","2":"type-page","3":"status-publish","5":"entry"},"yoast_head":"<!-- This site is optimized with the Yoast SEO plugin v27.4 - https:\/\/yoast.com\/product\/yoast-seo-wordpress\/ -->\n<title>Enderezar el cap\u00f3 del veh\u00edculo<\/title>\n<meta name=\"description\" content=\"Los soportes de goma ajustables (C) instalados en la barra (B) facilitan la b\u00fasqueda r\u00e1pida de las posiciones para enderezar. Esto permite ejecutar una\" \/>\n<meta name=\"robots\" content=\"noindex, follow\" \/>\n<meta property=\"og:locale\" content=\"es_ES\" \/>\n<meta property=\"og:type\" content=\"article\" \/>\n<meta property=\"og:title\" content=\"Enderezar el cap\u00f3 del veh\u00edculo\" \/>\n<meta property=\"og:description\" content=\"Los soportes de goma ajustables (C) instalados en la barra (B) facilitan la b\u00fasqueda r\u00e1pida de las posiciones para enderezar. Esto permite ejecutar una\" \/>\n<meta property=\"og:url\" content=\"https:\/\/smartpuller.com\/es\/areas-de-enderezamiento\/capo-del-vehiculo\/\" \/>\n<meta property=\"og:site_name\" content=\"SmartPuller\" \/>\n<meta property=\"article:publisher\" content=\"https:\/\/www.facebook.com\/smartpuller\/\" \/>\n<meta property=\"article:modified_time\" content=\"2017-12-21T08:00:59+00:00\" \/>\n<meta property=\"og:image\" content=\"https:\/\/smartpuller.com\/wp-content\/uploads\/2016\/01\/vehicle-front-with-accessories_picture1.jpg\" \/>\n<meta name=\"twitter:card\" content=\"summary_large_image\" \/>\n<meta name=\"twitter:label1\" content=\"Tiempo de lectura\" \/>\n\t<meta name=\"twitter:data1\" content=\"1 minuto\" \/>\n<script type=\"application\/ld+json\" class=\"yoast-schema-graph\">{\"@context\":\"https:\\\/\\\/schema.org\",\"@graph\":[{\"@type\":\"WebPage\",\"@id\":\"https:\\\/\\\/smartpuller.com\\\/es\\\/areas-de-enderezamiento\\\/capo-del-vehiculo\\\/\",\"url\":\"https:\\\/\\\/smartpuller.com\\\/es\\\/areas-de-enderezamiento\\\/capo-del-vehiculo\\\/\",\"name\":\"Enderezar el cap\u00f3 del veh\u00edculo\",\"isPartOf\":{\"@id\":\"https:\\\/\\\/smartpuller.com\\\/fi\\\/#website\"},\"primaryImageOfPage\":{\"@id\":\"https:\\\/\\\/smartpuller.com\\\/es\\\/areas-de-enderezamiento\\\/capo-del-vehiculo\\\/#primaryimage\"},\"image\":{\"@id\":\"https:\\\/\\\/smartpuller.com\\\/es\\\/areas-de-enderezamiento\\\/capo-del-vehiculo\\\/#primaryimage\"},\"thumbnailUrl\":\"https:\\\/\\\/smartpuller.com\\\/\\\/wp-content\\\/uploads\\\/2016\\\/02\\\/dent-pulling-vehicle-front_picture1_hires.jpg\",\"datePublished\":\"2017-09-18T06:05:14+00:00\",\"dateModified\":\"2017-12-21T08:00:59+00:00\",\"description\":\"Los soportes de goma ajustables (C) instalados en la barra (B) facilitan la b\u00fasqueda r\u00e1pida de las posiciones para enderezar. Esto permite ejecutar una\",\"breadcrumb\":{\"@id\":\"https:\\\/\\\/smartpuller.com\\\/es\\\/areas-de-enderezamiento\\\/capo-del-vehiculo\\\/#breadcrumb\"},\"inLanguage\":\"es\",\"potentialAction\":[{\"@type\":\"ReadAction\",\"target\":[\"https:\\\/\\\/smartpuller.com\\\/es\\\/areas-de-enderezamiento\\\/capo-del-vehiculo\\\/\"]}]},{\"@type\":\"ImageObject\",\"inLanguage\":\"es\",\"@id\":\"https:\\\/\\\/smartpuller.com\\\/es\\\/areas-de-enderezamiento\\\/capo-del-vehiculo\\\/#primaryimage\",\"url\":\"https:\\\/\\\/smartpuller.com\\\/\\\/wp-content\\\/uploads\\\/2016\\\/02\\\/dent-pulling-vehicle-front_picture1_hires.jpg\",\"contentUrl\":\"https:\\\/\\\/smartpuller.com\\\/\\\/wp-content\\\/uploads\\\/2016\\\/02\\\/dent-pulling-vehicle-front_picture1_hires.jpg\"},{\"@type\":\"BreadcrumbList\",\"@id\":\"https:\\\/\\\/smartpuller.com\\\/es\\\/areas-de-enderezamiento\\\/capo-del-vehiculo\\\/#breadcrumb\",\"itemListElement\":[{\"@type\":\"ListItem\",\"position\":1,\"name\":\"Home\",\"item\":\"https:\\\/\\\/smartpuller.com\\\/es\\\/\"},{\"@type\":\"ListItem\",\"position\":2,\"name\":\"\u00c1reas de Enderezamiento\",\"item\":\"https:\\\/\\\/smartpuller.com\\\/es\\\/areas-de-enderezamiento\\\/\"},{\"@type\":\"ListItem\",\"position\":3,\"name\":\"Enderezar el cap\u00f3 del veh\u00edculo\"}]},{\"@type\":\"WebSite\",\"@id\":\"https:\\\/\\\/smartpuller.com\\\/fi\\\/#website\",\"url\":\"https:\\\/\\\/smartpuller.com\\\/fi\\\/\",\"name\":\"SmartPuller\",\"description\":\"SmartPuller\",\"potentialAction\":[{\"@type\":\"SearchAction\",\"target\":{\"@type\":\"EntryPoint\",\"urlTemplate\":\"https:\\\/\\\/smartpuller.com\\\/fi\\\/?s={search_term_string}\"},\"query-input\":{\"@type\":\"PropertyValueSpecification\",\"valueRequired\":true,\"valueName\":\"search_term_string\"}}],\"inLanguage\":\"es\"}]}<\/script>\n<!-- \/ Yoast SEO plugin. -->","yoast_head_json":{"title":"Enderezar el cap\u00f3 del veh\u00edculo","description":"Los soportes de goma ajustables (C) instalados en la barra (B) facilitan la b\u00fasqueda r\u00e1pida de las posiciones para enderezar. Esto permite ejecutar una","robots":{"index":"noindex","follow":"follow"},"og_locale":"es_ES","og_type":"article","og_title":"Enderezar el cap\u00f3 del veh\u00edculo","og_description":"Los soportes de goma ajustables (C) instalados en la barra (B) facilitan la b\u00fasqueda r\u00e1pida de las posiciones para enderezar. Esto permite ejecutar una","og_url":"https:\/\/smartpuller.com\/es\/areas-de-enderezamiento\/capo-del-vehiculo\/","og_site_name":"SmartPuller","article_publisher":"https:\/\/www.facebook.com\/smartpuller\/","article_modified_time":"2017-12-21T08:00:59+00:00","og_image":[{"url":"https:\/\/smartpuller.com\/wp-content\/uploads\/2016\/01\/vehicle-front-with-accessories_picture1.jpg","type":"","width":"","height":""}],"twitter_card":"summary_large_image","twitter_misc":{"Tiempo de lectura":"1 minuto"},"schema":{"@context":"https:\/\/schema.org","@graph":[{"@type":"WebPage","@id":"https:\/\/smartpuller.com\/es\/areas-de-enderezamiento\/capo-del-vehiculo\/","url":"https:\/\/smartpuller.com\/es\/areas-de-enderezamiento\/capo-del-vehiculo\/","name":"Enderezar el cap\u00f3 del veh\u00edculo","isPartOf":{"@id":"https:\/\/smartpuller.com\/fi\/#website"},"primaryImageOfPage":{"@id":"https:\/\/smartpuller.com\/es\/areas-de-enderezamiento\/capo-del-vehiculo\/#primaryimage"},"image":{"@id":"https:\/\/smartpuller.com\/es\/areas-de-enderezamiento\/capo-del-vehiculo\/#primaryimage"},"thumbnailUrl":"https:\/\/smartpuller.com\/\/wp-content\/uploads\/2016\/02\/dent-pulling-vehicle-front_picture1_hires.jpg","datePublished":"2017-09-18T06:05:14+00:00","dateModified":"2017-12-21T08:00:59+00:00","description":"Los soportes de goma ajustables (C) instalados en la barra (B) facilitan la b\u00fasqueda r\u00e1pida de las posiciones para enderezar. Esto permite ejecutar una","breadcrumb":{"@id":"https:\/\/smartpuller.com\/es\/areas-de-enderezamiento\/capo-del-vehiculo\/#breadcrumb"},"inLanguage":"es","potentialAction":[{"@type":"ReadAction","target":["https:\/\/smartpuller.com\/es\/areas-de-enderezamiento\/capo-del-vehiculo\/"]}]},{"@type":"ImageObject","inLanguage":"es","@id":"https:\/\/smartpuller.com\/es\/areas-de-enderezamiento\/capo-del-vehiculo\/#primaryimage","url":"https:\/\/smartpuller.com\/\/wp-content\/uploads\/2016\/02\/dent-pulling-vehicle-front_picture1_hires.jpg","contentUrl":"https:\/\/smartpuller.com\/\/wp-content\/uploads\/2016\/02\/dent-pulling-vehicle-front_picture1_hires.jpg"},{"@type":"BreadcrumbList","@id":"https:\/\/smartpuller.com\/es\/areas-de-enderezamiento\/capo-del-vehiculo\/#breadcrumb","itemListElement":[{"@type":"ListItem","position":1,"name":"Home","item":"https:\/\/smartpuller.com\/es\/"},{"@type":"ListItem","position":2,"name":"\u00c1reas de Enderezamiento","item":"https:\/\/smartpuller.com\/es\/areas-de-enderezamiento\/"},{"@type":"ListItem","position":3,"name":"Enderezar el cap\u00f3 del veh\u00edculo"}]},{"@type":"WebSite","@id":"https:\/\/smartpuller.com\/fi\/#website","url":"https:\/\/smartpuller.com\/fi\/","name":"SmartPuller","description":"SmartPuller","potentialAction":[{"@type":"SearchAction","target":{"@type":"EntryPoint","urlTemplate":"https:\/\/smartpuller.com\/fi\/?s={search_term_string}"},"query-input":{"@type":"PropertyValueSpecification","valueRequired":true,"valueName":"search_term_string"}}],"inLanguage":"es"}]}},"_links":{"self":[{"href":"https:\/\/smartpuller.com\/es\/wp-json\/wp\/v2\/pages\/2144","targetHints":{"allow":["GET"]}}],"collection":[{"href":"https:\/\/smartpuller.com\/es\/wp-json\/wp\/v2\/pages"}],"about":[{"href":"https:\/\/smartpuller.com\/es\/wp-json\/wp\/v2\/types\/page"}],"author":[{"embeddable":true,"href":"https:\/\/smartpuller.com\/es\/wp-json\/wp\/v2\/users\/101"}],"replies":[{"embeddable":true,"href":"https:\/\/smartpuller.com\/es\/wp-json\/wp\/v2\/comments?post=2144"}],"version-history":[{"count":0,"href":"https:\/\/smartpuller.com\/es\/wp-json\/wp\/v2\/pages\/2144\/revisions"}],"up":[{"embeddable":true,"href":"https:\/\/smartpuller.com\/es\/wp-json\/wp\/v2\/pages\/2141"}],"wp:attachment":[{"href":"https:\/\/smartpuller.com\/es\/wp-json\/wp\/v2\/media?parent=2144"}],"curies":[{"name":"wp","href":"https:\/\/api.w.org\/{rel}","templated":true}]}}