{"id":2141,"date":"2016-01-13T11:18:44","date_gmt":"2016-01-13T09:18:44","guid":{"rendered":"https:\/\/smartpuller.com\/dent-pulling-areas\/"},"modified":"2017-12-19T12:38:49","modified_gmt":"2017-12-19T10:38:49","slug":"areas-de-enderezamiento","status":"publish","type":"page","link":"https:\/\/smartpuller.com\/es\/areas-de-enderezamiento\/","title":{"rendered":"\u00c1reas de Enderezamiento"},"content":{"rendered":"<div id=\"pl-2141\"  class=\"panel-layout\" ><div id=\"pg-2141-0\"  class=\"panel-grid panel-no-style\" ><div id=\"pgc-2141-0-0\"  class=\"panel-grid-cell\" ><div id=\"panel-2141-0-0-0\" class=\"so-panel widget widget_sow-editor panel-first-child panel-last-child\" data-index=\"0\" ><div\n\t\t\t\n\t\t\tclass=\"so-widget-sow-editor so-widget-sow-editor-base\"\n\t\t\t\n\t\t>\n<div class=\"siteorigin-widget-tinymce textwidget\">\n\t<h5>SmartPuller permite enderezar casi todas las a\u00e9reas del veh\u00edculo en todas las direcciones necesarias<\/h5>\n<\/div>\n<\/div><\/div><\/div><\/div><div id=\"pg-2141-1\"  class=\"panel-grid panel-no-style\" ><div id=\"pgc-2141-1-0\"  class=\"panel-grid-cell\" ><div id=\"panel-2141-1-0-0\" class=\"so-panel widget widget_sow-editor panel-first-child panel-last-child\" data-index=\"1\" ><div\n\t\t\t\n\t\t\tclass=\"so-widget-sow-editor so-widget-sow-editor-base\"\n\t\t\t\n\t\t>\n<div class=\"siteorigin-widget-tinymce textwidget\">\n\t<p>Es f\u00e1cil ensamblar a SmartPuller r\u00e1pidamente. Viene con una instrucci\u00f3n impresa y un DVD. Normalmente no se necesita entrenamiento alguno. En caso que tengan preguntas sobre el uso de SmartPuller, favor contacte a su distribuidor \u00f3 a nuestro Servicio al Cliente.<\/p>\n<div class=\"nappilinkki\"><a href=\"\/es\/contacto\/como-comprar\/\">\u00bb COMO COMPRAR<\/a><\/div>\n<p><a href=\"https:\/\/smartpuller.com\/es\/informacion\/manuales\/\">\u00bb Manuales<\/a><\/p>\n<\/div>\n<\/div><\/div><\/div><div id=\"pgc-2141-1-1\"  class=\"panel-grid-cell\" ><div id=\"panel-2141-1-1-0\" class=\"so-panel widget widget_sow-editor panel-first-child panel-last-child\" data-index=\"2\" ><div\n\t\t\t\n\t\t\tclass=\"so-widget-sow-editor so-widget-sow-editor-base\"\n\t\t\t\n\t\t>\n<div class=\"siteorigin-widget-tinymce textwidget\">\n\t<p><a href=\"https:\/\/smartpuller.com\/wp-content\/uploads\/2016\/01\/dent-pulling-areas.png\" rel=\"lightbox\" data-rel=\"lightbox-image-0\" data-rl_title=\"\" data-rl_caption=\"\" title=\"\"><img loading=\"lazy\" decoding=\"async\" class=\"alignnone size-full wp-image-12208\" src=\"https:\/\/smartpuller.com\/wp-content\/uploads\/2016\/01\/dent-pulling-areas.png\" alt=\"\" width=\"700\" height=\"525\" srcset=\"https:\/\/smartpuller.com\/wp-content\/uploads\/2016\/01\/dent-pulling-areas.png 700w, https:\/\/smartpuller.com\/wp-content\/uploads\/2016\/01\/dent-pulling-areas-600x450.png 600w, https:\/\/smartpuller.com\/wp-content\/uploads\/2016\/01\/dent-pulling-areas-300x225.png 300w\" sizes=\"auto, (max-width: 700px) 100vw, 700px\" \/><\/a><\/p>\n<\/div>\n<\/div><\/div><\/div><\/div><\/div>","protected":false},"excerpt":{"rendered":"<p>SmartPuller permite enderezar casi todas las a\u00e9reas del veh\u00edculo en todas las direcciones necesarias Es f\u00e1cil ensamblar a SmartPuller r\u00e1pidamente. Viene con una instrucci\u00f3n impresa y un DVD. Normalmente no se necesita entrenamiento alguno. En caso que tengan preguntas sobre el uso de SmartPuller, favor contacte a su distribuidor \u00f3 a nuestro Servicio al Cliente. [&hellip;]<\/p>\n","protected":false},"author":101,"featured_media":0,"parent":0,"menu_order":20,"comment_status":"closed","ping_status":"closed","template":"page_dent-pulling-page.php","meta":{"_genesis_hide_title":false,"_genesis_hide_breadcrumbs":false,"_genesis_hide_singular_image":false,"_genesis_hide_footer_widgets":false,"_genesis_custom_body_class":"","_genesis_custom_post_class":"","_genesis_layout":"","footnotes":""},"class_list":{"0":"post-2141","1":"page","2":"type-page","3":"status-publish","5":"entry","6":"has-post-thumbnail"},"yoast_head":"<!-- This site is optimized with the Yoast SEO plugin v27.4 - https:\/\/yoast.com\/product\/yoast-seo-wordpress\/ -->\n<title>Dent pulling areas of SmartPuller<\/title>\n<meta name=\"description\" content=\"SmartPuller enables the dent pulling of almost any area throughout the vehicle body in all needed directions.\" \/>\n<meta name=\"robots\" content=\"index, follow, max-snippet:-1, max-image-preview:large, max-video-preview:-1\" \/>\n<link rel=\"canonical\" href=\"https:\/\/smartpuller.com\/es\/areas-de-enderezamiento\/\" \/>\n<meta property=\"og:locale\" content=\"es_ES\" \/>\n<meta property=\"og:type\" content=\"article\" \/>\n<meta property=\"og:title\" content=\"Dent pulling areas of SmartPuller\" \/>\n<meta property=\"og:description\" content=\"SmartPuller enables the dent pulling of almost any area throughout the vehicle body in all needed directions.\" \/>\n<meta property=\"og:url\" content=\"https:\/\/smartpuller.com\/es\/areas-de-enderezamiento\/\" \/>\n<meta property=\"og:site_name\" content=\"SmartPuller\" \/>\n<meta property=\"article:publisher\" content=\"https:\/\/www.facebook.com\/smartpuller\/\" \/>\n<meta property=\"article:modified_time\" content=\"2017-12-19T10:38:49+00:00\" \/>\n<meta property=\"og:image\" content=\"https:\/\/smartpuller.com\/wp-content\/uploads\/2016\/01\/dent-pulling-areas.png\" \/>\n<meta name=\"twitter:card\" content=\"summary_large_image\" \/>\n<script type=\"application\/ld+json\" class=\"yoast-schema-graph\">{\"@context\":\"https:\\\/\\\/schema.org\",\"@graph\":[{\"@type\":\"WebPage\",\"@id\":\"https:\\\/\\\/smartpuller.com\\\/es\\\/areas-de-enderezamiento\\\/\",\"url\":\"https:\\\/\\\/smartpuller.com\\\/es\\\/areas-de-enderezamiento\\\/\",\"name\":\"Dent pulling areas of SmartPuller\",\"isPartOf\":{\"@id\":\"https:\\\/\\\/smartpuller.com\\\/fi\\\/#website\"},\"primaryImageOfPage\":{\"@id\":\"https:\\\/\\\/smartpuller.com\\\/es\\\/areas-de-enderezamiento\\\/#primaryimage\"},\"image\":{\"@id\":\"https:\\\/\\\/smartpuller.com\\\/es\\\/areas-de-enderezamiento\\\/#primaryimage\"},\"thumbnailUrl\":\"https:\\\/\\\/smartpuller.com\\\/wp-content\\\/uploads\\\/2016\\\/01\\\/dent-pulling-areas.png\",\"datePublished\":\"2016-01-13T09:18:44+00:00\",\"dateModified\":\"2017-12-19T10:38:49+00:00\",\"description\":\"SmartPuller enables the dent pulling of almost any area throughout the vehicle body in all needed directions.\",\"breadcrumb\":{\"@id\":\"https:\\\/\\\/smartpuller.com\\\/es\\\/areas-de-enderezamiento\\\/#breadcrumb\"},\"inLanguage\":\"es\",\"potentialAction\":[{\"@type\":\"ReadAction\",\"target\":[\"https:\\\/\\\/smartpuller.com\\\/es\\\/areas-de-enderezamiento\\\/\"]}]},{\"@type\":\"ImageObject\",\"inLanguage\":\"es\",\"@id\":\"https:\\\/\\\/smartpuller.com\\\/es\\\/areas-de-enderezamiento\\\/#primaryimage\",\"url\":\"https:\\\/\\\/smartpuller.com\\\/wp-content\\\/uploads\\\/2016\\\/01\\\/dent-pulling-areas.png\",\"contentUrl\":\"https:\\\/\\\/smartpuller.com\\\/wp-content\\\/uploads\\\/2016\\\/01\\\/dent-pulling-areas.png\"},{\"@type\":\"BreadcrumbList\",\"@id\":\"https:\\\/\\\/smartpuller.com\\\/es\\\/areas-de-enderezamiento\\\/#breadcrumb\",\"itemListElement\":[{\"@type\":\"ListItem\",\"position\":1,\"name\":\"Home\",\"item\":\"https:\\\/\\\/smartpuller.com\\\/es\\\/\"},{\"@type\":\"ListItem\",\"position\":2,\"name\":\"\u00c1reas de Enderezamiento\"}]},{\"@type\":\"WebSite\",\"@id\":\"https:\\\/\\\/smartpuller.com\\\/fi\\\/#website\",\"url\":\"https:\\\/\\\/smartpuller.com\\\/fi\\\/\",\"name\":\"SmartPuller\",\"description\":\"SmartPuller\",\"potentialAction\":[{\"@type\":\"SearchAction\",\"target\":{\"@type\":\"EntryPoint\",\"urlTemplate\":\"https:\\\/\\\/smartpuller.com\\\/fi\\\/?s={search_term_string}\"},\"query-input\":{\"@type\":\"PropertyValueSpecification\",\"valueRequired\":true,\"valueName\":\"search_term_string\"}}],\"inLanguage\":\"es\"}]}<\/script>\n<!-- \/ Yoast SEO plugin. -->","yoast_head_json":{"title":"Dent pulling areas of SmartPuller","description":"SmartPuller enables the dent pulling of almost any area throughout the vehicle body in all needed directions.","robots":{"index":"index","follow":"follow","max-snippet":"max-snippet:-1","max-image-preview":"max-image-preview:large","max-video-preview":"max-video-preview:-1"},"canonical":"https:\/\/smartpuller.com\/es\/areas-de-enderezamiento\/","og_locale":"es_ES","og_type":"article","og_title":"Dent pulling areas of SmartPuller","og_description":"SmartPuller enables the dent pulling of almost any area throughout the vehicle body in all needed directions.","og_url":"https:\/\/smartpuller.com\/es\/areas-de-enderezamiento\/","og_site_name":"SmartPuller","article_publisher":"https:\/\/www.facebook.com\/smartpuller\/","article_modified_time":"2017-12-19T10:38:49+00:00","og_image":[{"url":"https:\/\/smartpuller.com\/wp-content\/uploads\/2016\/01\/dent-pulling-areas.png","type":"","width":"","height":""}],"twitter_card":"summary_large_image","schema":{"@context":"https:\/\/schema.org","@graph":[{"@type":"WebPage","@id":"https:\/\/smartpuller.com\/es\/areas-de-enderezamiento\/","url":"https:\/\/smartpuller.com\/es\/areas-de-enderezamiento\/","name":"Dent pulling areas of SmartPuller","isPartOf":{"@id":"https:\/\/smartpuller.com\/fi\/#website"},"primaryImageOfPage":{"@id":"https:\/\/smartpuller.com\/es\/areas-de-enderezamiento\/#primaryimage"},"image":{"@id":"https:\/\/smartpuller.com\/es\/areas-de-enderezamiento\/#primaryimage"},"thumbnailUrl":"https:\/\/smartpuller.com\/wp-content\/uploads\/2016\/01\/dent-pulling-areas.png","datePublished":"2016-01-13T09:18:44+00:00","dateModified":"2017-12-19T10:38:49+00:00","description":"SmartPuller enables the dent pulling of almost any area throughout the vehicle body in all needed directions.","breadcrumb":{"@id":"https:\/\/smartpuller.com\/es\/areas-de-enderezamiento\/#breadcrumb"},"inLanguage":"es","potentialAction":[{"@type":"ReadAction","target":["https:\/\/smartpuller.com\/es\/areas-de-enderezamiento\/"]}]},{"@type":"ImageObject","inLanguage":"es","@id":"https:\/\/smartpuller.com\/es\/areas-de-enderezamiento\/#primaryimage","url":"https:\/\/smartpuller.com\/wp-content\/uploads\/2016\/01\/dent-pulling-areas.png","contentUrl":"https:\/\/smartpuller.com\/wp-content\/uploads\/2016\/01\/dent-pulling-areas.png"},{"@type":"BreadcrumbList","@id":"https:\/\/smartpuller.com\/es\/areas-de-enderezamiento\/#breadcrumb","itemListElement":[{"@type":"ListItem","position":1,"name":"Home","item":"https:\/\/smartpuller.com\/es\/"},{"@type":"ListItem","position":2,"name":"\u00c1reas de Enderezamiento"}]},{"@type":"WebSite","@id":"https:\/\/smartpuller.com\/fi\/#website","url":"https:\/\/smartpuller.com\/fi\/","name":"SmartPuller","description":"SmartPuller","potentialAction":[{"@type":"SearchAction","target":{"@type":"EntryPoint","urlTemplate":"https:\/\/smartpuller.com\/fi\/?s={search_term_string}"},"query-input":{"@type":"PropertyValueSpecification","valueRequired":true,"valueName":"search_term_string"}}],"inLanguage":"es"}]}},"_links":{"self":[{"href":"https:\/\/smartpuller.com\/es\/wp-json\/wp\/v2\/pages\/2141","targetHints":{"allow":["GET"]}}],"collection":[{"href":"https:\/\/smartpuller.com\/es\/wp-json\/wp\/v2\/pages"}],"about":[{"href":"https:\/\/smartpuller.com\/es\/wp-json\/wp\/v2\/types\/page"}],"author":[{"embeddable":true,"href":"https:\/\/smartpuller.com\/es\/wp-json\/wp\/v2\/users\/101"}],"replies":[{"embeddable":true,"href":"https:\/\/smartpuller.com\/es\/wp-json\/wp\/v2\/comments?post=2141"}],"version-history":[{"count":0,"href":"https:\/\/smartpuller.com\/es\/wp-json\/wp\/v2\/pages\/2141\/revisions"}],"wp:attachment":[{"href":"https:\/\/smartpuller.com\/es\/wp-json\/wp\/v2\/media?parent=2141"}],"curies":[{"name":"wp","href":"https:\/\/api.w.org\/{rel}","templated":true}]}}