{"id":2138,"date":"2016-01-13T11:12:56","date_gmt":"2016-01-13T09:12:56","guid":{"rendered":"https:\/\/smartpuller.com\/smartpuller-dent-pulling-system-entire-vehicle-body\/"},"modified":"2018-01-03T09:34:30","modified_gmt":"2018-01-03T07:34:30","slug":"smartpuller-dent-pulling-system-entire-vehicle-body","status":"publish","type":"page","link":"https:\/\/smartpuller.com\/es\/","title":{"rendered":"SmartPuller extraordinario para enderezar"},"content":{"rendered":"<div class=\"valintaalue_teksti\">\n<h3>\u00c1reas de enderezamiento con SmartPuller:<\/h3>\n<p>&raquo; <a href=\"\/es\/areas-de-enderezamiento\/capo-del-vehiculo\/\" target=\"_blank\" onmouseover=\"valintaalue_piilotus(); document.getElementById('valintaalue_kori_etu_etuosa').style.display='block';\">Cap\u00f3<\/a><br \/>\n&raquo; <a href=\"\/es\/areas-de-enderezamiento\/parte-delantera-del-vehiculo\/\" target=\"_blank\" onmouseover=\"valintaalue_piilotus(); document.getElementById('valintaalue_kori_etu_etupaa').style.display='block';\">Parte delantera<\/a><br \/>\n&raquo; <a href=\"\/es\/areas-de-enderezamiento\/estructuras-tipo-cajon\/\" target=\"_blank\" onmouseover=\"valintaalue_piilotus(); document.getElementById('valintaalue_kori_etu_helmakotelo').style.display='block';\">Estructuras tipo caj\u00f3n<\/a><br \/>\n&raquo; <a href=\"\/es\/areas-de-enderezamiento\/estructuras-laterales\/\" target=\"_blank\" onmouseover=\"valintaalue_piilotus(); document.getElementById('valintaalue_kori_etu_kylki').style.display='block';\">Estructuras laterales<\/a><br \/>\n&raquo; <a href=\"\/es\/areas-de-enderezamiento\/la-parte-trasera-del-vehiculo\/\" target=\"_blank\" onmouseover=\"valintaalue_piilotus(); document.getElementById('valintaalue_kori_taka_takaosa').style.display='block';\">Parte trasera<\/a><br \/>\n&raquo; <a href=\"\/es\/areas-de-enderezamiento\/la-esquina-trasera-y-chapas-laterales-del-vehiculo\/\" target=\"_blank\" onmouseover=\"valintaalue_piilotus(); document.getElementById('valintaalue_kori_taka_takakulma').style.display='block';\">Esquina trasera\/chapas<\/a><br \/>\n&raquo; <a href=\"\/es\/areas-de-enderezamiento\/estructuras-del-techo\/\" target=\"_blank\" onmouseover=\"valintaalue_piilotus(); document.getElementById('valintaalue_kori_taka_katto').style.display='block';\">Estructuras del techo<\/a><br \/>\n&raquo; <a href=\"\/es\/areas-de-enderezamiento\/otros-enderezamientos\/\" target=\"_blank\" onmouseover=\"valintaalue_piilotus(); document.getElementById('valintaalue_kori_dent_pulling').style.display='block';\">Otros enderezamientos<\/a><br \/>\n&raquo; <a href=\"\/es\/areas-de-enderezamiento\/manejo-de-las-puertas\/\" target=\"_blank\" onmouseover=\"valintaalue_piilotus(); document.getElementById('valintaalue_kori_etu_ovi').style.display='block';\">Manejo de puertas<\/a><br \/>\n&raquo; <a href=\"\/es\/areas-de-enderezamiento\/doble-tiro\/\" target=\"_blank\" onmouseover=\"valintaalue_piilotus(); document.getElementById('valintaalue_kori_double_pull').style.display='block';\">Doble tiro<\/a><\/p>\n<\/div>\n<div class=\"valintaalue_kuva\">\n<div id=\"valintaalue_kori_etu_etuosa\" style=\"display: block;\"><a href=\"\/es\/areas-de-enderezamiento\/capo-del-vehiculo\/\" target=\"_blank\"><img decoding=\"async\" class=\"\" src=\"https:\/\/smartpuller.com\/wp-content\/uploads\/2018\/01\/kori_etu_etuosa.jpg\" alt=\"Vehicle front\" \/><\/a><\/div>\n<div id=\"valintaalue_kori_etu_etupaa\" style=\"display: none;\"><a href=\"\/es\/areas-de-enderezamiento\/parte-delantera-del-vehiculo\/\" target=\"_blank\"><img decoding=\"async\" class=\"\" src=\"https:\/\/smartpuller.com\/wp-content\/uploads\/2018\/01\/kori_etu_etupaa.jpg\" alt=\"Vehicle front part\" \/><\/a><\/div>\n<div id=\"valintaalue_kori_etu_helmakotelo\" style=\"display: none;\"><a href=\"\/es\/areas-de-enderezamiento\/estructuras-tipo-cajon\/\" target=\"_blank\"><img decoding=\"async\" class=\"\" src=\"https:\/\/smartpuller.com\/wp-content\/uploads\/2018\/01\/kori_etu_helmakotelo.jpg\" alt=\"Box structures\" \/><\/a><\/div>\n<div id=\"valintaalue_kori_etu_kylki\" style=\"display: none;\"><a href=\"\/es\/areas-de-enderezamiento\/estructuras-laterales\/\" target=\"_blank\"><img decoding=\"async\" class=\"\" src=\"https:\/\/smartpuller.com\/wp-content\/uploads\/2018\/01\/kori_etu_kylki.jpg\" alt=\"Side structures\" \/><\/a><\/div>\n<div id=\"valintaalue_kori_etu_ovi\" style=\"display: none;\"><a href=\"\/es\/areas-de-enderezamiento\/manejo-de-las-puertas\/\" target=\"_blank\"><img decoding=\"async\" class=\"\" src=\"https:\/\/smartpuller.com\/wp-content\/uploads\/2018\/01\/door-handling.jpg\" alt=\"Door handling\" \/><\/a><\/div>\n<div id=\"valintaalue_kori_taka_katto\" style=\"display: none;\"><a href=\"\/es\/areas-de-enderezamiento\/estructuras-del-techo\/\"><img decoding=\"async\" class=\"\" src=\"https:\/\/smartpuller.com\/wp-content\/uploads\/2018\/01\/kori_taka_katto.jpg\" alt=\"Roof structures\" \/><\/a><\/div>\n<div id=\"valintaalue_kori_taka_takakulma\" style=\"display: none;\"><a href=\"\/es\/areas-de-enderezamiento\/la-esquina-trasera-y-chapas-laterales-del-vehiculo\/\" target=\"_blank\"><img decoding=\"async\" class=\"\" src=\"https:\/\/smartpuller.com\/wp-content\/uploads\/2018\/01\/kori_taka_takakulma.jpg\" alt=\"Vehicle rear corner\" \/><\/a><\/div>\n<div id=\"valintaalue_kori_taka_takaosa\" style=\"display: none;\"><a href=\"\/es\/areas-de-enderezamiento\/la-parte-trasera-del-vehiculo\/\" target=\"_blank\"><img decoding=\"async\" class=\"\" src=\"https:\/\/smartpuller.com\/wp-content\/uploads\/2018\/01\/kori_taka_takaosa.jpg\" alt=\"Vehicle rear end\" \/><\/a><\/div>\n<div id=\"valintaalue_kori_dent_pulling\" style=\"display: none;\"><a href=\"\/es\/areas-de-enderezamiento\/otros-enderezamientos\/\" target=\"_blank\"><img decoding=\"async\" class=\"\" src=\"https:\/\/smartpuller.com\/wp-content\/uploads\/2018\/01\/dent-pulling-1.jpg\" alt=\"Dent pulling\" \/><\/a><\/div>\n<div id=\"valintaalue_kori_double_pull\" style=\"display: none;\"><a href=\"\/es\/areas-de-enderezamiento\/doble-tiro\/\" target=\"_blank\"><img decoding=\"async\" class=\"\" src=\"https:\/\/smartpuller.com\/wp-content\/uploads\/2018\/01\/double-pull-1.jpg\" alt=\"Double pull\" \/><\/a><\/div>\n<div style=\"clear: both;\"><\/div>\n<\/div>\n","protected":false},"excerpt":{"rendered":"<p>\u00c1reas de enderezamiento con SmartPuller: &raquo; Cap\u00f3 &raquo; Parte delantera &raquo; Estructuras tipo caj\u00f3n &raquo; Estructuras laterales &raquo; Parte trasera &raquo; Esquina trasera\/chapas &raquo; Estructuras del techo &raquo; Otros enderezamientos &raquo; Manejo de puertas &raquo; Doble tiro<\/p>\n","protected":false},"author":101,"featured_media":0,"parent":0,"menu_order":10,"comment_status":"closed","ping_status":"closed","template":"","meta":{"_genesis_hide_title":false,"_genesis_hide_breadcrumbs":false,"_genesis_hide_singular_image":false,"_genesis_hide_footer_widgets":false,"_genesis_custom_body_class":"","_genesis_custom_post_class":"","_genesis_layout":"","footnotes":""},"class_list":{"0":"post-2138","1":"page","2":"type-page","3":"status-publish","5":"entry","6":"has-post-thumbnail"},"yoast_head":"<!-- This site is optimized with the Yoast SEO plugin v27.4 - https:\/\/yoast.com\/product\/yoast-seo-wordpress\/ -->\n<title>SmartPuller is a quick, multifunctional and easy to use dent pulling system.<\/title>\n<meta name=\"description\" content=\"The new car dent pulling innovation SmartPuller makes the straightening of vehicle panels and box structures faster and more economical.\" \/>\n<meta name=\"robots\" content=\"index, follow, max-snippet:-1, max-image-preview:large, max-video-preview:-1\" \/>\n<link rel=\"canonical\" href=\"https:\/\/smartpuller.com\/es\/\" \/>\n<meta property=\"og:locale\" content=\"es_ES\" \/>\n<meta property=\"og:type\" content=\"article\" \/>\n<meta property=\"og:title\" content=\"SmartPuller is a quick, multifunctional and easy to use dent pulling system.\" \/>\n<meta property=\"og:description\" content=\"The new car dent pulling innovation SmartPuller makes the straightening of vehicle panels and box structures faster and more economical.\" \/>\n<meta property=\"og:url\" content=\"https:\/\/smartpuller.com\/es\/\" \/>\n<meta property=\"og:site_name\" content=\"SmartPuller\" \/>\n<meta property=\"article:publisher\" content=\"https:\/\/www.facebook.com\/smartpuller\/\" \/>\n<meta property=\"article:modified_time\" content=\"2018-01-03T07:34:30+00:00\" \/>\n<meta property=\"og:image\" content=\"https:\/\/smartpuller.com\/wp-content\/uploads\/2018\/01\/kori_etu_etuosa.jpg\" \/>\n<meta name=\"twitter:card\" content=\"summary_large_image\" \/>\n<script type=\"application\/ld+json\" class=\"yoast-schema-graph\">{\"@context\":\"https:\\\/\\\/schema.org\",\"@graph\":[{\"@type\":\"WebPage\",\"@id\":\"https:\\\/\\\/smartpuller.com\\\/es\\\/\",\"url\":\"https:\\\/\\\/smartpuller.com\\\/es\\\/\",\"name\":\"SmartPuller is a quick, multifunctional and easy to use dent pulling system.\",\"isPartOf\":{\"@id\":\"https:\\\/\\\/smartpuller.com\\\/fi\\\/#website\"},\"primaryImageOfPage\":{\"@id\":\"https:\\\/\\\/smartpuller.com\\\/es\\\/#primaryimage\"},\"image\":{\"@id\":\"https:\\\/\\\/smartpuller.com\\\/es\\\/#primaryimage\"},\"thumbnailUrl\":\"https:\\\/\\\/smartpuller.com\\\/wp-content\\\/uploads\\\/2018\\\/01\\\/kori_etu_etuosa.jpg\",\"datePublished\":\"2016-01-13T09:12:56+00:00\",\"dateModified\":\"2018-01-03T07:34:30+00:00\",\"description\":\"The new car dent pulling innovation SmartPuller makes the straightening of vehicle panels and box structures faster and more economical.\",\"breadcrumb\":{\"@id\":\"https:\\\/\\\/smartpuller.com\\\/es\\\/#breadcrumb\"},\"inLanguage\":\"es\",\"potentialAction\":[{\"@type\":\"ReadAction\",\"target\":[\"https:\\\/\\\/smartpuller.com\\\/es\\\/\"]}]},{\"@type\":\"ImageObject\",\"inLanguage\":\"es\",\"@id\":\"https:\\\/\\\/smartpuller.com\\\/es\\\/#primaryimage\",\"url\":\"https:\\\/\\\/smartpuller.com\\\/wp-content\\\/uploads\\\/2018\\\/01\\\/kori_etu_etuosa.jpg\",\"contentUrl\":\"https:\\\/\\\/smartpuller.com\\\/wp-content\\\/uploads\\\/2018\\\/01\\\/kori_etu_etuosa.jpg\"},{\"@type\":\"BreadcrumbList\",\"@id\":\"https:\\\/\\\/smartpuller.com\\\/es\\\/#breadcrumb\",\"itemListElement\":[{\"@type\":\"ListItem\",\"position\":1,\"name\":\"Home\",\"item\":\"https:\\\/\\\/smartpuller.com\\\/es\\\/\"},{\"@type\":\"ListItem\",\"position\":2,\"name\":\"SmartPuller extraordinario para enderezar\"}]},{\"@type\":\"WebSite\",\"@id\":\"https:\\\/\\\/smartpuller.com\\\/fi\\\/#website\",\"url\":\"https:\\\/\\\/smartpuller.com\\\/fi\\\/\",\"name\":\"SmartPuller\",\"description\":\"SmartPuller\",\"potentialAction\":[{\"@type\":\"SearchAction\",\"target\":{\"@type\":\"EntryPoint\",\"urlTemplate\":\"https:\\\/\\\/smartpuller.com\\\/fi\\\/?s={search_term_string}\"},\"query-input\":{\"@type\":\"PropertyValueSpecification\",\"valueRequired\":true,\"valueName\":\"search_term_string\"}}],\"inLanguage\":\"es\"}]}<\/script>\n<!-- \/ Yoast SEO plugin. -->","yoast_head_json":{"title":"SmartPuller is a quick, multifunctional and easy to use dent pulling system.","description":"The new car dent pulling innovation SmartPuller makes the straightening of vehicle panels and box structures faster and more economical.","robots":{"index":"index","follow":"follow","max-snippet":"max-snippet:-1","max-image-preview":"max-image-preview:large","max-video-preview":"max-video-preview:-1"},"canonical":"https:\/\/smartpuller.com\/es\/","og_locale":"es_ES","og_type":"article","og_title":"SmartPuller is a quick, multifunctional and easy to use dent pulling system.","og_description":"The new car dent pulling innovation SmartPuller makes the straightening of vehicle panels and box structures faster and more economical.","og_url":"https:\/\/smartpuller.com\/es\/","og_site_name":"SmartPuller","article_publisher":"https:\/\/www.facebook.com\/smartpuller\/","article_modified_time":"2018-01-03T07:34:30+00:00","og_image":[{"url":"https:\/\/smartpuller.com\/wp-content\/uploads\/2018\/01\/kori_etu_etuosa.jpg","type":"","width":"","height":""}],"twitter_card":"summary_large_image","schema":{"@context":"https:\/\/schema.org","@graph":[{"@type":"WebPage","@id":"https:\/\/smartpuller.com\/es\/","url":"https:\/\/smartpuller.com\/es\/","name":"SmartPuller is a quick, multifunctional and easy to use dent pulling system.","isPartOf":{"@id":"https:\/\/smartpuller.com\/fi\/#website"},"primaryImageOfPage":{"@id":"https:\/\/smartpuller.com\/es\/#primaryimage"},"image":{"@id":"https:\/\/smartpuller.com\/es\/#primaryimage"},"thumbnailUrl":"https:\/\/smartpuller.com\/wp-content\/uploads\/2018\/01\/kori_etu_etuosa.jpg","datePublished":"2016-01-13T09:12:56+00:00","dateModified":"2018-01-03T07:34:30+00:00","description":"The new car dent pulling innovation SmartPuller makes the straightening of vehicle panels and box structures faster and more economical.","breadcrumb":{"@id":"https:\/\/smartpuller.com\/es\/#breadcrumb"},"inLanguage":"es","potentialAction":[{"@type":"ReadAction","target":["https:\/\/smartpuller.com\/es\/"]}]},{"@type":"ImageObject","inLanguage":"es","@id":"https:\/\/smartpuller.com\/es\/#primaryimage","url":"https:\/\/smartpuller.com\/wp-content\/uploads\/2018\/01\/kori_etu_etuosa.jpg","contentUrl":"https:\/\/smartpuller.com\/wp-content\/uploads\/2018\/01\/kori_etu_etuosa.jpg"},{"@type":"BreadcrumbList","@id":"https:\/\/smartpuller.com\/es\/#breadcrumb","itemListElement":[{"@type":"ListItem","position":1,"name":"Home","item":"https:\/\/smartpuller.com\/es\/"},{"@type":"ListItem","position":2,"name":"SmartPuller extraordinario para enderezar"}]},{"@type":"WebSite","@id":"https:\/\/smartpuller.com\/fi\/#website","url":"https:\/\/smartpuller.com\/fi\/","name":"SmartPuller","description":"SmartPuller","potentialAction":[{"@type":"SearchAction","target":{"@type":"EntryPoint","urlTemplate":"https:\/\/smartpuller.com\/fi\/?s={search_term_string}"},"query-input":{"@type":"PropertyValueSpecification","valueRequired":true,"valueName":"search_term_string"}}],"inLanguage":"es"}]}},"_links":{"self":[{"href":"https:\/\/smartpuller.com\/es\/wp-json\/wp\/v2\/pages\/2138","targetHints":{"allow":["GET"]}}],"collection":[{"href":"https:\/\/smartpuller.com\/es\/wp-json\/wp\/v2\/pages"}],"about":[{"href":"https:\/\/smartpuller.com\/es\/wp-json\/wp\/v2\/types\/page"}],"author":[{"embeddable":true,"href":"https:\/\/smartpuller.com\/es\/wp-json\/wp\/v2\/users\/101"}],"replies":[{"embeddable":true,"href":"https:\/\/smartpuller.com\/es\/wp-json\/wp\/v2\/comments?post=2138"}],"version-history":[{"count":0,"href":"https:\/\/smartpuller.com\/es\/wp-json\/wp\/v2\/pages\/2138\/revisions"}],"wp:attachment":[{"href":"https:\/\/smartpuller.com\/es\/wp-json\/wp\/v2\/media?parent=2138"}],"curies":[{"name":"wp","href":"https:\/\/api.w.org\/{rel}","templated":true}]}}