{"id":12911,"date":"2017-12-12T11:17:56","date_gmt":"2017-12-12T09:17:56","guid":{"rendered":"https:\/\/smartpuller.com\/advantages\/"},"modified":"2018-02-22T13:05:28","modified_gmt":"2018-02-22T11:05:28","slug":"las-ventajas","status":"publish","type":"page","link":"https:\/\/smartpuller.com\/es\/las-ventajas\/","title":{"rendered":"Las Ventajas"},"content":{"rendered":"<div id=\"pl-12911\"  class=\"panel-layout\" ><div id=\"pg-12911-0\"  class=\"panel-grid panel-no-style\" ><div id=\"pgc-12911-0-0\"  class=\"panel-grid-cell\" ><div id=\"panel-12911-0-0-0\" class=\"so-panel widget widget_sow-editor panel-first-child panel-last-child\" data-index=\"0\" ><div\n\t\t\t\n\t\t\tclass=\"so-widget-sow-editor so-widget-sow-editor-base\"\n\t\t\t\n\t\t>\n<div class=\"siteorigin-widget-tinymce textwidget\">\n\t<p>SmartPuller tiene ruedas y es f\u00e1cil de mover en cualquier momento a los lados del veh\u00edculo donde haya que ejecutar enderezamientos.<\/p>\n<\/div>\n<\/div><\/div><\/div><\/div><div id=\"pg-12911-1\"  class=\"panel-grid panel-no-style\" ><div id=\"pgc-12911-1-0\"  class=\"panel-grid-cell\" ><div id=\"panel-12911-1-0-0\" class=\"so-panel widget widget_sow-editor panel-first-child panel-last-child\" data-index=\"1\" ><div\n\t\t\t\n\t\t\tclass=\"so-widget-sow-editor so-widget-sow-editor-base\"\n\t\t\t\n\t\t>\n<div class=\"siteorigin-widget-tinymce textwidget\">\n\t<ul class=\"advantages\">\n<li class=\"advantage\">\nSiempre listo para usar\n<\/li>\n<li class=\"advantage\">\nF\u00e1cil de usar\n<\/li>\n<li class=\"advantage\">\nTraslado muy \u00e1gil de un sitio al otro\n<\/li>\n<li class=\"advantage\">\nAutosostenible dejando las manos libres\n<\/li>\n<li class=\"advantage\">\nCreaci\u00f3n r\u00e1pida de contrapesos tanto laterales como de arriba y abajo\n<\/li>\n<li class=\"advantage\">\nSelecci\u00f3n de la direcci\u00f3n del tiro casi sin escalas\n<\/li>\n<li class=\"advantage\">\nFuerza suficiente para enderezar chapas del veh\u00edculo\n<\/li>\n<li class=\"advantage\">\nAjustes y fijaciones r\u00e1pidas\n<\/li>\n<\/ul>\n<\/div>\n<\/div><\/div><\/div><div id=\"pgc-12911-1-1\"  class=\"panel-grid-cell\" ><div id=\"panel-12911-1-1-0\" class=\"so-panel widget widget_sow-editor panel-first-child panel-last-child\" data-index=\"2\" ><div\n\t\t\t\n\t\t\tclass=\"so-widget-sow-editor so-widget-sow-editor-base\"\n\t\t\t\n\t\t>\n<div class=\"siteorigin-widget-tinymce textwidget\">\n\t<p><a href=\"https:\/\/smartpuller.com\/wp-content\/uploads\/2016\/01\/dent-pulling-rear-corner_picture1.jpg\" rel=\"lightbox\" data-rel=\"lightbox-image-0\" data-rl_title=\"\" data-rl_caption=\"\" title=\"\"><img loading=\"lazy\" decoding=\"async\" class=\"alignnone wp-image-510 size-full\" src=\"https:\/\/smartpuller.com\/wp-content\/uploads\/2016\/01\/dent-pulling-rear-corner_picture1.jpg\" alt=\"Dent pulling of vehicle rear corner\" width=\"750\" height=\"1000\" srcset=\"https:\/\/smartpuller.com\/wp-content\/uploads\/2016\/01\/dent-pulling-rear-corner_picture1.jpg 750w, https:\/\/smartpuller.com\/wp-content\/uploads\/2016\/01\/dent-pulling-rear-corner_picture1-300x400.jpg 300w, https:\/\/smartpuller.com\/wp-content\/uploads\/2016\/01\/dent-pulling-rear-corner_picture1-600x800.jpg 600w, https:\/\/smartpuller.com\/wp-content\/uploads\/2016\/01\/dent-pulling-rear-corner_picture1-225x300.jpg 225w\" sizes=\"auto, (max-width: 750px) 100vw, 750px\" \/><\/a><\/p>\n<\/div>\n<\/div><\/div><\/div><\/div><div id=\"pg-12911-2\"  class=\"panel-grid panel-no-style\" ><div id=\"pgc-12911-2-0\"  class=\"panel-grid-cell\" ><div id=\"panel-12911-2-0-0\" class=\"so-panel widget widget_sow-editor panel-first-child panel-last-child\" data-index=\"3\" ><div\n\t\t\t\n\t\t\tclass=\"so-widget-sow-editor so-widget-sow-editor-base\"\n\t\t\t\n\t\t>\n<div class=\"siteorigin-widget-tinymce textwidget\">\n\t<div id='gallery-1' class='gallery galleryid-12911 gallery-columns-3 gallery-size-medium'><figure class='gallery-item'>\n\t\t\t<div class='gallery-icon landscape'>\n\t\t\t\t<a href='https:\/\/smartpuller.com\/wp-content\/uploads\/2016\/03\/dent-pulling.jpg' title=\"\" data-rl_title=\"\" class=\"rl-gallery-link\" data-rl_caption=\"\" data-rel=\"lightbox-gallery-1\"><img loading=\"lazy\" decoding=\"async\" width=\"300\" height=\"225\" src=\"https:\/\/smartpuller.com\/wp-content\/uploads\/2016\/03\/dent-pulling.jpg\" class=\"attachment-medium size-medium\" alt=\"\" srcset=\"https:\/\/smartpuller.com\/wp-content\/uploads\/2016\/03\/dent-pulling.jpg 800w, https:\/\/smartpuller.com\/wp-content\/uploads\/2016\/03\/dent-pulling-600x450.jpg 600w\" sizes=\"auto, (max-width: 300px) 100vw, 300px\" \/><\/a>\n\t\t\t<\/div><\/figure><figure class='gallery-item'>\n\t\t\t<div class='gallery-icon landscape'>\n\t\t\t\t<a href='https:\/\/smartpuller.com\/wp-content\/uploads\/2017\/12\/smartpuller-dent-puller-front-part.jpg' title=\"\" data-rl_title=\"\" class=\"rl-gallery-link\" data-rl_caption=\"\" data-rel=\"lightbox-gallery-1\"><img loading=\"lazy\" decoding=\"async\" width=\"300\" height=\"219\" src=\"https:\/\/smartpuller.com\/wp-content\/uploads\/2017\/12\/smartpuller-dent-puller-front-part.jpg\" class=\"attachment-medium size-medium\" alt=\"\" srcset=\"https:\/\/smartpuller.com\/wp-content\/uploads\/2017\/12\/smartpuller-dent-puller-front-part.jpg 1000w, https:\/\/smartpuller.com\/wp-content\/uploads\/2017\/12\/smartpuller-dent-puller-front-part-600x438.jpg 600w\" sizes=\"auto, (max-width: 300px) 100vw, 300px\" \/><\/a>\n\t\t\t<\/div><\/figure><figure class='gallery-item'>\n\t\t\t<div class='gallery-icon landscape'>\n\t\t\t\t<a href='https:\/\/smartpuller.com\/wp-content\/uploads\/2016\/02\/Dent-pulling-box-structures-picture3_hires.jpg' title=\"\" data-rl_title=\"\" class=\"rl-gallery-link\" data-rl_caption=\"\" data-rel=\"lightbox-gallery-1\"><img loading=\"lazy\" decoding=\"async\" width=\"300\" height=\"220\" src=\"https:\/\/smartpuller.com\/wp-content\/uploads\/2016\/02\/Dent-pulling-box-structures-picture3_hires.jpg\" class=\"attachment-medium size-medium\" alt=\"\" srcset=\"https:\/\/smartpuller.com\/wp-content\/uploads\/2016\/02\/Dent-pulling-box-structures-picture3_hires.jpg 1000w, https:\/\/smartpuller.com\/wp-content\/uploads\/2016\/02\/Dent-pulling-box-structures-picture3_hires-600x439.jpg 600w\" sizes=\"auto, (max-width: 300px) 100vw, 300px\" \/><\/a>\n\t\t\t<\/div><\/figure>\n\t\t<\/div>\n\n<\/div>\n<\/div><\/div><\/div><\/div><\/div>","protected":false},"excerpt":{"rendered":"<p>SmartPuller tiene ruedas y es f\u00e1cil de mover en cualquier momento a los lados del veh\u00edculo donde haya que ejecutar enderezamientos. Siempre listo para usar F\u00e1cil de usar Traslado muy \u00e1gil de un sitio al otro Autosostenible dejando las manos libres Creaci\u00f3n r\u00e1pida de contrapesos tanto laterales como de arriba y abajo Selecci\u00f3n de la [&hellip;]<\/p>\n","protected":false},"author":101,"featured_media":0,"parent":0,"menu_order":0,"comment_status":"closed","ping_status":"closed","template":"","meta":{"_genesis_hide_title":false,"_genesis_hide_breadcrumbs":false,"_genesis_hide_singular_image":false,"_genesis_hide_footer_widgets":false,"_genesis_custom_body_class":"","_genesis_custom_post_class":"","_genesis_layout":"","footnotes":""},"class_list":{"0":"post-12911","1":"page","2":"type-page","3":"status-publish","5":"entry","6":"has-post-thumbnail"},"yoast_head":"<!-- This site is optimized with the Yoast SEO plugin v27.4 - https:\/\/yoast.com\/product\/yoast-seo-wordpress\/ -->\n<title>Las Ventajas<\/title>\n<meta name=\"description\" content=\"SmartPuller tiene ruedas y es f\u00e1cil de mover en cualquier momento a los lados del veh\u00edculo donde haya que ejecutar enderezamientos. Siempre listo para\" \/>\n<meta name=\"robots\" content=\"index, follow, max-snippet:-1, max-image-preview:large, max-video-preview:-1\" \/>\n<link rel=\"canonical\" href=\"https:\/\/smartpuller.com\/es\/las-ventajas\/\" \/>\n<meta property=\"og:locale\" content=\"es_ES\" \/>\n<meta property=\"og:type\" content=\"article\" \/>\n<meta property=\"og:title\" content=\"Las Ventajas\" \/>\n<meta property=\"og:description\" content=\"SmartPuller tiene ruedas y es f\u00e1cil de mover en cualquier momento a los lados del veh\u00edculo donde haya que ejecutar enderezamientos. Siempre listo para\" \/>\n<meta property=\"og:url\" content=\"https:\/\/smartpuller.com\/es\/las-ventajas\/\" \/>\n<meta property=\"og:site_name\" content=\"SmartPuller\" \/>\n<meta property=\"article:publisher\" content=\"https:\/\/www.facebook.com\/smartpuller\/\" \/>\n<meta property=\"article:modified_time\" content=\"2018-02-22T11:05:28+00:00\" \/>\n<meta property=\"og:image\" content=\"https:\/\/smartpuller.com\/wp-content\/uploads\/2016\/03\/dent-pulling.jpg\" \/>\n<meta name=\"twitter:card\" content=\"summary_large_image\" \/>\n<script type=\"application\/ld+json\" class=\"yoast-schema-graph\">{\"@context\":\"https:\\\/\\\/schema.org\",\"@graph\":[{\"@type\":\"WebPage\",\"@id\":\"https:\\\/\\\/smartpuller.com\\\/es\\\/las-ventajas\\\/\",\"url\":\"https:\\\/\\\/smartpuller.com\\\/es\\\/las-ventajas\\\/\",\"name\":\"Las Ventajas\",\"isPartOf\":{\"@id\":\"https:\\\/\\\/smartpuller.com\\\/fi\\\/#website\"},\"primaryImageOfPage\":{\"@id\":\"https:\\\/\\\/smartpuller.com\\\/es\\\/las-ventajas\\\/#primaryimage\"},\"image\":{\"@id\":\"https:\\\/\\\/smartpuller.com\\\/es\\\/las-ventajas\\\/#primaryimage\"},\"thumbnailUrl\":\"https:\\\/\\\/smartpuller.com\\\/wp-content\\\/uploads\\\/2016\\\/01\\\/dent-pulling-rear-corner_picture1.jpg\",\"datePublished\":\"2017-12-12T09:17:56+00:00\",\"dateModified\":\"2018-02-22T11:05:28+00:00\",\"description\":\"SmartPuller tiene ruedas y es f\u00e1cil de mover en cualquier momento a los lados del veh\u00edculo donde haya que ejecutar enderezamientos. Siempre listo para\",\"breadcrumb\":{\"@id\":\"https:\\\/\\\/smartpuller.com\\\/es\\\/las-ventajas\\\/#breadcrumb\"},\"inLanguage\":\"es\",\"potentialAction\":[{\"@type\":\"ReadAction\",\"target\":[\"https:\\\/\\\/smartpuller.com\\\/es\\\/las-ventajas\\\/\"]}]},{\"@type\":\"ImageObject\",\"inLanguage\":\"es\",\"@id\":\"https:\\\/\\\/smartpuller.com\\\/es\\\/las-ventajas\\\/#primaryimage\",\"url\":\"https:\\\/\\\/smartpuller.com\\\/wp-content\\\/uploads\\\/2016\\\/01\\\/dent-pulling-rear-corner_picture1.jpg\",\"contentUrl\":\"https:\\\/\\\/smartpuller.com\\\/wp-content\\\/uploads\\\/2016\\\/01\\\/dent-pulling-rear-corner_picture1.jpg\"},{\"@type\":\"BreadcrumbList\",\"@id\":\"https:\\\/\\\/smartpuller.com\\\/es\\\/las-ventajas\\\/#breadcrumb\",\"itemListElement\":[{\"@type\":\"ListItem\",\"position\":1,\"name\":\"Home\",\"item\":\"https:\\\/\\\/smartpuller.com\\\/es\\\/\"},{\"@type\":\"ListItem\",\"position\":2,\"name\":\"Las Ventajas\"}]},{\"@type\":\"WebSite\",\"@id\":\"https:\\\/\\\/smartpuller.com\\\/fi\\\/#website\",\"url\":\"https:\\\/\\\/smartpuller.com\\\/fi\\\/\",\"name\":\"SmartPuller\",\"description\":\"SmartPuller\",\"potentialAction\":[{\"@type\":\"SearchAction\",\"target\":{\"@type\":\"EntryPoint\",\"urlTemplate\":\"https:\\\/\\\/smartpuller.com\\\/fi\\\/?s={search_term_string}\"},\"query-input\":{\"@type\":\"PropertyValueSpecification\",\"valueRequired\":true,\"valueName\":\"search_term_string\"}}],\"inLanguage\":\"es\"}]}<\/script>\n<!-- \/ Yoast SEO plugin. -->","yoast_head_json":{"title":"Las Ventajas","description":"SmartPuller tiene ruedas y es f\u00e1cil de mover en cualquier momento a los lados del veh\u00edculo donde haya que ejecutar enderezamientos. Siempre listo para","robots":{"index":"index","follow":"follow","max-snippet":"max-snippet:-1","max-image-preview":"max-image-preview:large","max-video-preview":"max-video-preview:-1"},"canonical":"https:\/\/smartpuller.com\/es\/las-ventajas\/","og_locale":"es_ES","og_type":"article","og_title":"Las Ventajas","og_description":"SmartPuller tiene ruedas y es f\u00e1cil de mover en cualquier momento a los lados del veh\u00edculo donde haya que ejecutar enderezamientos. Siempre listo para","og_url":"https:\/\/smartpuller.com\/es\/las-ventajas\/","og_site_name":"SmartPuller","article_publisher":"https:\/\/www.facebook.com\/smartpuller\/","article_modified_time":"2018-02-22T11:05:28+00:00","og_image":[{"url":"https:\/\/smartpuller.com\/wp-content\/uploads\/2016\/03\/dent-pulling.jpg","type":"","width":"","height":""}],"twitter_card":"summary_large_image","schema":{"@context":"https:\/\/schema.org","@graph":[{"@type":"WebPage","@id":"https:\/\/smartpuller.com\/es\/las-ventajas\/","url":"https:\/\/smartpuller.com\/es\/las-ventajas\/","name":"Las Ventajas","isPartOf":{"@id":"https:\/\/smartpuller.com\/fi\/#website"},"primaryImageOfPage":{"@id":"https:\/\/smartpuller.com\/es\/las-ventajas\/#primaryimage"},"image":{"@id":"https:\/\/smartpuller.com\/es\/las-ventajas\/#primaryimage"},"thumbnailUrl":"https:\/\/smartpuller.com\/wp-content\/uploads\/2016\/01\/dent-pulling-rear-corner_picture1.jpg","datePublished":"2017-12-12T09:17:56+00:00","dateModified":"2018-02-22T11:05:28+00:00","description":"SmartPuller tiene ruedas y es f\u00e1cil de mover en cualquier momento a los lados del veh\u00edculo donde haya que ejecutar enderezamientos. Siempre listo para","breadcrumb":{"@id":"https:\/\/smartpuller.com\/es\/las-ventajas\/#breadcrumb"},"inLanguage":"es","potentialAction":[{"@type":"ReadAction","target":["https:\/\/smartpuller.com\/es\/las-ventajas\/"]}]},{"@type":"ImageObject","inLanguage":"es","@id":"https:\/\/smartpuller.com\/es\/las-ventajas\/#primaryimage","url":"https:\/\/smartpuller.com\/wp-content\/uploads\/2016\/01\/dent-pulling-rear-corner_picture1.jpg","contentUrl":"https:\/\/smartpuller.com\/wp-content\/uploads\/2016\/01\/dent-pulling-rear-corner_picture1.jpg"},{"@type":"BreadcrumbList","@id":"https:\/\/smartpuller.com\/es\/las-ventajas\/#breadcrumb","itemListElement":[{"@type":"ListItem","position":1,"name":"Home","item":"https:\/\/smartpuller.com\/es\/"},{"@type":"ListItem","position":2,"name":"Las Ventajas"}]},{"@type":"WebSite","@id":"https:\/\/smartpuller.com\/fi\/#website","url":"https:\/\/smartpuller.com\/fi\/","name":"SmartPuller","description":"SmartPuller","potentialAction":[{"@type":"SearchAction","target":{"@type":"EntryPoint","urlTemplate":"https:\/\/smartpuller.com\/fi\/?s={search_term_string}"},"query-input":{"@type":"PropertyValueSpecification","valueRequired":true,"valueName":"search_term_string"}}],"inLanguage":"es"}]}},"_links":{"self":[{"href":"https:\/\/smartpuller.com\/es\/wp-json\/wp\/v2\/pages\/12911","targetHints":{"allow":["GET"]}}],"collection":[{"href":"https:\/\/smartpuller.com\/es\/wp-json\/wp\/v2\/pages"}],"about":[{"href":"https:\/\/smartpuller.com\/es\/wp-json\/wp\/v2\/types\/page"}],"author":[{"embeddable":true,"href":"https:\/\/smartpuller.com\/es\/wp-json\/wp\/v2\/users\/101"}],"replies":[{"embeddable":true,"href":"https:\/\/smartpuller.com\/es\/wp-json\/wp\/v2\/comments?post=12911"}],"version-history":[{"count":0,"href":"https:\/\/smartpuller.com\/es\/wp-json\/wp\/v2\/pages\/12911\/revisions"}],"wp:attachment":[{"href":"https:\/\/smartpuller.com\/es\/wp-json\/wp\/v2\/media?parent=12911"}],"curies":[{"name":"wp","href":"https:\/\/api.w.org\/{rel}","templated":true}]}}